{"id":1219,"date":"2025-05-05T07:31:56","date_gmt":"2025-05-05T07:31:56","guid":{"rendered":"https:\/\/nhapupwe.creativeplusplus.com\/values-vision\/"},"modified":"2025-09-22T10:35:08","modified_gmt":"2025-09-22T10:35:08","slug":"values-vision","status":"publish","type":"page","link":"https:\/\/nhapupwe.creativeplusplus.com\/pt-pt\/values-vision\/","title":{"rendered":"Valores e Visao"},"content":{"rendered":"<div class=\"wpb-content-wrapper\"><p>[vc_row row_height_percent=&#8221;50&#8243; override_padding=&#8221;yes&#8221; h_padding=&#8221;2&#8243; top_padding=&#8221;5&#8243; bottom_padding=&#8221;5&#8243; back_image=&#8221;67&#8243; parallax=&#8221;yes&#8221; overlay_alpha=&#8221;96&#8243; gutter_size=&#8221;4&#8243; column_width_percent=&#8221;100&#8243; shift_y=&#8221;0&#8243; z_index=&#8221;0&#8243; bottom_divider=&#8221;step&#8221; content_parallax=&#8221;0&#8243; uncode_shortcode_id=&#8221;551275&#8243; row_height_pixel=&#8221;200px&#8221;][vc_column column_width_percent=&#8221;100&#8243; position_vertical=&#8221;middle&#8221; gutter_size=&#8221;2&#8243; style=&#8221;dark&#8221; overlay_alpha=&#8221;50&#8243; shift_x=&#8221;0&#8243; shift_y=&#8221;0&#8243; shift_y_down=&#8221;0&#8243; z_index=&#8221;0&#8243; medium_width=&#8221;0&#8243; mobile_width=&#8221;0&#8243; width=&#8221;1\/1&#8243; uncode_shortcode_id=&#8221;801516&#8243;][\/vc_column][\/vc_row][vc_row row_height_percent=&#8221;0&#8243; override_padding=&#8221;yes&#8221; h_padding=&#8221;2&#8243; top_padding=&#8221;2&#8243; bottom_padding=&#8221;2&#8243; overlay_alpha=&#8221;96&#8243; gutter_size=&#8221;4&#8243; column_width_percent=&#8221;100&#8243; shift_y=&#8221;0&#8243; z_index=&#8221;0&#8243; content_parallax=&#8221;0&#8243; uncode_shortcode_id=&#8221;266352&#8243;][vc_column column_width_percent=&#8221;100&#8243; gutter_size=&#8221;2&#8243; overlay_alpha=&#8221;50&#8243; shift_x=&#8221;0&#8243; shift_y=&#8221;0&#8243; shift_y_down=&#8221;0&#8243; z_index=&#8221;0&#8243; medium_width=&#8221;0&#8243; mobile_width=&#8221;0&#8243; width=&#8221;4\/12&#8243; uncode_shortcode_id=&#8221;867129&#8243;][vc_custom_heading heading_semantic=&#8221;h1&#8243; text_size=&#8221;h1&#8243; uncode_shortcode_id=&#8221;231731&#8243;]Valores e Visao[\/vc_custom_heading][vc_separator sep_color=&#8221;yellow-nhapupwe&#8221; icon=&#8221;fa fa-eye2&#8243; icon_position=&#8221;left&#8221; type=&#8221;dotted&#8221; full_width=&#8221;yes&#8221; uncode_shortcode_id=&#8221;138610&#8243; sep_color_type=&#8221;uncode-palette&#8221; el_height=&#8221;10px&#8221;][\/vc_column][vc_column width=&#8221;8\/12&#8243;][vc_custom_heading heading_semantic=&#8221;div&#8221; text_size=&#8221;h3&#8243; uncode_shortcode_id=&#8221;172333&#8243;]A Nhap\u00fapw\u00e8 implementa e promove uma educa\u00e7\u00e3o inclusiva e centrada na crian\u00e7a que reduza desigualdades sociais e promove a aprendizagem atrav\u00e9s de m\u00e9todos inovadores e activos. O nosso objectivo \u00e9 garantir uma educa\u00e7\u00e3o de qualidade para todas crian\u00e7as, independentemente da sua origem, situa\u00e7\u00e3o econ\u00f3mica ou poss\u00edveis necessidades especiais.[\/vc_custom_heading][\/vc_column][\/vc_row][vc_row row_height_percent=&#8221;0&#8243; override_padding=&#8221;yes&#8221; h_padding=&#8221;2&#8243; top_padding=&#8221;3&#8243; bottom_padding=&#8221;0&#8243; back_image=&#8221;544&#8243; back_repeat=&#8221;no-repeat&#8221; back_position=&#8221;right top&#8221; overlay_alpha=&#8221;100&#8243; gutter_size=&#8221;5&#8243; column_width_percent=&#8221;100&#8243; shift_y=&#8221;0&#8243; z_index=&#8221;0&#8243; content_parallax=&#8221;0&#8243; uncode_shortcode_id=&#8221;112371&#8243; el_id=&#8221;preschool&#8221; back_size=&#8221;25%&#8221;][vc_column column_width_percent=&#8221;100&#8243; position_horizontal=&#8221;left&#8221; gutter_size=&#8221;2&#8243; back_color=&#8221;yellow-nhapupwe&#8221; overlay_alpha=&#8221;50&#8243; radius=&#8221;lg&#8221; shift_x=&#8221;0&#8243; shift_y=&#8221;3&#8243; shift_y_down=&#8221;0&#8243; z_index=&#8221;0&#8243; align_medium=&#8221;align_center_tablet&#8221; medium_width=&#8221;0&#8243; mobile_width=&#8221;0&#8243; toggle=&#8221;yes&#8221; max_height=&#8221;600px&#8221; closed_txt=&#8221;Read More&#8221; btn_margin=&#8221;std&#8221; btn_margin_open=&#8221;std&#8221; fade=&#8221;sm&#8221; btn_align=&#8221;left&#8221; width=&#8221;1\/2&#8243; uncode_shortcode_id=&#8221;960982&#8243; back_color_type=&#8221;uncode-palette&#8221;][vc_custom_heading heading_semantic=&#8221;h3&#8243; text_size=&#8221;h1&#8243; uncode_shortcode_id=&#8221;855918&#8243;]Pr\u00e9-escola e Escola Prim\u00e1ria[\/vc_custom_heading][vc_custom_heading heading_semantic=&#8221;div&#8221; text_size=&#8221;h3&#8243; text_height=&#8221;line-height-1.6&#8243; uncode_shortcode_id=&#8221;155822&#8243;]<span style=\"font-weight: 400;\">Na Escola Prim\u00e1ria e Pr\u00e9-escola da Nhap\u00fapw\u00e8 implementamos diariamente educa\u00e7\u00e3o inclusiva e centrada na crian\u00e7a \u2013 o cora\u00e7\u00e3o da nossa vis\u00e3o educativa.<\/span>[\/vc_custom_heading][vc_column_text uncode_shortcode_id=&#8221;937749&#8243;]<span style=\"font-weight: 400;\">Criamos um espa\u00e7o alegre e respeitoso, onde as crian\u00e7as gostam de aprender juntas. Na Nhap\u00fapw\u00e8, crian\u00e7as de diferentes origens sociais e culturais, com e sem defici\u00eancia, partilham as mesmas salas de aula. As fam\u00edlias que podem pagar contribuem com uma mensalidade mais alta, o que torna poss\u00edvel a frequ\u00eancia gratuita de um ter\u00e7o dos nossos alunos provenientes de fam\u00edlias de baixa renda. Gra\u00e7as a esta abordagem, a nossa escola conquistou uma forte reputa\u00e7\u00e3o na comunidade e a procura \u00e9 elevada.   <\/span><\/p>\n<p><span style=\"font-weight: 400;\">Na pr\u00e9-escola, focamo-nos no desenvolvimento de compet\u00eancias essenciais\u2014 como as habilidades de linguagem e da motricidade fina &#8211; para proporcionar \u00e0s crian\u00e7as uma base s\u00f3lida para a aprendizagem futura. O desenvolvimento na \u00e1rea motora, cognitiva, lingu\u00edstica, social e emocional cria o fundamento para o sucesso da crian\u00e7a na vida escolar bem como na sua vida em geral, por isso oferecemos um apoio pontual e abrangente atrav\u00e9s do brincar, actividades de aprendizagem l\u00fadica e de explora\u00e7\u00e3o e descoberta. <\/span><\/p>\n<p>No ensino prim\u00e1rio, damos \u00eanfase a uma aprendizagem activa e cooperativa, que estimula as crian\u00e7as a explorar e a descobrir os conte\u00fados por si mesmas. Os nossos grupos de alunos mistos refletem a nossa convic\u00e7\u00e3o de que crescer juntos amplia horizontes e promove a toler\u00e2ncia. <\/p>\n<p><span style=\"font-weight: 400;\">A nossa Pr\u00e9-escola acolhe at\u00e9 75 crian\u00e7as (dos 3 aos 6 anos); a Escola Prim\u00e1ria funciona com doze turmas (da 1.\u00aa \u00e0 6.\u00aa classe), com um m\u00e1ximo de 25 alunos por turma.<\/span><\/p>\n<p><span style=\"font-weight: 400;\">Actualmente, mais de 350 crian\u00e7as frequentam a nossa Pr\u00e9-escola e Escola Prim\u00e1ria, apoiadas por uma equipa de mais de 30 colaboradores dedicados tanto \u00e0s crian\u00e7as como \u00e0 partilha do modelo educativo da Nhap\u00fapw\u00e8.<\/span>[\/vc_column_text][\/vc_column][vc_column column_width_percent=&#8221;100&#8243; position_vertical=&#8221;middle&#8221; gutter_size=&#8221;3&#8243; overlay_alpha=&#8221;50&#8243; shift_x=&#8221;0&#8243; shift_y=&#8221;0&#8243; shift_y_down=&#8221;0&#8243; z_index=&#8221;0&#8243; medium_width=&#8221;0&#8243; mobile_width=&#8221;0&#8243; width=&#8221;1\/2&#8243; uncode_shortcode_id=&#8221;302883&#8243;][vc_row_inner row_inner_height_percent=&#8221;0&#8243; overlay_alpha=&#8221;50&#8243; equal_height=&#8221;yes&#8221; gutter_size=&#8221;2&#8243; shift_y=&#8221;0&#8243; z_index=&#8221;0&#8243; uncode_shortcode_id=&#8221;108044&#8243;][vc_column_inner column_width_percent=&#8221;100&#8243; position_horizontal=&#8221;left&#8221; position_vertical=&#8221;middle&#8221; gutter_size=&#8221;2&#8243; overlay_alpha=&#8221;50&#8243; shift_x=&#8221;0&#8243; shift_y=&#8221;0&#8243; shift_y_down=&#8221;0&#8243; z_index=&#8221;0&#8243; medium_width=&#8221;0&#8243; mobile_width=&#8221;0&#8243; width=&#8221;1\/2&#8243; uncode_shortcode_id=&#8221;209758&#8243;][vc_single_image media=&#8221;1043&#8243; media_width_percent=&#8221;100&#8243; media_ratio=&#8221;three-four&#8221; shape=&#8221;img-round&#8221; radius=&#8221;xl&#8221; shadow=&#8221;yes&#8221; css_animation=&#8221;parallax&#8221; parallax_intensity=&#8221;2&#8243; uncode_shortcode_id=&#8221;175414&#8243;][vc_single_image media=&#8221;1070&#8243; media_width_percent=&#8221;100&#8243; media_ratio=&#8221;three-four&#8221; shape=&#8221;img-round&#8221; radius=&#8221;xl&#8221; shadow=&#8221;yes&#8221; css_animation=&#8221;parallax&#8221; parallax_intensity=&#8221;2&#8243; uncode_shortcode_id=&#8221;213759&#8243;][\/vc_column_inner][vc_column_inner column_width_percent=&#8221;100&#8243; position_vertical=&#8221;middle&#8221; gutter_size=&#8221;2&#8243; overlay_alpha=&#8221;50&#8243; shift_x=&#8221;0&#8243; shift_y=&#8221;0&#8243; shift_y_down=&#8221;-2&#8243; z_index=&#8221;0&#8243; medium_width=&#8221;0&#8243; mobile_width=&#8221;0&#8243; width=&#8221;1\/2&#8243; uncode_shortcode_id=&#8221;208906&#8243;][vc_single_image media=&#8221;999&#8243; media_width_percent=&#8221;100&#8243; media_ratio=&#8221;four-three&#8221; shape=&#8221;img-round&#8221; radius=&#8221;xl&#8221; shadow=&#8221;yes&#8221; shadow_weight=&#8221;std&#8221; css_animation=&#8221;parallax&#8221; parallax_intensity=&#8221;3&#8243; uncode_shortcode_id=&#8221;155762&#8243;][vc_single_image media=&#8221;71&#8243; media_width_percent=&#8221;100&#8243; media_ratio=&#8221;one-one&#8221; shape=&#8221;img-round&#8221; radius=&#8221;xl&#8221; shadow=&#8221;yes&#8221; shadow_weight=&#8221;std&#8221; css_animation=&#8221;parallax&#8221; parallax_intensity=&#8221;3&#8243; uncode_shortcode_id=&#8221;399989&#8243;][\/vc_column_inner][\/vc_row_inner][\/vc_column][\/vc_row][vc_row row_height_percent=&#8221;0&#8243; override_padding=&#8221;yes&#8221; h_padding=&#8221;2&#8243; top_padding=&#8221;3&#8243; bottom_padding=&#8221;4&#8243; overlay_alpha=&#8221;100&#8243; equal_height=&#8221;yes&#8221; gutter_size=&#8221;5&#8243; column_width_percent=&#8221;100&#8243; shift_y=&#8221;0&#8243; z_index=&#8221;0&#8243; content_parallax=&#8221;0&#8243; uncode_shortcode_id=&#8221;449537&#8243; el_id=&#8221;preschool&#8221;][vc_column column_width_percent=&#8221;100&#8243; position_horizontal=&#8221;left&#8221; gutter_size=&#8221;2&#8243; overlay_alpha=&#8221;50&#8243; shift_x=&#8221;0&#8243; shift_y=&#8221;3&#8243; shift_y_down=&#8221;0&#8243; z_index=&#8221;0&#8243; align_medium=&#8221;align_center_tablet&#8221; medium_width=&#8221;0&#8243; align_mobile=&#8221;align_center_mobile&#8221; mobile_width=&#8221;0&#8243; width=&#8221;1\/2&#8243; uncode_shortcode_id=&#8221;109240&#8243;][vc_row_inner row_inner_height_percent=&#8221;0&#8243; overlay_alpha=&#8221;50&#8243; equal_height=&#8221;yes&#8221; gutter_size=&#8221;2&#8243; shift_y=&#8221;0&#8243; z_index=&#8221;0&#8243; uncode_shortcode_id=&#8221;108044&#8243;][vc_column_inner column_width_percent=&#8221;100&#8243; position_horizontal=&#8221;left&#8221; gutter_size=&#8221;2&#8243; overlay_alpha=&#8221;50&#8243; shift_x=&#8221;0&#8243; shift_y=&#8221;0&#8243; shift_y_down=&#8221;0&#8243; z_index=&#8221;0&#8243; medium_width=&#8221;0&#8243; mobile_width=&#8221;0&#8243; width=&#8221;1\/2&#8243; uncode_shortcode_id=&#8221;806973&#8243;][vc_single_image media=&#8221;521&#8243; media_width_percent=&#8221;100&#8243; media_ratio=&#8221;three-four&#8221; shape=&#8221;img-round&#8221; radius=&#8221;xl&#8221; shadow=&#8221;yes&#8221; css_animation=&#8221;parallax&#8221; parallax_intensity=&#8221;2&#8243; uncode_shortcode_id=&#8221;844423&#8243;][\/vc_column_inner][vc_column_inner column_width_percent=&#8221;100&#8243; position_vertical=&#8221;middle&#8221; gutter_size=&#8221;2&#8243; overlay_alpha=&#8221;50&#8243; shift_x=&#8221;0&#8243; shift_y=&#8221;0&#8243; shift_y_down=&#8221;-3&#8243; z_index=&#8221;0&#8243; medium_width=&#8221;0&#8243; mobile_width=&#8221;0&#8243; width=&#8221;1\/2&#8243; uncode_shortcode_id=&#8221;790574&#8243;][vc_single_image media=&#8221;1040&#8243; media_width_percent=&#8221;100&#8243; media_ratio=&#8221;three-four&#8221; shape=&#8221;img-round&#8221; radius=&#8221;xl&#8221; shadow=&#8221;yes&#8221; shadow_weight=&#8221;std&#8221; css_animation=&#8221;parallax&#8221; parallax_intensity=&#8221;3&#8243; uncode_shortcode_id=&#8221;198952&#8243;][\/vc_column_inner][\/vc_row_inner][\/vc_column][vc_column column_width_percent=&#8221;100&#8243; position_vertical=&#8221;middle&#8221; gutter_size=&#8221;3&#8243; back_color=&#8221;yellow-nhapupwe&#8221; overlay_alpha=&#8221;50&#8243; radius=&#8221;xl&#8221; shift_x=&#8221;0&#8243; shift_y=&#8221;0&#8243; shift_y_down=&#8221;0&#8243; z_index=&#8221;0&#8243; medium_width=&#8221;0&#8243; mobile_width=&#8221;0&#8243; width=&#8221;1\/2&#8243; uncode_shortcode_id=&#8221;205869&#8243; back_color_type=&#8221;uncode-palette&#8221;][vc_column_text uncode_shortcode_id=&#8221;475450&#8243;]<span style=\"font-weight: 400;\">A Pr\u00e9-escola e a Escola Prim\u00e1ria da Nhap\u00fapw\u00e8 tamb\u00e9m servem de fonte de inspira\u00e7\u00e3o para os nossos parceiros. Educadores e professores de outras institui\u00e7\u00f5es v\u00eam observar e vivenciar, e decisores de v\u00e1rias autoridades e organiza\u00e7\u00f5es procuram aqui novas ideias. A Escola demonstra como uma Educa\u00e7\u00e3o inclusiva e centrada na crian\u00e7a pode tornar-se realidade.  <\/span><\/p>\n<p><span style=\"font-weight: 400;\">A Escola ocupa um lugar central no nosso trabalho, pois \u00e9 o espa\u00e7o onde colocamos em pr\u00e1tica as nossas ideias sobre qualidade educativa. O nosso objetivo \u00e9 que todas crian\u00e7as, independentemente da sua origem social, heran\u00e7a cultural ou capacidades, possam desfrutar da aprendizagem e adquirir as bases necess\u00e1rias para a sua trajet\u00f3ria escolar futura. <\/span><\/p>\n<p><span style=\"font-weight: 400;\">Temos orgulho em saber que o nosso trabalho na Pr\u00e9-escola e na Escola Prim\u00e1ria Nhap\u00fapw\u00e8 \u00e9, hoje, amplamente reconhecido na cidade, e que mantemos longas listas de espera para ingresso devido \u00e0 elevada procura. Acreditamos que o apoio pontual e abrangente \u00e0s crian\u00e7as \u00e9 a chave para o seu sucesso futuro, e continuaremos a fazer o nosso melhor para oferecer uma Educa\u00e7\u00e3o de qualidade a todas crian\u00e7as. <\/span>[\/vc_column_text][\/vc_column][\/vc_row][vc_row row_height_percent=&#8221;0&#8243; override_padding=&#8221;yes&#8221; h_padding=&#8221;2&#8243; top_padding=&#8221;3&#8243; bottom_padding=&#8221;4&#8243; back_image=&#8221;612&#8243; back_repeat=&#8221;no-repeat&#8221; back_position=&#8221;right top&#8221; overlay_alpha=&#8221;100&#8243; equal_height=&#8221;yes&#8221; gutter_size=&#8221;5&#8243; column_width_percent=&#8221;100&#8243; shift_y=&#8221;0&#8243; z_index=&#8221;0&#8243; content_parallax=&#8221;0&#8243; uncode_shortcode_id=&#8221;139647&#8243; el_id=&#8221;innovation&#8221; back_size=&#8221;25%&#8221;][vc_column column_width_percent=&#8221;100&#8243; position_horizontal=&#8221;left&#8221; position_vertical=&#8221;middle&#8221; gutter_size=&#8221;2&#8243; style=&#8221;dark&#8221; back_color=&#8221;green2-nhapupwe&#8221; overlay_alpha=&#8221;50&#8243; radius=&#8221;xl&#8221; shift_x=&#8221;0&#8243; shift_y=&#8221;3&#8243; shift_y_down=&#8221;0&#8243; z_index=&#8221;0&#8243; align_medium=&#8221;align_center_tablet&#8221; medium_width=&#8221;0&#8243; mobile_width=&#8221;0&#8243; toggle=&#8221;yes&#8221; max_height=&#8221;600px&#8221; closed_txt=&#8221;Read More&#8221; btn_margin=&#8221;std&#8221; btn_margin_open=&#8221;std&#8221; fade=&#8221;sm&#8221; btn_align=&#8221;left&#8221; width=&#8221;1\/2&#8243; uncode_shortcode_id=&#8221;280085&#8243; back_color_type=&#8221;uncode-palette&#8221;][vc_custom_heading heading_semantic=&#8221;h3&#8243; text_size=&#8221;h1&#8243; uncode_shortcode_id=&#8221;408569&#8243;]Inova\u00e7\u00e3o[\/vc_custom_heading][vc_custom_heading heading_semantic=&#8221;div&#8221; text_size=&#8221;h3&#8243; text_height=&#8221;line-height-1.6&#8243; uncode_shortcode_id=&#8221;687898&#8243;]A Nhap\u00fapw\u00e8 trabalha na melhoria da qualidade da Educa\u00e7\u00e3o em Mo\u00e7ambique, com foco em m\u00e9todos inclusivos e centrados na crian\u00e7a, que funcionam mesmo com recursos limitados.[\/vc_custom_heading][vc_column_text uncode_shortcode_id=&#8221;235022&#8243;]<span style=\"font-weight: 400;\">Para tornar isso poss\u00edvel, desenvolvemos Materiais Did\u00e1ticos a partir de recursos locais e criamos actividades pr\u00e1ticas de aprendizagem e jogos cooperativos. A nossa abordagem demonstra como o Curr\u00edculo Nacional pode ser adaptado para turmas numerosas e contextos simples &#8211; at\u00e9 mesmo para aulas realizadas debaixo de uma mangueira. <\/span><\/p>\n<p><span style=\"font-weight: 400;\">Todos os Materiais e M\u00e9todos s\u00e3o testados e aprimorados na nossa pr\u00f3pria Pr\u00e9-escola e Escola Prim\u00e1ria, para garantir que sejam atractivos, dur\u00e1veis e f\u00e1ceis de utilizar.<\/span><\/p>\n<p><span style=\"font-weight: 400;\">A nossa equipa re\u00fane educadores de diferentes origens, incluindo professores locais, especialistas em Educa\u00e7\u00e3o Especial da Associa\u00e7\u00e3o de Apoio na Alemanha e volunt\u00e1rios de diferentes programas como o de Weltw\u00e4rts da Alemanha. Valorizamos a troca aberta e reunimo-nos regularmente para partilhar ideias, enfrentar desafios e aprender uns com os outros. Este esp\u00edrito de colabora\u00e7\u00e3o \u00e9 muitas vezes o ponto de partida para solu\u00e7\u00f5es criativas e novas ideias.  <\/span>[\/vc_column_text][\/vc_column][vc_column column_width_percent=&#8221;100&#8243; position_vertical=&#8221;middle&#8221; gutter_size=&#8221;3&#8243; overlay_alpha=&#8221;50&#8243; shift_x=&#8221;0&#8243; shift_y=&#8221;0&#8243; shift_y_down=&#8221;0&#8243; z_index=&#8221;0&#8243; medium_width=&#8221;0&#8243; mobile_width=&#8221;0&#8243; width=&#8221;1\/2&#8243; uncode_shortcode_id=&#8221;302883&#8243;][vc_row_inner row_inner_height_percent=&#8221;0&#8243; overlay_alpha=&#8221;50&#8243; equal_height=&#8221;yes&#8221; gutter_size=&#8221;2&#8243; shift_y=&#8221;0&#8243; z_index=&#8221;0&#8243; uncode_shortcode_id=&#8221;108044&#8243;][vc_column_inner column_width_percent=&#8221;100&#8243; position_horizontal=&#8221;left&#8221; position_vertical=&#8221;middle&#8221; gutter_size=&#8221;2&#8243; overlay_alpha=&#8221;50&#8243; shift_x=&#8221;0&#8243; shift_y=&#8221;0&#8243; shift_y_down=&#8221;0&#8243; z_index=&#8221;0&#8243; medium_width=&#8221;0&#8243; mobile_width=&#8221;0&#8243; width=&#8221;1\/2&#8243; uncode_shortcode_id=&#8221;209758&#8243;][vc_single_image media=&#8221;1014&#8243; media_width_percent=&#8221;100&#8243; media_ratio=&#8221;three-four&#8221; shape=&#8221;img-round&#8221; radius=&#8221;xl&#8221; shadow=&#8221;yes&#8221; css_animation=&#8221;parallax&#8221; parallax_intensity=&#8221;2&#8243; uncode_shortcode_id=&#8221;459208&#8243;][vc_single_image media=&#8221;1046&#8243; media_width_percent=&#8221;100&#8243; media_ratio=&#8221;three-four&#8221; shape=&#8221;img-round&#8221; radius=&#8221;xl&#8221; shadow=&#8221;yes&#8221; css_animation=&#8221;parallax&#8221; parallax_intensity=&#8221;2&#8243; uncode_shortcode_id=&#8221;271114&#8243;][\/vc_column_inner][vc_column_inner column_width_percent=&#8221;100&#8243; position_vertical=&#8221;middle&#8221; gutter_size=&#8221;2&#8243; overlay_alpha=&#8221;50&#8243; shift_x=&#8221;0&#8243; shift_y=&#8221;0&#8243; shift_y_down=&#8221;-2&#8243; z_index=&#8221;0&#8243; medium_width=&#8221;0&#8243; mobile_width=&#8221;0&#8243; width=&#8221;1\/2&#8243; uncode_shortcode_id=&#8221;208906&#8243;][vc_single_image media=&#8221;1129&#8243; media_width_percent=&#8221;100&#8243; media_ratio=&#8221;three-four&#8221; shape=&#8221;img-round&#8221; radius=&#8221;xl&#8221; shadow=&#8221;yes&#8221; shadow_weight=&#8221;std&#8221; css_animation=&#8221;parallax&#8221; parallax_intensity=&#8221;3&#8243; uncode_shortcode_id=&#8221;190049&#8243;][\/vc_column_inner][\/vc_row_inner][\/vc_column][\/vc_row][vc_row row_height_percent=&#8221;0&#8243; override_padding=&#8221;yes&#8221; h_padding=&#8221;2&#8243; top_padding=&#8221;3&#8243; bottom_padding=&#8221;4&#8243; overlay_alpha=&#8221;100&#8243; equal_height=&#8221;yes&#8221; gutter_size=&#8221;5&#8243; column_width_percent=&#8221;100&#8243; shift_y=&#8221;0&#8243; z_index=&#8221;0&#8243; inverted_device_order=&#8221;yes&#8221; content_parallax=&#8221;0&#8243; uncode_shortcode_id=&#8221;757254&#8243; el_id=&#8221;consultation&#8221;][vc_column column_width_percent=&#8221;100&#8243; position_horizontal=&#8221;left&#8221; gutter_size=&#8221;2&#8243; style=&#8221;dark&#8221; overlay_alpha=&#8221;50&#8243; shift_x=&#8221;0&#8243; shift_y=&#8221;3&#8243; shift_y_down=&#8221;0&#8243; z_index=&#8221;0&#8243; align_medium=&#8221;align_center_tablet&#8221; medium_width=&#8221;0&#8243; align_mobile=&#8221;align_center_mobile&#8221; mobile_width=&#8221;0&#8243; width=&#8221;1\/2&#8243; uncode_shortcode_id=&#8221;112325&#8243;][vc_row_inner row_inner_height_percent=&#8221;0&#8243; overlay_alpha=&#8221;50&#8243; equal_height=&#8221;yes&#8221; gutter_size=&#8221;2&#8243; shift_y=&#8221;0&#8243; z_index=&#8221;0&#8243; uncode_shortcode_id=&#8221;108044&#8243;][vc_column_inner column_width_percent=&#8221;100&#8243; position_horizontal=&#8221;left&#8221; gutter_size=&#8221;2&#8243; overlay_alpha=&#8221;50&#8243; shift_x=&#8221;0&#8243; shift_y=&#8221;0&#8243; shift_y_down=&#8221;0&#8243; z_index=&#8221;0&#8243; medium_width=&#8221;0&#8243; mobile_width=&#8221;0&#8243; width=&#8221;1\/2&#8243; uncode_shortcode_id=&#8221;806973&#8243;][vc_single_image media=&#8221;527&#8243; media_width_percent=&#8221;100&#8243; media_ratio=&#8221;three-four&#8221; shape=&#8221;img-round&#8221; radius=&#8221;xl&#8221; shadow=&#8221;yes&#8221; css_animation=&#8221;parallax&#8221; parallax_intensity=&#8221;2&#8243; uncode_shortcode_id=&#8221;206153&#8243;][\/vc_column_inner][vc_column_inner column_width_percent=&#8221;100&#8243; position_vertical=&#8221;middle&#8221; gutter_size=&#8221;2&#8243; overlay_alpha=&#8221;50&#8243; shift_x=&#8221;0&#8243; shift_y=&#8221;0&#8243; shift_y_down=&#8221;-3&#8243; z_index=&#8221;0&#8243; medium_width=&#8221;0&#8243; mobile_width=&#8221;0&#8243; width=&#8221;1\/2&#8243; uncode_shortcode_id=&#8221;790574&#8243;][vc_single_image media=&#8221;1010&#8243; media_width_percent=&#8221;100&#8243; media_ratio=&#8221;three-four&#8221; shape=&#8221;img-round&#8221; radius=&#8221;xl&#8221; shadow=&#8221;yes&#8221; shadow_weight=&#8221;std&#8221; css_animation=&#8221;parallax&#8221; parallax_intensity=&#8221;3&#8243; uncode_shortcode_id=&#8221;497101&#8243;][\/vc_column_inner][\/vc_row_inner][\/vc_column][vc_column column_width_percent=&#8221;100&#8243; position_vertical=&#8221;middle&#8221; gutter_size=&#8221;3&#8243; style=&#8221;dark&#8221; back_color=&#8221;green-nhapupwe&#8221; overlay_alpha=&#8221;50&#8243; radius=&#8221;xl&#8221; shift_x=&#8221;0&#8243; shift_y=&#8221;0&#8243; shift_y_down=&#8221;0&#8243; z_index=&#8221;0&#8243; medium_width=&#8221;0&#8243; mobile_width=&#8221;0&#8243; width=&#8221;1\/2&#8243; uncode_shortcode_id=&#8221;118390&#8243; back_color_type=&#8221;uncode-palette&#8221;][vc_custom_heading heading_semantic=&#8221;h3&#8243; text_size=&#8221;h1&#8243; uncode_shortcode_id=&#8221;920447&#8243;]Capacita\u00e7\u00e3o e Assessoria[\/vc_custom_heading][vc_column_text uncode_shortcode_id=&#8221;403790&#8243;]<\/p>\n<p data-start=\"0\" data-end=\"301\">A Nhap\u00fapw\u00e8 partilha o seu Modelo Educativo atrav\u00e9s de actividades de capacita\u00e7\u00e3o e assessoria para Pr\u00e9-escolas, Escolas Prim\u00e1rias, Institutos de Forma\u00e7\u00e3o e entidades governamentais. At\u00e9 agora, j\u00e1 capacit\u00e1mos mais de 1000 professores, educadores e formadores em todo Mo\u00e7ambique em bases de uma Educa\u00e7\u00e3o iIclusiva e Centrada na Crian\u00e7a. <\/p>\n<p data-start=\"303\" data-end=\"441\">Gra\u00e7as \u00e0 estreita colabora\u00e7\u00e3o com o Governo, muitas das nossas ideias foram incorporadas em programas e pol\u00edticas nacionais de Educa\u00e7\u00e3o.<\/p>\n<p data-start=\"443\" data-end=\"799\" data-is-last-node=\"\" data-is-only-node=\"\">As nossas actividades de capacita\u00e7\u00e3o s\u00e3o pr\u00e1ticas e orientadas para a realidade das salas de aula. Os participantes observam, fazem simula\u00e7\u00f5es, assistem a curtas-metragens e produzem materiais pedag\u00f3gicos que experimentam em conjunto. Os nossos M\u00f3dulos Formativos s\u00e3o adapt\u00e1veis a diferentes necessidades e abordam temas como Educa\u00e7\u00e3o Centrada na Crian\u00e7a, M\u00e9todos de Aprendizagem Activa e Produ\u00e7\u00e3o de Materiais Did\u00e1ticos com recursos locais.  <\/p>\n<p>[\/vc_column_text][\/vc_column][\/vc_row]<\/p>\n<\/div>","protected":false},"excerpt":{"rendered":"<p>[vc_row row_height_percent=&#8221;50&#8243; override_padding=&#8221;yes&#8221; h_padding=&#8221;2&#8243; top_padding=&#8221;5&#8243; bottom_padding=&#8221;5&#8243; back_image=&#8221;67&#8243; parallax=&#8221;yes&#8221; overlay_alpha=&#8221;96&#8243; gutter_size=&#8221;4&#8243; column_width_percent=&#8221;100&#8243; shift_y=&#8221;0&#8243; z_index=&#8221;0&#8243; bottom_divider=&#8221;step&#8221; content_parallax=&#8221;0&#8243; uncode_shortcode_id=&#8221;551275&#8243; row_height_pixel=&#8221;200px&#8221;][vc_column column_width_percent=&#8221;100&#8243; position_vertical=&#8221;middle&#8221; gutter_size=&#8221;2&#8243; [&hellip;]<\/p>\n","protected":false},"author":1,"featured_media":0,"parent":0,"menu_order":0,"comment_status":"closed","ping_status":"closed","template":"","meta":{"footnotes":""},"class_list":["post-1219","page","type-page","status-publish","hentry"],"_links":{"self":[{"href":"https:\/\/nhapupwe.creativeplusplus.com\/pt-pt\/wp-json\/wp\/v2\/pages\/1219","targetHints":{"allow":["GET"]}}],"collection":[{"href":"https:\/\/nhapupwe.creativeplusplus.com\/pt-pt\/wp-json\/wp\/v2\/pages"}],"about":[{"href":"https:\/\/nhapupwe.creativeplusplus.com\/pt-pt\/wp-json\/wp\/v2\/types\/page"}],"author":[{"embeddable":true,"href":"https:\/\/nhapupwe.creativeplusplus.com\/pt-pt\/wp-json\/wp\/v2\/users\/1"}],"replies":[{"embeddable":true,"href":"https:\/\/nhapupwe.creativeplusplus.com\/pt-pt\/wp-json\/wp\/v2\/comments?post=1219"}],"version-history":[{"count":19,"href":"https:\/\/nhapupwe.creativeplusplus.com\/pt-pt\/wp-json\/wp\/v2\/pages\/1219\/revisions"}],"predecessor-version":[{"id":1375,"href":"https:\/\/nhapupwe.creativeplusplus.com\/pt-pt\/wp-json\/wp\/v2\/pages\/1219\/revisions\/1375"}],"wp:attachment":[{"href":"https:\/\/nhapupwe.creativeplusplus.com\/pt-pt\/wp-json\/wp\/v2\/media?parent=1219"}],"curies":[{"name":"wp","href":"https:\/\/api.w.org\/{rel}","templated":true}]}}