{"id":1214,"date":"2025-04-28T09:31:51","date_gmt":"2025-04-28T09:31:51","guid":{"rendered":"https:\/\/nhapupwe.creativeplusplus.com\/privacy-policy\/"},"modified":"2025-07-31T09:55:15","modified_gmt":"2025-07-31T09:55:15","slug":"privacy-policy","status":"publish","type":"page","link":"https:\/\/nhapupwe.creativeplusplus.com\/pt-pt\/privacy-policy\/","title":{"rendered":"Privacy Policy"},"content":{"rendered":"\n<p>Respons\u00e1vel pelo conte\u00fado<\/p>\n<p>Tobias Krause<br>Presidente da Associa\u00e7\u00e3o de Apoio Nhap\u00fapw\u00e8 na Alemanha<br>Telefone: +49 (0)171 3174771<br>E-mail: tobiasmariakrause@icloud.com<\/p>\n<p>Este site est\u00e1 hospedado na Alemanha. N\u00e3o armazenamos nem compartilhamos dados dos visitantes. Este site n\u00e3o utiliza o Google Analytics para rastrear dados de navega\u00e7\u00e3o.  <\/p>","protected":false},"excerpt":{"rendered":"<p>Respons\u00e1vel pelo conte\u00fado Tobias KrausePresidente da Associa\u00e7\u00e3o de Apoio Nhap\u00fapw\u00e8 na AlemanhaTelefone: +49 (0)171 3174771E-mail: tobiasmariakrause@icloud.com Este site est\u00e1 hospedado [&hellip;]<\/p>\n","protected":false},"author":1,"featured_media":0,"parent":0,"menu_order":0,"comment_status":"closed","ping_status":"open","template":"","meta":{"footnotes":""},"class_list":["post-1214","page","type-page","status-publish","hentry"],"_links":{"self":[{"href":"https:\/\/nhapupwe.creativeplusplus.com\/pt-pt\/wp-json\/wp\/v2\/pages\/1214","targetHints":{"allow":["GET"]}}],"collection":[{"href":"https:\/\/nhapupwe.creativeplusplus.com\/pt-pt\/wp-json\/wp\/v2\/pages"}],"about":[{"href":"https:\/\/nhapupwe.creativeplusplus.com\/pt-pt\/wp-json\/wp\/v2\/types\/page"}],"author":[{"embeddable":true,"href":"https:\/\/nhapupwe.creativeplusplus.com\/pt-pt\/wp-json\/wp\/v2\/users\/1"}],"replies":[{"embeddable":true,"href":"https:\/\/nhapupwe.creativeplusplus.com\/pt-pt\/wp-json\/wp\/v2\/comments?post=1214"}],"version-history":[{"count":1,"href":"https:\/\/nhapupwe.creativeplusplus.com\/pt-pt\/wp-json\/wp\/v2\/pages\/1214\/revisions"}],"predecessor-version":[{"id":1295,"href":"https:\/\/nhapupwe.creativeplusplus.com\/pt-pt\/wp-json\/wp\/v2\/pages\/1214\/revisions\/1295"}],"wp:attachment":[{"href":"https:\/\/nhapupwe.creativeplusplus.com\/pt-pt\/wp-json\/wp\/v2\/media?parent=1214"}],"curies":[{"name":"wp","href":"https:\/\/api.w.org\/{rel}","templated":true}]}}