{"id":1209,"date":"2025-05-14T05:01:00","date_gmt":"2025-05-14T05:01:00","guid":{"rendered":"https:\/\/nhapupwe.creativeplusplus.com\/partners\/"},"modified":"2025-09-22T10:52:43","modified_gmt":"2025-09-22T10:52:43","slug":"partners","status":"publish","type":"page","link":"https:\/\/nhapupwe.creativeplusplus.com\/pt-pt\/partners\/","title":{"rendered":"Parceiros"},"content":{"rendered":"<div class=\"wpb-content-wrapper\"><p>[vc_row row_height_percent=&#8221;50&#8243; override_padding=&#8221;yes&#8221; h_padding=&#8221;2&#8243; top_padding=&#8221;5&#8243; bottom_padding=&#8221;5&#8243; back_color=&#8221;green-nhapupwe&#8221; back_image=&#8221;64&#8243; back_repeat=&#8221;no-repeat&#8221; parallax=&#8221;yes&#8221; overlay_alpha=&#8221;0&#8243; overlay_animated=&#8221;yes&#8221; overlay_animated_1_color=&#8221;yellow-nhapupwe&#8221; overlay_animated_2_color=&#8221;green-nhapupwe&#8221; overlay_animated_speed=&#8221;1500&#8243; overlay_animated_size=&#8221;1.2&#8243; gutter_size=&#8221;4&#8243; column_width_percent=&#8221;100&#8243; shift_y=&#8221;0&#8243; z_index=&#8221;0&#8243; bottom_divider=&#8221;step_3_4&#8243; content_parallax=&#8221;0&#8243; uncode_shortcode_id=&#8221;681988&#8243; back_color_type=&#8221;uncode-palette&#8221; overlay_animated_1_color_type=&#8221;uncode-palette&#8221; overlay_animated_2_color_type=&#8221;uncode-palette&#8221; row_height_pixel=&#8221;200px&#8221;][vc_column column_width_percent=&#8221;100&#8243; position_vertical=&#8221;middle&#8221; gutter_size=&#8221;2&#8243; style=&#8221;dark&#8221; overlay_alpha=&#8221;50&#8243; shift_x=&#8221;0&#8243; shift_y=&#8221;0&#8243; shift_y_down=&#8221;0&#8243; z_index=&#8221;0&#8243; medium_width=&#8221;0&#8243; mobile_width=&#8221;0&#8243; width=&#8221;1\/1&#8243; uncode_shortcode_id=&#8221;191081&#8243;][\/vc_column][\/vc_row][vc_row row_height_percent=&#8221;0&#8243; override_padding=&#8221;yes&#8221; h_padding=&#8221;2&#8243; top_padding=&#8221;2&#8243; bottom_padding=&#8221;2&#8243; overlay_alpha=&#8221;0&#8243; gutter_size=&#8221;4&#8243; column_width_percent=&#8221;100&#8243; shift_y=&#8221;0&#8243; z_index=&#8221;0&#8243; bottom_divider=&#8221;step_3_4&#8243; content_parallax=&#8221;0&#8243; uncode_shortcode_id=&#8221;513951&#8243;][vc_column column_width_percent=&#8221;100&#8243; gutter_size=&#8221;2&#8243; overlay_alpha=&#8221;50&#8243; shift_x=&#8221;0&#8243; shift_y=&#8221;0&#8243; shift_y_down=&#8221;0&#8243; z_index=&#8221;0&#8243; medium_width=&#8221;0&#8243; mobile_width=&#8221;0&#8243; width=&#8221;4\/12&#8243; uncode_shortcode_id=&#8221;345108&#8243;][vc_custom_heading heading_semantic=&#8221;h1&#8243; text_size=&#8221;h1&#8243; uncode_shortcode_id=&#8221;469006&#8243;]Os Nossos Parceiros[\/vc_custom_heading][vc_separator sep_color=&#8221;color-red-nhapupwe&#8221; icon=&#8221;fa fa-handshake-o&#8221; icon_position=&#8221;left&#8221; uncode_shortcode_id=&#8221;116534&#8243; sep_color_type=&#8221;uncode-palette&#8221;][\/vc_column][vc_column width=&#8221;8\/12&#8243;][vc_custom_heading heading_semantic=&#8221;div&#8221; text_size=&#8221;h3&#8243; text_height=&#8221;line-height-1.5&#8243; uncode_shortcode_id=&#8221;114393&#8243;]A Nhap\u00fapw\u00e8 colabora com uma variedade de parceiros para ampliar o seu impacto e refor\u00e7ar o apoio \u00e0 sua miss\u00e3o.[\/vc_custom_heading][\/vc_column][\/vc_row][vc_row row_height_percent=&#8221;0&#8243; override_padding=&#8221;yes&#8221; h_padding=&#8221;2&#8243; top_padding=&#8221;3&#8243; bottom_padding=&#8221;3&#8243; overlay_alpha=&#8221;96&#8243; gutter_size=&#8221;4&#8243; column_width_percent=&#8221;100&#8243; shift_y=&#8221;0&#8243; z_index=&#8221;0&#8243; content_parallax=&#8221;0&#8243; uncode_shortcode_id=&#8221;169774&#8243;][vc_column column_width_percent=&#8221;100&#8243; gutter_size=&#8221;2&#8243; back_color=&#8221;color-lxmt&#8221; overlay_alpha=&#8221;50&#8243; radius=&#8221;xl&#8221; shift_x=&#8221;0&#8243; shift_y=&#8221;0&#8243; shift_y_down=&#8221;0&#8243; z_index=&#8221;0&#8243; medium_width=&#8221;0&#8243; mobile_width=&#8221;0&#8243; width=&#8221;1\/1&#8243; uncode_shortcode_id=&#8221;210801&#8243; back_color_type=&#8221;uncode-palette&#8221;][vc_row_inner][vc_column_inner width=&#8221;4\/12&#8243;][vc_single_image media=&#8221;129&#8243; media_width_percent=&#8221;80&#8243; uncode_shortcode_id=&#8221;835376&#8243;][\/vc_column_inner][vc_column_inner column_width_use_pixel=&#8221;yes&#8221; position_horizontal=&#8221;left&#8221; gutter_size=&#8221;2&#8243; overlay_alpha=&#8221;50&#8243; shift_x=&#8221;0&#8243; shift_y=&#8221;0&#8243; shift_y_down=&#8221;0&#8243; z_index=&#8221;0&#8243; medium_width=&#8221;0&#8243; mobile_width=&#8221;0&#8243; width=&#8221;8\/12&#8243; uncode_shortcode_id=&#8221;150440&#8243; column_width_pixel=&#8221;750&#8243;][vc_custom_heading heading_semantic=&#8221;h3&#8243; text_size=&#8221;h3&#8243; uncode_shortcode_id=&#8221;103677&#8243;]Governo de Mo\u00e7ambique[\/vc_custom_heading][vc_separator sep_color=&#8221;color-uydo&#8221; uncode_shortcode_id=&#8221;972944&#8243; sep_color_type=&#8221;uncode-palette&#8221;][vc_column_text text_lead=&#8221;yes&#8221; uncode_shortcode_id=&#8221;601474&#8243;]As autoridades mo\u00e7ambicanas de Educa\u00e7\u00e3o s\u00e3o parceiras fundamentais da Nhap\u00fapw\u00e8. Isso inclui o Minist\u00e9rio do G\u00e9nero, Crian\u00e7a e Ac\u00e7\u00e3o Social (respons\u00e1vel pela Educa\u00e7\u00e3o na primeira inf\u00e2ncia) e o Minist\u00e9rio da Educa\u00e7\u00e3o, bem como os respectivos representantes a n\u00edvel provincial e distrital.[\/vc_column_text][vc_column_text uncode_shortcode_id=&#8221;120822&#8243;]Na Nhap\u00fapw\u00e8, o nosso objetivo \u00e9 apoiar o trabalho do Governo, e n\u00e3o criar estruturas paralelas. Isso garante legitimidade e une esfor\u00e7os para promover a qualidade da Educa\u00e7\u00e3o. Em coopera\u00e7\u00e3o com os Institutos Nacionais de Forma\u00e7\u00e3o de Professores, muitos docentes do Estado j\u00e1 beneficiaram da experi\u00eancia da Nhap\u00fapw\u00e8 durante a sua forma\u00e7\u00e3o. Em colabora\u00e7\u00e3o com o Minist\u00e9rio do G\u00e9nero, Crian\u00e7a e A\u00e7\u00e3o Social, foram capacitados decisores envolvidos no novo Programa de Educa\u00e7\u00e3o Pr\u00e9-escolar. As sugest\u00f5es da Nhap\u00fapw\u00e8 tamb\u00e9m s\u00e3o integradas em programas e orienta\u00e7\u00f5es nacionais, para que possam ser aplicadas em todo o pa\u00eds. Muitos dos m\u00f3dulos actualmente utilizados na forma\u00e7\u00e3o nacional de educadores foram inicialmente desenvolvidos pela Nhap\u00fapw\u00e8.[\/vc_column_text][\/vc_column_inner][\/vc_row_inner][\/vc_column][\/vc_row][vc_row row_height_percent=&#8221;0&#8243; override_padding=&#8221;yes&#8221; h_padding=&#8221;2&#8243; top_padding=&#8221;0&#8243; bottom_padding=&#8221;3&#8243; overlay_alpha=&#8221;96&#8243; equal_height=&#8221;yes&#8221; gutter_size=&#8221;3&#8243; column_width_percent=&#8221;100&#8243; shift_y=&#8221;0&#8243; z_index=&#8221;0&#8243; content_parallax=&#8221;0&#8243; uncode_shortcode_id=&#8221;157551&#8243;][vc_column column_width_percent=&#8221;100&#8243; gutter_size=&#8221;2&#8243; back_color=&#8221;color-lxmt&#8221; overlay_alpha=&#8221;50&#8243; radius=&#8221;xl&#8221; shift_x=&#8221;0&#8243; shift_y=&#8221;0&#8243; shift_y_down=&#8221;0&#8243; z_index=&#8221;0&#8243; medium_width=&#8221;0&#8243; mobile_width=&#8221;0&#8243; toggle=&#8221;yes&#8221; max_height=&#8221;600px&#8221; closed_txt=&#8221;Read More&#8221; btn_margin=&#8221;std&#8221; btn_margin_open=&#8221;std&#8221; fade=&#8221;sm&#8221; btn_align=&#8221;left&#8221; width=&#8221;1\/2&#8243; uncode_shortcode_id=&#8221;505351&#8243; back_color_type=&#8221;uncode-palette&#8221;][vc_custom_heading heading_semantic=&#8221;h3&#8243; text_size=&#8221;h3&#8243; uncode_shortcode_id=&#8221;146509&#8243;]Organiza\u00e7\u00f5es multilaterais (Unicef, GIZ, USAID, etc.)[\/vc_custom_heading][vc_separator sep_color=&#8221;color-uydo&#8221; uncode_shortcode_id=&#8221;972944&#8243; sep_color_type=&#8221;uncode-palette&#8221;][vc_gallery el_id=&#8221;gallery-690218&#8243; type=&#8221;carousel&#8221; medias=&#8221;648,639,651&#8243; carousel_lg=&#8221;3&#8243; carousel_md=&#8221;3&#8243; carousel_sm=&#8221;3&#8243; gutter_size=&#8221;2&#8243; media_items=&#8221;media|lightbox|original&#8221; carousel_interval=&#8221;3000&#8243; carousel_navspeed=&#8221;400&#8243; stage_padding=&#8221;0&#8243; single_text=&#8221;under&#8221; single_shape=&#8221;round&#8221; radius=&#8221;xl&#8221; single_overlay_opacity=&#8221;1&#8243; single_overlay_anim=&#8221;no&#8221; single_padding=&#8221;2&#8243; single_border=&#8221;yes&#8221; uncode_shortcode_id=&#8221;103926&#8243;][vc_row_inner][vc_column_inner width=&#8221;1\/1&#8243;][vc_column_text uncode_shortcode_id=&#8221;119726&#8243;]<span data-ccp-props=\"{\"201341983\":0,\"335551550\":6,\"335551620\":6,\"335559739\":0,\"335559740\":259}\">Em Mo\u00e7ambique, existem v\u00e1rias organiza\u00e7\u00f5es bilaterais e multilaterais envolvidas na \u00e1rea da educa\u00e7\u00e3o. Como a Nhap\u00fapw\u00e8 s\u00f3 consegue financiar os custos operacionais da sua pr\u00f3pria pr\u00e9-escola e Escola Prim\u00e1ria com as suas receitas, depende de doa\u00e7\u00f5es ou de colabora\u00e7\u00f5es com organiza\u00e7\u00f5es financiadoras. Dado que a relev\u00e2ncia e a compet\u00eancia t\u00e9cnica da Nhap\u00fapw\u00e8 s\u00e3o amplamente reconhecidas, muitos projectos j\u00e1 foram realizados em parceria com diferentes entidades.  <\/span><\/p>\n<p><span data-ccp-props=\"{\"201341983\":0,\"335551550\":6,\"335551620\":6,\"335559739\":0,\"335559740\":259}\">De 2009 a 2016, a GIZ (Organiza\u00e7\u00e3o Alem\u00e3 para a Coopera\u00e7\u00e3o Internacional) apoiou a Nhap\u00fapw\u00e8 com um especialista integrado atrav\u00e9s do Centro para Migra\u00e7\u00e3o Internacional e Desenvolvimento (CIM), fortalecendo assim o desenvolvimento organizacional e a contribui\u00e7\u00e3o t\u00e9cnica especializada. <\/span>[\/vc_column_text][vc_column_text uncode_shortcode_id=&#8221;237004&#8243;]<span data-ccp-props=\"{\"201341983\":0,\"335551550\":6,\"335551620\":6,\"335559739\":0,\"335559740\":259}\">A forma\u00e7\u00e3o de professores e de formadores dos institutos estatais de forma\u00e7\u00e3o de professores tamb\u00e9m foi realizada em coopera\u00e7\u00e3o com a GIZ. Em parceria com a UNICEF, a Nhap\u00fapw\u00e8 conduziu uma forma\u00e7\u00e3o de professores em larga escala na prov\u00edncia da Zamb\u00e9zia, no norte de Mo\u00e7ambique, entre 2016 e 2018, permitindo que mais de 400 docentes aprendessem m\u00e9todos activos de ensino. Entre 2011 e 2014, a USAID financiou o desenvolvimento de M\u00f3dulos para diferentes n\u00edveis da forma\u00e7\u00e3o nacional de educadores. A Nhap\u00fapw\u00e8 tem orgulho de que, mesmo sem grandes recursos financeiras, as suas experi\u00eancias e inova\u00e7\u00f5es pedag\u00f3gicas j\u00e1 tenham sido transmitidas a muitas Pr\u00e9-escolas e Escolas Prim\u00e1rias do pa\u00eds.    <\/span>[\/vc_column_text][\/vc_column_inner][\/vc_row_inner][\/vc_column][vc_column column_width_percent=&#8221;100&#8243; gutter_size=&#8221;2&#8243; back_color=&#8221;color-lxmt&#8221; overlay_alpha=&#8221;50&#8243; radius=&#8221;xl&#8221; shift_x=&#8221;0&#8243; shift_y=&#8221;0&#8243; shift_y_down=&#8221;0&#8243; z_index=&#8221;0&#8243; medium_width=&#8221;0&#8243; mobile_width=&#8221;0&#8243; width=&#8221;1\/2&#8243; uncode_shortcode_id=&#8221;109336&#8243; back_color_type=&#8221;uncode-palette&#8221;][vc_custom_heading heading_semantic=&#8221;h3&#8243; text_size=&#8221;h3&#8243; uncode_shortcode_id=&#8221;661260&#8243;]Organiza\u00e7\u00f5es e Redes Nacionais[\/vc_custom_heading][vc_separator sep_color=&#8221;color-uydo&#8221; uncode_shortcode_id=&#8221;972944&#8243; sep_color_type=&#8221;uncode-palette&#8221;][vc_column_text uncode_shortcode_id=&#8221;209609&#8243;]A Nhap\u00fapw\u00e8 tamb\u00e9m colabora com diversas organiza\u00e7\u00f5es, associa\u00e7\u00f5es e redes nacionais e locais. Por exemplo, a Nhap\u00fapw\u00e8 \u00e9 um dos membros fundadores da Rede do Desenvolvimento da Primeira Inf\u00e2ncia (RDPI). Pouco depois da funda\u00e7\u00e3o da Nhap\u00fapw\u00e8, o governo passou a dar prioridade \u00e0 Educa\u00e7\u00e3o na primeira inf\u00e2ncia e muitos dos primeiros desenvolvimentos foram acompanhados pela Nhap\u00fapw\u00e8. A participa\u00e7\u00e3o em f\u00f3runs e redes nacionais permite uma melhor coordena\u00e7\u00e3o e alinhamento das atividades e medidas. O interc\u00e2mbio com outros actores relevantes do sector da Educa\u00e7\u00e3o, como a Wona Sanana, a PATH International e a ChildFund, promove a partilha de experi\u00eancias e boas pr\u00e1ticas. Actualmente, um grupo de pais est\u00e1 a criar uma Associa\u00e7\u00e3o para promover a inclus\u00e3o de crian\u00e7as portadoras de defici\u00eancia em Inhambane, j\u00e1 em estreito contacto com a Nhap\u00fapw\u00e8. Isso facilita a identifica\u00e7\u00e3o de crian\u00e7as com necessidades especiais e permite que as escolas ofere\u00e7am capacita\u00e7\u00f5es direccionadas \u00e0s suas necessidades.[\/vc_column_text][\/vc_column][\/vc_row][vc_row row_height_percent=&#8221;0&#8243; override_padding=&#8221;yes&#8221; h_padding=&#8221;2&#8243; top_padding=&#8221;0&#8243; bottom_padding=&#8221;3&#8243; overlay_alpha=&#8221;96&#8243; gutter_size=&#8221;4&#8243; column_width_percent=&#8221;100&#8243; shift_y=&#8221;0&#8243; z_index=&#8221;0&#8243; content_parallax=&#8221;0&#8243; uncode_shortcode_id=&#8221;117318&#8243;][vc_column column_width_percent=&#8221;100&#8243; gutter_size=&#8221;2&#8243; back_color=&#8221;color-lxmt&#8221; overlay_alpha=&#8221;50&#8243; radius=&#8221;xl&#8221; shift_x=&#8221;0&#8243; shift_y=&#8221;0&#8243; shift_y_down=&#8221;0&#8243; z_index=&#8221;0&#8243; medium_width=&#8221;0&#8243; mobile_width=&#8221;0&#8243; width=&#8221;1\/1&#8243; uncode_shortcode_id=&#8221;184076&#8243; back_color_type=&#8221;uncode-palette&#8221;][vc_row_inner][vc_column_inner column_width_percent=&#8221;100&#8243; gutter_size=&#8221;2&#8243; overlay_alpha=&#8221;50&#8243; shift_x=&#8221;0&#8243; shift_y=&#8221;0&#8243; shift_y_down=&#8221;0&#8243; z_index=&#8221;0&#8243; medium_width=&#8221;0&#8243; mobile_width=&#8221;0&#8243; width=&#8221;1\/2&#8243; uncode_shortcode_id=&#8221;206554&#8243;][vc_custom_heading heading_semantic=&#8221;h3&#8243; text_size=&#8221;h3&#8243; uncode_shortcode_id=&#8221;143142&#8243;]Associa\u00e7\u00e3o de Apoio Nhap\u00fapw\u00e8[\/vc_custom_heading][vc_separator sep_color=&#8221;color-uydo&#8221; uncode_shortcode_id=&#8221;972944&#8243; sep_color_type=&#8221;uncode-palette&#8221;][vc_column_text uncode_shortcode_id=&#8221;553065&#8243;]A Associa\u00e7\u00e3o de Apoio \u00e0 Nhap\u00fapw\u00e8, com sede na Alemanha, foi fundada em 2011 com o objetivo principal de promover o trabalho da Nhap\u00fapw\u00e8 e, assim, contribuir para a melhoria da qualidade da Educa\u00e7\u00e3o B\u00e1sica em Mo\u00e7ambique. Os m\u00e9todos de ensino e aprendizagem inclusivos e centrados na crian\u00e7a devem ser acess\u00edveis ao maior n\u00famero poss\u00edvel de crian\u00e7as, professores e educadores. O presidente da Associa\u00e7\u00e3o de Apoio, Tobias Krause, foi o primeiro volunt\u00e1rio do programa Weltw\u00e4rts e trabalhou na Nhap\u00fapw\u00e8 em Inhambane durante um ano, em 2008. Como professor de Educa\u00e7\u00e3o Especial, continua a contribuir com ideias valiosas para o trabalho pedag\u00f3gico e para as capacita\u00e7\u00f5es que a Nhapupwe recebe e oferece. Outros membros integrantes da Dire\u00e7\u00e3o da Associa\u00e7\u00e3o, Jenny Echelmeyer e Gudrun Gro\u00dfe Ruse, tamb\u00e9m conheceram de perto o trabalho da Nhap\u00fapw\u00e8 atrav\u00e9s de visitas particulares.    <\/p>\n<p>As doa\u00e7\u00f5es para a Associa\u00e7\u00e3o de Apoio s\u00e3o transferidas diretamente para a Nhap\u00fapw\u00e8 em Inhambane, e recibos de donativo dedut\u00edveis nos impostos s\u00e3o emitidos no final de cada ano. Relat\u00f3rios semestrais permitem que todos os membros da Associa\u00e7\u00e3o de Apoio acompanhem o desenvolvimento da Nhap\u00fapw\u00e8 e vejam que projectos foram apoiados com as doa\u00e7\u00f5es.[\/vc_column_text][\/vc_column_inner][vc_column_inner column_width_percent=&#8221;100&#8243; gutter_size=&#8221;3&#8243; back_color=&#8221;color-xsdn&#8221; overlay_alpha=&#8221;50&#8243; radius=&#8221;xl&#8221; shift_x=&#8221;0&#8243; shift_y=&#8221;0&#8243; shift_y_down=&#8221;0&#8243; z_index=&#8221;0&#8243; medium_width=&#8221;0&#8243; mobile_width=&#8221;0&#8243; parallax_intensity=&#8221;2&#8243; width=&#8221;1\/2&#8243; uncode_shortcode_id=&#8221;619991&#8243; back_color_type=&#8221;uncode-palette&#8221;][vc_custom_heading heading_semantic=&#8221;h4&#8243; text_size=&#8221;h4&#8243; uncode_shortcode_id=&#8221;130459&#8243;]Conselho de Direc\u00e7\u00e3o da Associa\u00e7\u00e3o de Apoio[\/vc_custom_heading][uncode_index el_id=&#8221;index-229650&#8243; index_type=&#8221;carousel&#8221; loop=&#8221;size:10|order_by:menu_order|order:ASC|post_type:teams|tax_query:40|taxonomy_count:10&#8243; carousel_lg=&#8221;3&#8243; carousel_md=&#8221;3&#8243; carousel_sm=&#8221;1&#8243; gutter_size=&#8221;2&#8243; teams_items=&#8221;media|featured|nolink|original,title&#8221; carousel_interval=&#8221;3000&#8243; carousel_navspeed=&#8221;400&#8243; carousel_dots_mobile=&#8221;yes&#8221; stage_padding=&#8221;0&#8243; single_shape=&#8221;round&#8221; radius=&#8221;std&#8221; single_overlay_opacity=&#8221;50&#8243; single_image_coloration=&#8221;desaturated&#8221; single_padding=&#8221;1&#8243; single_title_semantic=&#8221;div&#8221; single_title_family=&#8221;font-555555&#8243; uncode_shortcode_id=&#8221;565762&#8243;][vc_column_text uncode_shortcode_id=&#8221;171310&#8243;]Toda a Dire\u00e7\u00e3o da Associa\u00e7\u00e3o de Apoio trabalha de forma volunt\u00e1ria, o que elimina quaisquer custos administrativos. Com exce\u00e7\u00e3o de despesas m\u00ednimas, como o envio do postal de Natal anual ou taxas banc\u00e1rias, todas as doa\u00e7\u00f5es recebidas pela Associa\u00e7\u00e3o de Apoio s\u00e3o integralmente destinadas ao trabalho da Nhap\u00fapw\u00e8 em Mo\u00e7ambique.[\/vc_column_text][\/vc_column_inner][\/vc_row_inner][\/vc_column][\/vc_row][vc_row row_height_percent=&#8221;0&#8243; override_padding=&#8221;yes&#8221; h_padding=&#8221;2&#8243; top_padding=&#8221;0&#8243; bottom_padding=&#8221;3&#8243; overlay_alpha=&#8221;96&#8243; equal_height=&#8221;yes&#8221; gutter_size=&#8221;3&#8243; column_width_percent=&#8221;100&#8243; shift_y=&#8221;0&#8243; z_index=&#8221;0&#8243; content_parallax=&#8221;0&#8243; uncode_shortcode_id=&#8221;103043&#8243;][vc_column column_width_percent=&#8221;100&#8243; gutter_size=&#8221;2&#8243; back_color=&#8221;color-lxmt&#8221; overlay_alpha=&#8221;50&#8243; radius=&#8221;xl&#8221; shift_x=&#8221;0&#8243; shift_y=&#8221;0&#8243; shift_y_down=&#8221;0&#8243; z_index=&#8221;0&#8243; medium_width=&#8221;0&#8243; mobile_width=&#8221;0&#8243; width=&#8221;1\/2&#8243; uncode_shortcode_id=&#8221;159342&#8243; back_color_type=&#8221;uncode-palette&#8221;][vc_custom_heading heading_semantic=&#8221;h3&#8243; text_size=&#8221;h3&#8243; uncode_shortcode_id=&#8221;139052&#8243;]Programa de Voluntariado Weltw\u00e4rts, BMZ Welthaus Bielefeld[\/vc_custom_heading][vc_separator sep_color=&#8221;color-uydo&#8221; uncode_shortcode_id=&#8221;972944&#8243; sep_color_type=&#8221;uncode-palette&#8221;][vc_single_image media=&#8221;654&#8243; media_width_percent=&#8221;50&#8243; media_ratio=&#8221;four-three&#8221; shape=&#8221;img-round&#8221; radius=&#8221;lg&#8221; uncode_shortcode_id=&#8221;977497&#8243;][vc_column_text uncode_shortcode_id=&#8221;795188&#8243;]Desde o in\u00edcio do programa Weltw\u00e4rts, financiado pelo BMZ (Minist\u00e9rio Federal da Coopera\u00e7\u00e3o Econ\u00f3mica e Desenvolvimento da Alemanha), em 2008, a Nhap\u00fapw\u00e8 tem acolhido volunt\u00e1rios da Alemanha. O programa tem como objetivo oferecer a jovens a oportunidade de se envolverem numa nova cultura e contribu\u00edrem localmente durante um ano, ap\u00f3s a conclus\u00e3o do ensino secund\u00e1rio. Os volunt\u00e1rios do Weltw\u00e4rts na Nhap\u00fapw\u00e8 actuam na Pr\u00e9-escola e no Ensino Prim\u00e1rio, apoiando as aulas de ingl\u00eas, a produ\u00e7\u00e3o de Materiais Did\u00e1ticos e outras actividades. Isso acrescenta valor \u00e0 equipa diversificada da Nhap\u00fapw\u00e8, e muitas vezes surgem novas ideias a partir das experi\u00eancias e perspectivas diferentes dos volunt\u00e1rios. Na Alemanha, o programa \u00e9 organizado por v\u00e1rias entidades. O Welthaus Bielefeld envia volunt\u00e1rios para Mo\u00e7ambique e para a \u00c1frica Austral, sendo poss\u00edvel entrar em contacto com eles para mais informa\u00e7\u00f5es.[\/vc_column_text][\/vc_column][vc_column column_width_percent=&#8221;100&#8243; gutter_size=&#8221;2&#8243; back_color=&#8221;color-lxmt&#8221; overlay_alpha=&#8221;50&#8243; radius=&#8221;xl&#8221; shift_x=&#8221;0&#8243; shift_y=&#8221;0&#8243; shift_y_down=&#8221;0&#8243; z_index=&#8221;0&#8243; medium_width=&#8221;0&#8243; mobile_width=&#8221;0&#8243; width=&#8221;1\/2&#8243; uncode_shortcode_id=&#8221;124347&#8243; back_color_type=&#8221;uncode-palette&#8221;][vc_custom_heading heading_semantic=&#8221;h3&#8243; text_size=&#8221;h3&#8243; uncode_shortcode_id=&#8221;978282&#8243;]mobilezone Deutschland[\/vc_custom_heading][vc_separator sep_color=&#8221;color-uydo&#8221; uncode_shortcode_id=&#8221;972944&#8243; sep_color_type=&#8221;uncode-palette&#8221;][vc_single_image media=&#8221;642&#8243; media_width_percent=&#8221;50&#8243; media_ratio=&#8221;four-three&#8221; shape=&#8221;img-round&#8221; radius=&#8221;lg&#8221; uncode_shortcode_id=&#8221;126855&#8243;][vc_column_text uncode_shortcode_id=&#8221;187785&#8243;]Em 2012, a Nhap\u00fapw\u00e8 teve a sorte de conhecer a mobilezone (ent\u00e3o ainda conhecida como powwow). Desde ent\u00e3o, a mobilezone tem apoiado o trabalho da Nhap\u00fapw\u00e8 com doa\u00e7\u00f5es regulares e apoio t\u00e9cnico. A constru\u00e7\u00e3o da infraestrutura pr\u00f3pria da Nhap\u00fapw\u00e8\u2014composta por uma pr\u00e9-escola, uma escola prim\u00e1ria, uma biblioteca, dois autocarros escolares, caminhos acess\u00edveis para cadeiras de rodas e boas instala\u00e7\u00f5es sanit\u00e1rias\u2014foi em grande parte financiada pela mobilezone. Isso permitiu \u00e0 Nhap\u00fapw\u00e8 aumentar o n\u00famero de crian\u00e7as atendidas de 45 para mais de 350 atualmente. A infraestrutura de alta qualidade tamb\u00e9m refor\u00e7ou o reconhecimento da Nhap\u00fapw\u00e8 junto ao governo e a outras organiza\u00e7\u00f5es em Mo\u00e7ambique, possibilitando a implementa\u00e7\u00e3o de grandes projetos de coopera\u00e7\u00e3o. No \u00e2mbito do projeto Butterfly, a mobilezone apoia a Nhap\u00fapw\u00e8 com aconselhamento profissional nas \u00e1reas de marketing, design, imagem institucional e angaria\u00e7\u00e3o de fundos. Por exemplo, a mobilezone organizou o desenvolvimento do log\u00f3tipo e do novo website. Colaboradores da mobilezone tamb\u00e9m visitam a Nhap\u00fapw\u00e8 para conhecer o trabalho de perto e contribuir diretamente, de forma orientada \u00e0s necessidades locais, atrav\u00e9s de miss\u00f5es volunt\u00e1rias no terreno.[\/vc_column_text][\/vc_column][\/vc_row]<\/p>\n<\/div>","protected":false},"excerpt":{"rendered":"<p>[vc_row row_height_percent=&#8221;50&#8243; override_padding=&#8221;yes&#8221; h_padding=&#8221;2&#8243; top_padding=&#8221;5&#8243; bottom_padding=&#8221;5&#8243; back_color=&#8221;green-nhapupwe&#8221; back_image=&#8221;64&#8243; back_repeat=&#8221;no-repeat&#8221; parallax=&#8221;yes&#8221; overlay_alpha=&#8221;0&#8243; overlay_animated=&#8221;yes&#8221; overlay_animated_1_color=&#8221;yellow-nhapupwe&#8221; overlay_animated_2_color=&#8221;green-nhapupwe&#8221; overlay_animated_speed=&#8221;1500&#8243; overlay_animated_size=&#8221;1.2&#8243; gutter_size=&#8221;4&#8243; column_width_percent=&#8221;100&#8243; shift_y=&#8221;0&#8243; z_index=&#8221;0&#8243; [&hellip;]<\/p>\n","protected":false},"author":1,"featured_media":0,"parent":0,"menu_order":0,"comment_status":"closed","ping_status":"closed","template":"","meta":{"footnotes":""},"class_list":["post-1209","page","type-page","status-publish","hentry"],"_links":{"self":[{"href":"https:\/\/nhapupwe.creativeplusplus.com\/pt-pt\/wp-json\/wp\/v2\/pages\/1209","targetHints":{"allow":["GET"]}}],"collection":[{"href":"https:\/\/nhapupwe.creativeplusplus.com\/pt-pt\/wp-json\/wp\/v2\/pages"}],"about":[{"href":"https:\/\/nhapupwe.creativeplusplus.com\/pt-pt\/wp-json\/wp\/v2\/types\/page"}],"author":[{"embeddable":true,"href":"https:\/\/nhapupwe.creativeplusplus.com\/pt-pt\/wp-json\/wp\/v2\/users\/1"}],"replies":[{"embeddable":true,"href":"https:\/\/nhapupwe.creativeplusplus.com\/pt-pt\/wp-json\/wp\/v2\/comments?post=1209"}],"version-history":[{"count":7,"href":"https:\/\/nhapupwe.creativeplusplus.com\/pt-pt\/wp-json\/wp\/v2\/pages\/1209\/revisions"}],"predecessor-version":[{"id":1384,"href":"https:\/\/nhapupwe.creativeplusplus.com\/pt-pt\/wp-json\/wp\/v2\/pages\/1209\/revisions\/1384"}],"wp:attachment":[{"href":"https:\/\/nhapupwe.creativeplusplus.com\/pt-pt\/wp-json\/wp\/v2\/media?parent=1209"}],"curies":[{"name":"wp","href":"https:\/\/api.w.org\/{rel}","templated":true}]}}