{"id":1206,"date":"2025-04-28T09:49:13","date_gmt":"2025-04-28T09:49:13","guid":{"rendered":"https:\/\/nhapupwe.creativeplusplus.com\/home\/"},"modified":"2025-09-22T10:55:02","modified_gmt":"2025-09-22T10:55:02","slug":"home","status":"publish","type":"page","link":"https:\/\/nhapupwe.creativeplusplus.com\/pt-pt\/","title":{"rendered":"P\u00e0gina inicial"},"content":{"rendered":"<div class=\"wpb-content-wrapper\"><p>[vc_row row_height_percent=&#8221;85&#8243; override_padding=&#8221;yes&#8221; h_padding=&#8221;2&#8243; top_padding=&#8221;2&#8243; bottom_padding=&#8221;2&#8243; back_color=&#8221;gradient-green-yellow-nhapupwe&#8221; back_image=&#8221;68&#8243; parallax=&#8221;yes&#8221; overlay_color=&#8221;gradient-green-yellow-nhapupwe&#8221; overlay_alpha=&#8221;90&#8243; gutter_size=&#8221;3&#8243; column_width_percent=&#8221;100&#8243; shift_y=&#8221;0&#8243; z_index=&#8221;0&#8243; bottom_divider=&#8221;swoosh-opacity&#8221; content_parallax=&#8221;0&#8243; row_name=&#8221;iphone&#8221; el_class=&#8221;gradient&#8221; uncode_shortcode_id=&#8221;662966&#8243; overlay_color_type=&#8221;uncode-palette&#8221; back_color_type=&#8221;uncode-palette&#8221;][vc_column column_width_percent=&#8221;100&#8243; position_vertical=&#8221;middle&#8221; gutter_size=&#8221;3&#8243; style=&#8221;dark&#8221; overlay_alpha=&#8221;50&#8243; shift_x=&#8221;0&#8243; shift_y=&#8221;0&#8243; shift_y_down=&#8221;0&#8243; z_index=&#8221;0&#8243; medium_width=&#8221;7&#8243; align_mobile=&#8221;align_left_mobile&#8221; mobile_width=&#8221;7&#8243; css_animation=&#8221;bottom-t-top&#8221; animation_delay=&#8221;200&#8243; width=&#8221;1\/2&#8243; uncode_shortcode_id=&#8221;801771&#8243;][vc_custom_heading heading_semantic=&#8221;h1&#8243; text_size=&#8221;h1&#8243; css_animation=&#8221;parallax&#8221; parallax_intensity=&#8221;1&#8243; uncode_shortcode_id=&#8221;198196&#8243;]<span style=\"font-weight: 400;\">A Nhap\u00fapw\u00e8 \u00e9 uma associa\u00e7\u00e3o sem fins lucrativos em Mo\u00e7ambique dedicada a melhorar a qualidade da Educa\u00e7\u00e3o Pr\u00e9-escolar e do Ensino Prim\u00e1rio\u2013para todas crian\u00e7as.<\/span>[\/vc_custom_heading][vc_column_text text_lead=&#8221;yes&#8221; uncode_shortcode_id=&#8221;204389&#8243;]<span style=\"font-weight: 400;\">Das nossas salas de aula inclusivas \u00e0 nossa equipa heterog\u00e9nea (ou interdisciplinar), acreditamos que as diferen\u00e7as nos tornam mais fortes. Nhap\u00fapw\u00e8 significa Borboleta na l\u00edngua local, um s\u00edmbolo que ajuda as crian\u00e7as a compreender que cada cor e forma traz beleza ao mundo.  <\/span>[\/vc_column_text][vc_empty_space empty_h=&#8221;1&#8243; mobile_visibility=&#8221;yes&#8221;][vc_button border_width=&#8221;0&#8243; link=&#8221;url:https%3A%2F%2Fnhapupwe.creativeplusplus.com%2Fpt-pt%2Fdonate%2F|title:Doar|&#8221; uncode_shortcode_id=&#8221;112789&#8243;]Doar[\/vc_button][\/vc_column][vc_column column_width_percent=&#8221;100&#8243; position_horizontal=&#8221;right&#8221; position_vertical=&#8221;middle&#8221; gutter_size=&#8221;3&#8243; style=&#8221;dark&#8221; back_image=&#8221;797&#8243; back_position=&#8221;right top&#8221; overlay_alpha=&#8221;50&#8243; shift_x=&#8221;0&#8243; shift_y=&#8221;0&#8243; shift_y_down=&#8221;0&#8243; z_index=&#8221;0&#8243; medium_width=&#8221;0&#8243; mobile_width=&#8221;0&#8243; css_animation=&#8221;bottom-t-top&#8221; animation_speed=&#8221;500&#8243; width=&#8221;1\/2&#8243; uncode_shortcode_id=&#8221;154564&#8243; back_size=&#8221;25%&#8221; el_class=&#8221;overflow-hidden&#8221;][vc_row_inner row_inner_height_percent=&#8221;0&#8243; overlay_alpha=&#8221;50&#8243; gutter_size=&#8221;3&#8243; shift_y=&#8221;0&#8243; z_index=&#8221;0&#8243; uncode_shortcode_id=&#8221;213652&#8243; el_class=&#8221;overflow-hidden&#8221;][vc_column_inner width=&#8221;1\/1&#8243;][vc_gallery el_id=&#8221;gallery-582721&#8243; type=&#8221;carousel&#8221; medias=&#8221;70,996,999,1010&#8243; carousel_lg=&#8221;1&#8243; carousel_md=&#8221;1&#8243; carousel_sm=&#8221;1&#8243; thumb_size=&#8221;three-four&#8221; gutter_size=&#8221;1&#8243; media_items=&#8221;media|nolink|original&#8221; carousel_v_align=&#8221;middle&#8221; carousel_interval=&#8221;3000&#8243; carousel_navspeed=&#8221;400&#8243; carousel_loop=&#8221;yes&#8221; carousel_overflow=&#8221;yes&#8221; carousel_dots=&#8221;yes&#8221; carousel_dots_inside=&#8221;yes&#8221; carousel_dot_padding=&#8221;2&#8243; carousel_half_opacity=&#8221;yes&#8221; carousel_scaled=&#8221;yes&#8221; stage_padding=&#8221;40&#8243; single_shape=&#8221;round&#8221; radius=&#8221;xl&#8221; single_overlay_opacity=&#8221;1&#8243; single_overlay_visible=&#8221;yes&#8221; single_overlay_anim=&#8221;no&#8221; single_image_anim=&#8221;no&#8221; single_padding=&#8221;0&#8243; single_border=&#8221;yes&#8221; uncode_shortcode_id=&#8221;122333&#8243;][\/vc_column_inner][\/vc_row_inner][\/vc_column][\/vc_row][vc_row row_height_percent=&#8221;0&#8243; override_padding=&#8221;yes&#8221; h_padding=&#8221;2&#8243; top_padding=&#8221;2&#8243; bottom_padding=&#8221;2&#8243; parallax=&#8221;yes&#8221; overlay_color=&#8221;green-nhapupwe&#8221; overlay_alpha=&#8221;100&#8243; gutter_size=&#8221;100&#8243; column_width_percent=&#8221;100&#8243; shift_y=&#8221;0&#8243; z_index=&#8221;0&#8243; content_parallax=&#8221;0&#8243; style=&#8221;inherited&#8221; uncode_shortcode_id=&#8221;189183&#8243; overlay_color_type=&#8221;uncode-palette&#8221;][vc_column column_width_percent=&#8221;100&#8243; position_vertical=&#8221;middle&#8221; align_horizontal=&#8221;align_center&#8221; gutter_size=&#8221;2&#8243; style=&#8221;dark&#8221; overlay_alpha=&#8221;100&#8243; shift_x=&#8221;0&#8243; shift_y=&#8221;0&#8243; shift_y_down=&#8221;0&#8243; z_index=&#8221;0&#8243; medium_width=&#8221;0&#8243; mobile_width=&#8221;0&#8243; css_animation=&#8221;alpha-anim&#8221; animation_speed=&#8221;1000&#8243; animation_delay=&#8221;600&#8243; zoom_width=&#8221;0&#8243; zoom_height=&#8221;0&#8243; width=&#8221;1\/1&#8243; uncode_shortcode_id=&#8221;895213&#8243;][vc_custom_heading heading_semantic=&#8221;h3&#8243; text_size=&#8221;h4&#8243; text_weight=&#8221;700&#8243; css_animation=&#8221;marquee-scroll&#8221; marquee_clone=&#8221;yes&#8221; marquee_speed=&#8221;0&#8243; uncode_shortcode_id=&#8221;361940&#8243;]- O nosso lema: <strong>A diversidade enriquece!<\/strong>[\/vc_custom_heading][\/vc_column][\/vc_row][vc_row row_height_percent=&#8221;0&#8243; override_padding=&#8221;yes&#8221; h_padding=&#8221;2&#8243; top_padding=&#8221;5&#8243; bottom_padding=&#8221;2&#8243; overlay_alpha=&#8221;50&#8243; gutter_size=&#8221;3&#8243; column_width_percent=&#8221;100&#8243; shift_y=&#8221;0&#8243; z_index=&#8221;0&#8243; content_parallax=&#8221;0&#8243; uncode_shortcode_id=&#8221;293035&#8243;][vc_column width=&#8221;1\/1&#8243;][vc_custom_heading uncode_shortcode_id=&#8221;121747&#8243;]Valores e Visao[\/vc_custom_heading][\/vc_column][\/vc_row][vc_row row_height_percent=&#8221;0&#8243; override_padding=&#8221;yes&#8221; h_padding=&#8221;2&#8243; top_padding=&#8221;2&#8243; bottom_padding=&#8221;5&#8243; overlay_alpha=&#8221;50&#8243; equal_height=&#8221;yes&#8221; gutter_size=&#8221;3&#8243; column_width_percent=&#8221;100&#8243; shift_y=&#8221;0&#8243; z_index=&#8221;0&#8243; content_parallax=&#8221;0&#8243; uncode_shortcode_id=&#8221;160514&#8243;][vc_column column_width_percent=&#8221;100&#8243; position_vertical=&#8221;middle&#8221; gutter_size=&#8221;3&#8243; override_padding=&#8221;yes&#8221; column_padding=&#8221;2&#8243; style=&#8221;dark&#8221; back_color=&#8221;yellow-nhapupwe&#8221; back_image=&#8221;555&#8243; back_position=&#8221;left top&#8221; overlay_alpha=&#8221;50&#8243; overlay_color_blend=&#8221;exclusion&#8221; radius=&#8221;xl&#8221; shift_x=&#8221;0&#8243; shift_y=&#8221;0&#8243; shift_y_down=&#8221;0&#8243; z_index=&#8221;0&#8243; medium_width=&#8221;0&#8243; mobile_width=&#8221;0&#8243; parallax_intensity=&#8221;1&#8243; width=&#8221;1\/1&#8243; uncode_shortcode_id=&#8221;137266&#8243; back_color_type=&#8221;uncode-palette&#8221; back_size=&#8221;50%&#8221;][vc_row_inner][vc_column_inner width=&#8221;1\/2&#8243;][vc_single_image media=&#8221;1070&#8243; media_width_percent=&#8221;100&#8243; media_ratio=&#8221;four-three&#8221; alignment=&#8221;center&#8221; shape=&#8221;img-round&#8221; radius=&#8221;lg&#8221; uncode_shortcode_id=&#8221;192178&#8243;][\/vc_column_inner][vc_column_inner column_width_percent=&#8221;100&#8243; position_vertical=&#8221;middle&#8221; gutter_size=&#8221;3&#8243; overlay_alpha=&#8221;50&#8243; shift_x=&#8221;0&#8243; shift_y=&#8221;0&#8243; shift_y_down=&#8221;0&#8243; z_index=&#8221;0&#8243; medium_width=&#8221;0&#8243; mobile_width=&#8221;0&#8243; width=&#8221;1\/2&#8243; uncode_shortcode_id=&#8221;521072&#8243;][vc_custom_heading heading_semantic=&#8221;h3&#8243; text_size=&#8221;h3&#8243; subheading=&#8221;O trabalho pr\u00e1tico da Nhap\u00fapw\u00e8 abrange a educa\u00e7\u00e3o na pr\u00e9-escola e no ensino prim\u00e1rio. A nossa escola \u00e9 um espa\u00e7o alegre e inclusivo, onde crian\u00e7as de diferentes origens, com e sem defici\u00eancia, aprendem juntas. As fam\u00edlias que podem pagar contribuem com uma mensalidade solid\u00e1ria, o que permite que um ter\u00e7o dos alunos, provenientes de fam\u00edlias de baixa renda, possa frequentar a escola.  &#8221; uncode_shortcode_id=&#8221;452638&#8243;]Pr\u00e9-escola e Ensino Prim\u00e1rio[\/vc_custom_heading][vc_button size=&#8221;btn-sm&#8221; border_width=&#8221;0&#8243; uncode_shortcode_id=&#8221;714179&#8243; link=&#8221;url:https%3A%2F%2Fnhapupwe.creativeplusplus.com%2Fpt-pt%2Fvalues-vision%2F%23preschool|&#8221;]Ler Mais[\/vc_button][\/vc_column_inner][\/vc_row_inner][\/vc_column][\/vc_row][vc_row row_height_percent=&#8221;0&#8243; override_padding=&#8221;yes&#8221; h_padding=&#8221;2&#8243; top_padding=&#8221;2&#8243; bottom_padding=&#8221;5&#8243; overlay_alpha=&#8221;50&#8243; equal_height=&#8221;yes&#8221; gutter_size=&#8221;3&#8243; column_width_percent=&#8221;100&#8243; shift_y=&#8221;0&#8243; z_index=&#8221;0&#8243; el_class=&#8221;inverted-device-order&#8221;][vc_column column_width_percent=&#8221;100&#8243; position_vertical=&#8221;middle&#8221; gutter_size=&#8221;3&#8243; override_padding=&#8221;yes&#8221; column_padding=&#8221;2&#8243; style=&#8221;dark&#8221; back_color=&#8221;green-nhapupwe&#8221; back_image=&#8221;561&#8243; back_position=&#8221;left top&#8221; overlay_alpha=&#8221;50&#8243; overlay_color_blend=&#8221;exclusion&#8221; radius=&#8221;xl&#8221; shift_x=&#8221;0&#8243; shift_y=&#8221;0&#8243; shift_y_down=&#8221;0&#8243; z_index=&#8221;0&#8243; medium_width=&#8221;0&#8243; mobile_width=&#8221;0&#8243; parallax_intensity=&#8221;1&#8243; width=&#8221;1\/2&#8243; uncode_shortcode_id=&#8221;173548&#8243; back_color_type=&#8221;uncode-palette&#8221; back_size=&#8221;50%&#8221;][vc_single_image media=&#8221;1087&#8243; media_width_percent=&#8221;100&#8243; media_ratio=&#8221;four-three&#8221; alignment=&#8221;center&#8221; shape=&#8221;img-round&#8221; radius=&#8221;lg&#8221; uncode_shortcode_id=&#8221;190873&#8243;][vc_custom_heading heading_semantic=&#8221;h3&#8243; text_size=&#8221;h3&#8243; subheading=&#8221;Para contribuir de forma sustent\u00e1vel para a melhoria da qualidade da educa\u00e7\u00e3o b\u00e1sica em Mo\u00e7ambique, a Nhap\u00fapw\u00e8 partilha os seus conhecimentos com parceiros locais atrav\u00e9s de capacita\u00e7\u00e3o pr\u00e1tica e servi\u00e7os estrat\u00e9gicos de assessoria.&#8221; uncode_shortcode_id=&#8221;197077&#8243;]Capacita\u00e7\u00e3o e Assessoria[\/vc_custom_heading][vc_button size=&#8221;btn-sm&#8221; border_width=&#8221;0&#8243; uncode_shortcode_id=&#8221;956750&#8243; link=&#8221;url:https%3A%2F%2Fnhapupwe.creativeplusplus.com%2Fpt-pt%2Fvalues-vision%2F%23consultation|&#8221;]Ler Mais[\/vc_button][\/vc_column][vc_column column_width_percent=&#8221;100&#8243; gutter_size=&#8221;3&#8243; override_padding=&#8221;yes&#8221; column_padding=&#8221;2&#8243; style=&#8221;dark&#8221; back_color=&#8221;green2-nhapupwe&#8221; back_image=&#8221;564&#8243; back_position=&#8221;center top&#8221; overlay_alpha=&#8221;50&#8243; radius=&#8221;xl&#8221; shift_x=&#8221;0&#8243; shift_y=&#8221;0&#8243; shift_y_down=&#8221;0&#8243; z_index=&#8221;0&#8243; medium_width=&#8221;0&#8243; mobile_width=&#8221;0&#8243; parallax_intensity=&#8221;2&#8243; width=&#8221;1\/2&#8243; uncode_shortcode_id=&#8221;768923&#8243; back_color_type=&#8221;uncode-palette&#8221; back_size=&#8221;50%&#8221;][vc_single_image media=&#8221;1046&#8243; media_width_percent=&#8221;100&#8243; media_ratio=&#8221;four-three&#8221; alignment=&#8221;center&#8221; shape=&#8221;img-round&#8221; radius=&#8221;lg&#8221; uncode_shortcode_id=&#8221;360894&#8243;][vc_custom_heading heading_semantic=&#8221;h3&#8243; text_size=&#8221;h3&#8243; subheading=&#8221;Desde o primeiro dia, a Nhap\u00fapw\u00e8 tem vindo a desenvolver inova\u00e7\u00f5es pedag\u00f3gicas para responder a uma grande pergunta: como proporcionar uma educa\u00e7\u00e3o de qualidade\u2014mesmo com recursos financeiros limitados? \u00c9 isso que inspira as nossas ideias criativas e pr\u00e1ticas de ensino. &#8221; uncode_shortcode_id=&#8221;166253&#8243;]Inova\u00e7\u00e3o[\/vc_custom_heading][vc_button size=&#8221;btn-sm&#8221; border_width=&#8221;0&#8243; uncode_shortcode_id=&#8221;600415&#8243; link=&#8221;url:https%3A%2F%2Fnhapupwe.creativeplusplus.com%2Fpt-pt%2Fvalues-vision%2F%23innovation|&#8221;]Ler Mais[\/vc_button][\/vc_column][\/vc_row][vc_row row_height_percent=&#8221;0&#8243; override_padding=&#8221;yes&#8221; h_padding=&#8221;2&#8243; top_padding=&#8221;4&#8243; bottom_padding=&#8221;4&#8243; back_image=&#8221;75&#8243; parallax=&#8221;yes&#8221; kburns=&#8221;yes&#8221; overlay_alpha=&#8221;90&#8243; gutter_size=&#8221;3&#8243; column_width_percent=&#8221;100&#8243; shift_y=&#8221;0&#8243; z_index=&#8221;0&#8243; css_animation=&#8221;scroll-trigger&#8221; animate_el=&#8221;bg&#8221; animation_scale_val=&#8221;90&#8243; animation_opacity=&#8221;100&#8243; animation_x=&#8221;0&#8243; animation_y=&#8221;0&#8243; animation_blur=&#8221;0&#8243; animation_rotate=&#8221;0&#8243; animation_perspective=&#8221;0&#8243; animation_offset_top=&#8221;100&#8243; animation_offset_bottom=&#8221;0&#8243; disable_mobile=&#8221;yes&#8221; content_parallax=&#8221;0&#8243; uncode_shortcode_id=&#8221;863478&#8243; overlay_color_type=&#8221;uncode-gradient&#8221; overlay_color_gradient=&#8221;{&#8220;css&#8220;:&#8220;background: linear-gradient(to left , rgb(0, 107, 89) 6% , rgb(37, 137, 56) 100%);&#8220;,&#8220;sliders&#8220;:`{`{&#8220;color&#8220;:&#8220;rgb(0, 107, 89)&#8220;,&#8220;position&#8220;:6},{&#8220;color&#8220;:&#8220;rgb(37, 137, 56)&#8220;,&#8220;position&#8220;:100}`}`,&#8220;type&#8220;:&#8220;linear&#8220;,&#8220;direction&#8220;:&#8220;right&#8220;}&#8221; animation_radius=&#8221;36px&#8221;][vc_column column_width_percent=&#8221;100&#8243; position_vertical=&#8221;middle&#8221; gutter_size=&#8221;4&#8243; override_padding=&#8221;yes&#8221; column_padding=&#8221;2&#8243; style=&#8221;dark&#8221; overlay_alpha=&#8221;50&#8243; radius=&#8221;xl&#8221; shift_x=&#8221;0&#8243; shift_y=&#8221;0&#8243; shift_y_down=&#8221;0&#8243; z_index=&#8221;0&#8243; medium_width=&#8221;0&#8243; mobile_width=&#8221;0&#8243; width=&#8221;1\/1&#8243; uncode_shortcode_id=&#8221;210607&#8243;][vc_row_inner row_inner_height_percent=&#8221;0&#8243; overlay_alpha=&#8221;50&#8243; gutter_size=&#8221;6&#8243; shift_y=&#8221;0&#8243; z_index=&#8221;0&#8243; uncode_shortcode_id=&#8221;160148&#8243;][vc_column_inner column_width_percent=&#8221;100&#8243; gutter_size=&#8221;3&#8243; style=&#8221;dark&#8221; overlay_alpha=&#8221;50&#8243; shift_x=&#8221;0&#8243; shift_y=&#8221;0&#8243; shift_y_down=&#8221;0&#8243; z_index=&#8221;0&#8243; medium_width=&#8221;0&#8243; mobile_width=&#8221;0&#8243; width=&#8221;1\/2&#8243; uncode_shortcode_id=&#8221;937298&#8243;][vc_custom_heading heading_semantic=&#8221;h3&#8243; text_size=&#8221;h1&#8243; uncode_shortcode_id=&#8221;168339&#8243;]A Hist\u00f3ria da Nhap\u00fapw\u00e8[\/vc_custom_heading][vc_custom_heading text_size=&#8221;h3&#8243; uncode_shortcode_id=&#8221;655024&#8243;]2005 &#8211; 2006[\/vc_custom_heading][vc_column_text uncode_shortcode_id=&#8221;256244&#8243;]<span style=\"font-weight: 400;\">Em 2005, dois professores mo\u00e7ambicanos e uma professora alem\u00e3 de educa\u00e7\u00e3o especial juntaram-se a uma iniciativa de pais para fundar uma pr\u00e9-escola. Tudo come\u00e7ou com apenas cinco crian\u00e7as a brincar e a aprender num quintal, enquanto se renovava uma casa adequada. Desde o in\u00edcio, a escola seguiu um modelo solid\u00e1rio: as fam\u00edlias que podiam pagar ajudavam a cobrir as mensalidades das que n\u00e3o podiam. Os materiais de aprendizagem e os brinquedos eram feitos \u00e0 m\u00e3o, com recursos locais. As crian\u00e7as divertiam-se e aprendiam bem, e cada vez mais fam\u00edlias se juntaram ao projeto.    <\/span>[\/vc_column_text][\/vc_column_inner][vc_column_inner width=&#8221;1\/2&#8243;][vc_single_image media=&#8221;1019&#8243; media_width_percent=&#8221;100&#8243; media_ratio=&#8221;three-two&#8221; shape=&#8221;img-round&#8221; radius=&#8221;xl&#8221; lbox_transparency=&#8221;opaque&#8221; uncode_shortcode_id=&#8221;122437&#8243;][\/vc_column_inner][\/vc_row_inner][vc_empty_space empty_h=&#8221;2&#8243;][vc_row_inner row_inner_height_percent=&#8221;0&#8243; overlay_alpha=&#8221;50&#8243; equal_height=&#8221;yes&#8221; gutter_size=&#8221;3&#8243; shift_y=&#8221;0&#8243; z_index=&#8221;0&#8243;][vc_column_inner column_width_percent=&#8221;100&#8243; gutter_size=&#8221;2&#8243; style=&#8221;dark&#8221; overlay_alpha=&#8221;50&#8243; shift_x=&#8221;0&#8243; shift_y=&#8221;0&#8243; shift_y_down=&#8221;0&#8243; z_index=&#8221;0&#8243; medium_width=&#8221;0&#8243; mobile_width=&#8221;7&#8243; toggle=&#8221;yes&#8221; max_height=&#8221;600&#8243; closed_txt=&#8221;Read More&#8221; btn_margin=&#8221;std&#8221; fade=&#8221;sm&#8221; btn_align=&#8221;left&#8221; width=&#8221;1\/3&#8243; uncode_shortcode_id=&#8221;153709&#8243;][vc_single_image media=&#8221;524&#8243; media_width_percent=&#8221;100&#8243; media_ratio=&#8221;four-three&#8221; shape=&#8221;img-round&#8221; radius=&#8221;xl&#8221; lbox_transparency=&#8221;opaque&#8221; uncode_shortcode_id=&#8221;256057&#8243;][vc_custom_heading text_size=&#8221;h3&#8243; uncode_shortcode_id=&#8221;347849&#8243;]2007 &#8211; 2010[\/vc_custom_heading][vc_separator sep_color=&#8221;,Default&#8221;][vc_column_text uncode_shortcode_id=&#8221;114908&#8243;]<span style=\"font-weight: 400;\">Em 2007, a Nhap\u00fapw\u00e8 tornou-se formalmente uma organiza\u00e7\u00e3o sem fins lucrativos e, com mais de 25 crian\u00e7as, iniciou-se a procura de um espa\u00e7o maior. Outras pr\u00e9-escolas demonstraram interesse nos nossos m\u00e9todos e materiais, o que levou \u00e0 realiza\u00e7\u00e3o das primeiras capacita\u00e7\u00f5es de professores nesse mesmo ano. \u00c0 medida que mais crian\u00e7as e educadores se juntaram, os pais pediram que o conceito se ampliasse tamb\u00e9m para o ensino prim\u00e1rio.  <\/span>[\/vc_column_text][vc_separator sep_color=&#8221;&#8221; uncode_shortcode_id=&#8221;151197&#8243;][\/vc_column_inner][vc_column_inner column_width_percent=&#8221;100&#8243; gutter_size=&#8221;2&#8243; style=&#8221;dark&#8221; overlay_alpha=&#8221;50&#8243; shift_x=&#8221;0&#8243; shift_y=&#8221;0&#8243; shift_y_down=&#8221;0&#8243; z_index=&#8221;0&#8243; medium_width=&#8221;0&#8243; mobile_width=&#8221;0&#8243; toggle=&#8221;yes&#8221; max_height=&#8221;600&#8243; closed_txt=&#8221;Read More&#8221; btn_margin=&#8221;std&#8221; fade=&#8221;sm&#8221; btn_align=&#8221;left&#8221; width=&#8221;1\/3&#8243; uncode_shortcode_id=&#8221;473418&#8243;][vc_single_image media=&#8221;1061&#8243; media_width_percent=&#8221;100&#8243; media_ratio=&#8221;four-three&#8221; shape=&#8221;img-round&#8221; radius=&#8221;xl&#8221; lbox_transparency=&#8221;opaque&#8221; uncode_shortcode_id=&#8221;500647&#8243;][vc_custom_heading text_size=&#8221;h3&#8243; uncode_shortcode_id=&#8221;908325&#8243;]2011 &#8211; 2013[\/vc_custom_heading][vc_separator sep_color=&#8221;,Default&#8221;][vc_column_text uncode_shortcode_id=&#8221;483261&#8243;]<span style=\"font-weight: 400;\">Com o apoio da embaixada alem\u00e3 e de doadores, a constru\u00e7\u00e3o do edif\u00edcio escolar come\u00e7ou em 2011, e a primeira classe do ensino prim\u00e1rio abriu em 2012. Foi fundada uma associa\u00e7\u00e3o de apoio na Alemanha. A procura pelas a\u00e7\u00f5es de capacita\u00e7\u00e3o e assessoria da Nhap\u00fapw\u00e8 cresceu, assim como as parcerias com autoridades locais\u2014chegando at\u00e9 a contribuir para a elabora\u00e7\u00e3o do curr\u00edculo nacional de forma\u00e7\u00e3o de educadores. As forma\u00e7\u00f5es expandiram-se para todo o pa\u00eds em colabora\u00e7\u00e3o com diversos parceiros. Em 2012, a Nhap\u00fapw\u00e8 conheceu a mobilezone (ent\u00e3o sparhandy e depois powwow), cujo apoio deu um grande impulso ao desenvolvimento da associa\u00e7\u00e3o. As doa\u00e7\u00f5es regulares financiaram edif\u00edcios dedicados \u00e0 pr\u00e9-escola e \u00e1 escola prim\u00e1ria, permitindo acolher mais crian\u00e7as e fortalecendo a posi\u00e7\u00e3o da Nhap\u00fapw\u00e8 junto ao governo e aos parceiros.     <\/span>[\/vc_column_text][vc_separator sep_color=&#8221;,Default&#8221;][\/vc_column_inner][vc_column_inner column_width_percent=&#8221;100&#8243; gutter_size=&#8221;2&#8243; style=&#8221;dark&#8221; overlay_alpha=&#8221;50&#8243; shift_x=&#8221;0&#8243; shift_y=&#8221;0&#8243; shift_y_down=&#8221;0&#8243; z_index=&#8221;0&#8243; medium_width=&#8221;0&#8243; mobile_width=&#8221;0&#8243; toggle=&#8221;yes&#8221; max_height=&#8221;600&#8243; closed_txt=&#8221;Read More&#8221; btn_margin=&#8221;std&#8221; fade=&#8221;sm&#8221; btn_align=&#8221;left&#8221; width=&#8221;1\/3&#8243; uncode_shortcode_id=&#8221;145387&#8243;][vc_single_image media=&#8221;1120&#8243; media_width_percent=&#8221;100&#8243; media_ratio=&#8221;four-three&#8221; shape=&#8221;img-round&#8221; radius=&#8221;xl&#8221; lbox_transparency=&#8221;opaque&#8221; uncode_shortcode_id=&#8221;182085&#8243;][vc_custom_heading text_size=&#8221;h3&#8243; uncode_shortcode_id=&#8221;803614&#8243;]2014 at\u00e9 Hoje[\/vc_custom_heading][vc_separator sep_color=&#8221;,Default&#8221;][vc_column_text uncode_shortcode_id=&#8221;524594&#8243;]<span style=\"font-weight: 400;\">Em 2014, a Nhap\u00fapw\u00e8 iniciou a capacita\u00e7\u00e3o de professores e formadores dos institutos nacionais de forma\u00e7\u00e3o de professores. Nos anos seguintes, estabelecemos uma parceria com a UNICEF para alcan\u00e7ar muito mais professores no norte de Mo\u00e7ambique. Gra\u00e7as ao apoio da mobilezone, novas salas de aula foram inauguradas em 2018, permitindo que a nossa escola prim\u00e1ria funcionasse com duas turmas por ano e acolhesse ainda mais alunos. Hoje, mais de 350 crian\u00e7as frequentam a nossa pr\u00e9-escola e escola prim\u00e1ria, apoiadas por uma equipa de mais de 30 colaboradores dedicados tanto \u00e0s crian\u00e7as quanto \u00e0 partilha do modelo educativo da Nhap\u00fapw\u00e8.   <\/span>[\/vc_column_text][vc_separator sep_color=&#8221;,Default&#8221;][\/vc_column_inner][\/vc_row_inner][\/vc_column][\/vc_row][vc_row row_height_percent=&#8221;0&#8243; override_padding=&#8221;yes&#8221; h_padding=&#8221;2&#8243; top_padding=&#8221;3&#8243; bottom_padding=&#8221;3&#8243; overlay_alpha=&#8221;50&#8243; gutter_size=&#8221;3&#8243; column_width_percent=&#8221;100&#8243; shift_y=&#8221;0&#8243; z_index=&#8221;0&#8243; top_divider=&#8221;gradient&#8221; content_parallax=&#8221;0&#8243; uncode_shortcode_id=&#8221;197476&#8243;][vc_column column_width_percent=&#8221;100&#8243; gutter_size=&#8221;4&#8243; overlay_alpha=&#8221;50&#8243; shift_x=&#8221;0&#8243; shift_y=&#8221;0&#8243; shift_y_down=&#8221;0&#8243; z_index=&#8221;0&#8243; medium_width=&#8221;0&#8243; mobile_width=&#8221;0&#8243; width=&#8221;1\/1&#8243;][vc_row_inner row_inner_height_percent=&#8221;0&#8243; overlay_alpha=&#8221;50&#8243; gutter_size=&#8221;4&#8243; shift_y=&#8221;0&#8243; z_index=&#8221;0&#8243;][vc_column_inner column_width_percent=&#8221;100&#8243; position_vertical=&#8221;middle&#8221; gutter_size=&#8221;3&#8243; overlay_alpha=&#8221;50&#8243; shift_x=&#8221;0&#8243; shift_y=&#8221;0&#8243; shift_y_down=&#8221;0&#8243; z_index=&#8221;0&#8243; medium_width=&#8221;0&#8243; mobile_width=&#8221;0&#8243; width=&#8221;1\/4&#8243;][vc_custom_heading heading_semantic=&#8221;h3&#8243; text_size=&#8221;h1&#8243; uncode_shortcode_id=&#8221;676908&#8243;]Parceiros[\/vc_custom_heading][\/vc_column_inner][vc_column_inner width=&#8221;3\/4&#8243;][vc_gallery el_id=&#8221;gallery-85457123&#8243; type=&#8221;css_grid&#8221; medias=&#8221;645,639,648,651,654,642&#8243; grid_items=&#8221;6&#8243; screen_lg_items=&#8221;3&#8243; screen_lg_breakpoint=&#8221;1000&#8243; screen_md_items=&#8221;3&#8243; screen_md_breakpoint=&#8221;600&#8243; screen_sm_items=&#8221;3&#8243; screen_sm_breakpoint=&#8221;480&#8243; gutter_size=&#8221;2&#8243; media_items=&#8221;media|nolink|original&#8221; single_overlay_opacity=&#8221;1&#8243; single_text_anim=&#8221;no&#8221; single_image_anim=&#8221;no&#8221; single_padding=&#8221;2&#8243; single_border=&#8221;yes&#8221; single_link=&#8221;url:%23|||rel:nofollow&#8221; uncode_shortcode_id=&#8221;250680&#8243;][\/vc_column_inner][\/vc_row_inner][\/vc_column][\/vc_row]<\/p>\n<\/div>","protected":false},"excerpt":{"rendered":"<p>[vc_row row_height_percent=&#8221;85&#8243; override_padding=&#8221;yes&#8221; h_padding=&#8221;2&#8243; top_padding=&#8221;2&#8243; bottom_padding=&#8221;2&#8243; back_color=&#8221;gradient-green-yellow-nhapupwe&#8221; back_image=&#8221;68&#8243; parallax=&#8221;yes&#8221; overlay_color=&#8221;gradient-green-yellow-nhapupwe&#8221; overlay_alpha=&#8221;90&#8243; gutter_size=&#8221;3&#8243; column_width_percent=&#8221;100&#8243; shift_y=&#8221;0&#8243; z_index=&#8221;0&#8243; bottom_divider=&#8221;swoosh-opacity&#8221; content_parallax=&#8221;0&#8243; row_name=&#8221;iphone&#8221; el_class=&#8221;gradient&#8221; uncode_shortcode_id=&#8221;662966&#8243; [&hellip;]<\/p>\n","protected":false},"author":1,"featured_media":0,"parent":0,"menu_order":0,"comment_status":"closed","ping_status":"closed","template":"","meta":{"footnotes":""},"class_list":["post-1206","page","type-page","status-publish","hentry"],"_links":{"self":[{"href":"https:\/\/nhapupwe.creativeplusplus.com\/pt-pt\/wp-json\/wp\/v2\/pages\/1206","targetHints":{"allow":["GET"]}}],"collection":[{"href":"https:\/\/nhapupwe.creativeplusplus.com\/pt-pt\/wp-json\/wp\/v2\/pages"}],"about":[{"href":"https:\/\/nhapupwe.creativeplusplus.com\/pt-pt\/wp-json\/wp\/v2\/types\/page"}],"author":[{"embeddable":true,"href":"https:\/\/nhapupwe.creativeplusplus.com\/pt-pt\/wp-json\/wp\/v2\/users\/1"}],"replies":[{"embeddable":true,"href":"https:\/\/nhapupwe.creativeplusplus.com\/pt-pt\/wp-json\/wp\/v2\/comments?post=1206"}],"version-history":[{"count":33,"href":"https:\/\/nhapupwe.creativeplusplus.com\/pt-pt\/wp-json\/wp\/v2\/pages\/1206\/revisions"}],"predecessor-version":[{"id":1390,"href":"https:\/\/nhapupwe.creativeplusplus.com\/pt-pt\/wp-json\/wp\/v2\/pages\/1206\/revisions\/1390"}],"wp:attachment":[{"href":"https:\/\/nhapupwe.creativeplusplus.com\/pt-pt\/wp-json\/wp\/v2\/media?parent=1206"}],"curies":[{"name":"wp","href":"https:\/\/api.w.org\/{rel}","templated":true}]}}