{"id":1194,"date":"2025-05-05T07:36:14","date_gmt":"2025-05-05T07:36:14","guid":{"rendered":"https:\/\/nhapupwe.creativeplusplus.com\/contact-us\/"},"modified":"2025-07-23T09:58:38","modified_gmt":"2025-07-23T09:58:38","slug":"contact-us","status":"publish","type":"page","link":"https:\/\/nhapupwe.creativeplusplus.com\/pt-pt\/contact-us\/","title":{"rendered":"Contacto"},"content":{"rendered":"<div class=\"wpb-content-wrapper\"><p>[vc_row row_height_percent=&#8221;50&#8243; override_padding=&#8221;yes&#8221; h_padding=&#8221;2&#8243; top_padding=&#8221;5&#8243; bottom_padding=&#8221;5&#8243; back_image=&#8221;68&#8243; parallax=&#8221;yes&#8221; overlay_alpha=&#8221;50&#8243; gutter_size=&#8221;3&#8243; column_width_percent=&#8221;100&#8243; shift_y=&#8221;0&#8243; z_index=&#8221;0&#8243; content_parallax=&#8221;0&#8243; uncode_shortcode_id=&#8221;938131&#8243; row_height_pixel=&#8221;200px&#8221;][vc_column width=&#8221;1\/1&#8243;][\/vc_column][\/vc_row][vc_row row_height_percent=&#8221;0&#8243; override_padding=&#8221;yes&#8221; h_padding=&#8221;2&#8243; top_padding=&#8221;2&#8243; bottom_padding=&#8221;2&#8243; overlay_alpha=&#8221;96&#8243; gutter_size=&#8221;4&#8243; column_width_percent=&#8221;100&#8243; shift_y=&#8221;0&#8243; z_index=&#8221;0&#8243; content_parallax=&#8221;0&#8243; uncode_shortcode_id=&#8221;158683&#8243;][vc_column column_width_percent=&#8221;100&#8243; gutter_size=&#8221;2&#8243; overlay_alpha=&#8221;50&#8243; shift_x=&#8221;0&#8243; shift_y=&#8221;0&#8243; shift_y_down=&#8221;0&#8243; z_index=&#8221;0&#8243; medium_width=&#8221;0&#8243; mobile_width=&#8221;0&#8243; width=&#8221;4\/12&#8243; uncode_shortcode_id=&#8221;169455&#8243;][vc_custom_heading heading_semantic=&#8221;h1&#8243; text_size=&#8221;h1&#8243; uncode_shortcode_id=&#8221;930195&#8243;]Contacto[\/vc_custom_heading][vc_separator sep_color=&#8221;yellow-nhapupwe&#8221; icon=&#8221;fa fa-envelope-o&#8221; icon_position=&#8221;left&#8221; full_width=&#8221;yes&#8221; uncode_shortcode_id=&#8221;206241&#8243; sep_color_type=&#8221;uncode-palette&#8221; el_height=&#8221;10px&#8221;][\/vc_column][vc_column width=&#8221;8\/12&#8243;][vc_custom_heading heading_semantic=&#8221;div&#8221; text_size=&#8221;h3&#8243; uncode_shortcode_id=&#8221;169136&#8243;]Entre em contacto para saber como pode apoiar a educa\u00e7\u00e3o de qualidade em Mo\u00e7ambique e fazer parte da miss\u00e3o da Nhap\u00fapw\u00e8 por uma aprendizagem com impacto.[\/vc_custom_heading][\/vc_column][\/vc_row][vc_row row_height_percent=&#8221;0&#8243; override_padding=&#8221;yes&#8221; h_padding=&#8221;2&#8243; top_padding=&#8221;3&#8243; bottom_padding=&#8221;3&#8243; overlay_alpha=&#8221;50&#8243; gutter_size=&#8221;3&#8243; column_width_percent=&#8221;100&#8243; shift_y=&#8221;0&#8243; z_index=&#8221;0&#8243; content_parallax=&#8221;0&#8243; uncode_shortcode_id=&#8221;650283&#8243;][vc_column column_width_percent=&#8221;100&#8243; gutter_size=&#8221;2&#8243; back_color=&#8221;yellow-nhapupwe&#8221; back_image=&#8221;555&#8243; back_position=&#8221;right top&#8221; overlay_alpha=&#8221;50&#8243; radius=&#8221;xl&#8221; shift_x=&#8221;0&#8243; shift_y=&#8221;0&#8243; shift_y_down=&#8221;0&#8243; z_index=&#8221;0&#8243; medium_width=&#8221;0&#8243; mobile_width=&#8221;0&#8243; width=&#8221;1\/2&#8243; uncode_shortcode_id=&#8221;303688&#8243; back_color_type=&#8221;uncode-palette&#8221; back_size=&#8221;25%&#8221;][vc_custom_heading heading_semantic=&#8221;h3&#8243; text_size=&#8221;h3&#8243; uncode_shortcode_id=&#8221;185844&#8243;]Associa\u00e7\u00e3o Nhap\u00fapw\u00e8 em Mo\u00e7ambique[\/vc_custom_heading][vc_column_text uncode_shortcode_id=&#8221;121995&#8243;]Bairro Muelo 2<br \/>\nRua 105<br \/>\nCidade de Inhambane<br \/>\nMo\u00e7ambique<\/p>\n<p>Telefone: +258 87 032 8681[\/vc_column_text][vc_empty_space empty_h=&#8221;2&#8243;][vc_custom_heading heading_semantic=&#8221;h3&#8243; text_size=&#8221;h3&#8243; uncode_shortcode_id=&#8221;108112&#8243;]Associa\u00e7\u00e3o de Apoio na Alemanha[\/vc_custom_heading][vc_column_text uncode_shortcode_id=&#8221;309838&#8243;]Presidente: Tobias Krause<br \/>\nTelefone: +49 171 3174771<br \/>\nE-mail: tobiasmariakrause@icloud.com[\/vc_column_text][\/vc_column][vc_column column_width_percent=&#8221;100&#8243; gutter_size=&#8221;0&#8243; override_padding=&#8221;yes&#8221; column_padding=&#8221;0&#8243; overlay_alpha=&#8221;50&#8243; radius=&#8221;xl&#8221; shift_x=&#8221;0&#8243; shift_y=&#8221;0&#8243; shift_y_down=&#8221;0&#8243; z_index=&#8221;0&#8243; medium_width=&#8221;0&#8243; mobile_width=&#8221;0&#8243; width=&#8221;1\/2&#8243; uncode_shortcode_id=&#8221;158973&#8243;][vc_column_text uncode_shortcode_id=&#8221;102115&#8243;]<iframe style=\"border: 0;\" src=\"https:\/\/www.google.com\/maps\/embed?pb=!1m18!1m12!1m3!1d3647.63854975783!2d35.40145444554191!3d-23.902432526989326!2m3!1f0!2f0!3f0!3m2!1i1024!2i768!4f13.1!3m3!1m2!1s0x1f21db96770b343b%3A0x4dd731b057ce56da!2zTmhhcMO6cHfDqA!5e0!3m2!1sid!2sid!4v1747195768585!5m2!1sid!2sid\" width=\"600\" height=\"450\" allowfullscreen=\"allowfullscreen\"><\/iframe>[\/vc_column_text][\/vc_column][\/vc_row]<\/p>\n<\/div>","protected":false},"excerpt":{"rendered":"<p>[vc_row row_height_percent=&#8221;50&#8243; override_padding=&#8221;yes&#8221; h_padding=&#8221;2&#8243; top_padding=&#8221;5&#8243; bottom_padding=&#8221;5&#8243; back_image=&#8221;68&#8243; parallax=&#8221;yes&#8221; overlay_alpha=&#8221;50&#8243; gutter_size=&#8221;3&#8243; column_width_percent=&#8221;100&#8243; shift_y=&#8221;0&#8243; z_index=&#8221;0&#8243; content_parallax=&#8221;0&#8243; uncode_shortcode_id=&#8221;938131&#8243; row_height_pixel=&#8221;200px&#8221;][vc_column width=&#8221;1\/1&#8243;][\/vc_column][\/vc_row][vc_row row_height_percent=&#8221;0&#8243; override_padding=&#8221;yes&#8221; h_padding=&#8221;2&#8243; [&hellip;]<\/p>\n","protected":false},"author":1,"featured_media":0,"parent":0,"menu_order":0,"comment_status":"closed","ping_status":"closed","template":"","meta":{"footnotes":""},"class_list":["post-1194","page","type-page","status-publish","hentry"],"_links":{"self":[{"href":"https:\/\/nhapupwe.creativeplusplus.com\/pt-pt\/wp-json\/wp\/v2\/pages\/1194","targetHints":{"allow":["GET"]}}],"collection":[{"href":"https:\/\/nhapupwe.creativeplusplus.com\/pt-pt\/wp-json\/wp\/v2\/pages"}],"about":[{"href":"https:\/\/nhapupwe.creativeplusplus.com\/pt-pt\/wp-json\/wp\/v2\/types\/page"}],"author":[{"embeddable":true,"href":"https:\/\/nhapupwe.creativeplusplus.com\/pt-pt\/wp-json\/wp\/v2\/users\/1"}],"replies":[{"embeddable":true,"href":"https:\/\/nhapupwe.creativeplusplus.com\/pt-pt\/wp-json\/wp\/v2\/comments?post=1194"}],"version-history":[{"count":5,"href":"https:\/\/nhapupwe.creativeplusplus.com\/pt-pt\/wp-json\/wp\/v2\/pages\/1194\/revisions"}],"predecessor-version":[{"id":1275,"href":"https:\/\/nhapupwe.creativeplusplus.com\/pt-pt\/wp-json\/wp\/v2\/pages\/1194\/revisions\/1275"}],"wp:attachment":[{"href":"https:\/\/nhapupwe.creativeplusplus.com\/pt-pt\/wp-json\/wp\/v2\/media?parent=1194"}],"curies":[{"name":"wp","href":"https:\/\/api.w.org\/{rel}","templated":true}]}}