{"id":331,"date":"2025-05-05T07:32:21","date_gmt":"2025-05-05T07:32:21","guid":{"rendered":"https:\/\/nhapupwe.creativeplusplus.com\/team\/"},"modified":"2025-07-20T10:57:08","modified_gmt":"2025-07-20T10:57:08","slug":"team","status":"publish","type":"page","link":"https:\/\/nhapupwe.creativeplusplus.com\/de\/team\/","title":{"rendered":"Team"},"content":{"rendered":"<div class=\"wpb-content-wrapper\"><p>[vc_row row_height_percent=&#8220;50&#8243; override_padding=&#8220;yes&#8220; h_padding=&#8220;2&#8243; top_padding=&#8220;5&#8243; bottom_padding=&#8220;5&#8243; back_image=&#8220;728&#8243; back_position=&#8220;center center&#8220; overlay_alpha=&#8220;50&#8243; gutter_size=&#8220;3&#8243; column_width_percent=&#8220;100&#8243; shift_y=&#8220;0&#8243; z_index=&#8220;0&#8243; content_parallax=&#8220;0&#8243; uncode_shortcode_id=&#8220;130640&#8243; row_height_pixel=&#8220;200px&#8220;][vc_column width=&#8220;1\/1&#8243;][\/vc_column][\/vc_row][vc_row row_height_percent=&#8220;0&#8243; override_padding=&#8220;yes&#8220; h_padding=&#8220;2&#8243; top_padding=&#8220;2&#8243; bottom_padding=&#8220;2&#8243; overlay_alpha=&#8220;50&#8243; equal_height=&#8220;yes&#8220; gutter_size=&#8220;4&#8243; column_width_percent=&#8220;100&#8243; shift_y=&#8220;0&#8243; z_index=&#8220;0&#8243; content_parallax=&#8220;0&#8243; uncode_shortcode_id=&#8220;102641&#8243;][vc_column column_width_percent=&#8220;100&#8243; gutter_size=&#8220;0&#8243; overlay_alpha=&#8220;50&#8243; shift_x=&#8220;0&#8243; shift_y=&#8220;0&#8243; shift_y_down=&#8220;0&#8243; z_index=&#8220;0&#8243; medium_width=&#8220;0&#8243; mobile_width=&#8220;0&#8243; width=&#8220;4\/12&#8243;][vc_custom_heading heading_semantic=&#8220;h1&#8243; text_size=&#8220;h1&#8243; uncode_shortcode_id=&#8220;189692&#8243;]Das Team[\/vc_custom_heading][vc_separator sep_color=&#8220;green2-nhapupwe&#8220; icon=&#8220;fa fa-users2&#8243; icon_position=&#8220;left&#8220; uncode_shortcode_id=&#8220;247716&#8243; sep_color_type=&#8220;uncode-palette&#8220;][\/vc_column][vc_column width=&#8220;8\/12&#8243;][vc_custom_heading heading_semantic=&#8220;div&#8220; text_size=&#8220;h3&#8243; text_height=&#8220;line-height-1.6&#8243; uncode_shortcode_id=&#8220;160878&#8243;]<span style=\"font-weight: 400;\">Das Team von Nhap\u00fapw\u00e8 vereint P\u00e4dagog*innen mit vielf\u00e4ltigen Erfahrungen und Hintergr\u00fcnden. In einem offenen und gleichberechtigten Austausch bringt jede und jeder Ideen ein und gestaltet so die Arbeit von Nhap\u00fapw\u00e8 aktiv mit. <\/span>[\/vc_custom_heading][\/vc_column][\/vc_row][vc_row row_height_percent=&#8220;0&#8243; override_padding=&#8220;yes&#8220; h_padding=&#8220;2&#8243; top_padding=&#8220;3&#8243; bottom_padding=&#8220;3&#8243; overlay_alpha=&#8220;50&#8243; gutter_size=&#8220;3&#8243; column_width_percent=&#8220;100&#8243; shift_y=&#8220;0&#8243; z_index=&#8220;0&#8243; content_parallax=&#8220;0&#8243; uncode_shortcode_id=&#8220;804188&#8243;][vc_column column_width_percent=&#8220;100&#8243; align_horizontal=&#8220;align_center&#8220; gutter_size=&#8220;3&#8243; style=&#8220;dark&#8220; back_color=&#8220;green2-nhapupwe&#8220; back_image=&#8220;564&#8243; back_position=&#8220;right top&#8220; overlay_alpha=&#8220;50&#8243; radius=&#8220;xl&#8220; shift_x=&#8220;0&#8243; shift_y=&#8220;0&#8243; shift_y_down=&#8220;0&#8243; z_index=&#8220;0&#8243; medium_width=&#8220;0&#8243; mobile_width=&#8220;0&#8243; parallax_intensity=&#8220;2&#8243; width=&#8220;1\/1&#8243; uncode_shortcode_id=&#8220;117186&#8243; back_color_type=&#8220;uncode-palette&#8220; back_size=&#8220;25%&#8220;][vc_custom_heading uncode_shortcode_id=&#8220;206410&#8243;]Administration[\/vc_custom_heading][uncode_index el_id=&#8220;index-166177&#8243; isotope_mode=&#8220;fitRows&#8220; loop=&#8220;size:10|order_by:menu_order|order:ASC|post_type:teams|tax_query:34|taxonomy_count:10&#8243; screen_lg=&#8220;1000&#8243; screen_md=&#8220;600&#8243; screen_sm=&#8220;480&#8243; gutter_size=&#8220;2&#8243; teams_items=&#8220;media|featured|nolink|original,title,text|full|100&#8243; single_width=&#8220;3&#8243; single_back_color=&#8220;yellow-nhapupwe&#8220; single_shape=&#8220;round&#8220; radius=&#8220;xl&#8220; single_overlay_opacity=&#8220;1&#8243; single_text_visible=&#8220;yes&#8220; single_text_anim=&#8220;no&#8220; single_image_magnetic=&#8220;yes&#8220; single_h_align=&#8220;center&#8220; single_padding=&#8220;1&#8243; single_text_reduced=&#8220;yes&#8220; single_thumb_hover=&#8220;yes&#8220; single_title_semantic=&#8220;h4&#8243; single_title_dimension=&#8220;h4&#8243; single_border=&#8220;yes&#8220; single_css_animation=&#8220;parallax&#8220; single_parallax_intensity=&#8220;1&#8243; team_items=&#8220;media|featured|onpost|original,title,text|excerpt&#8220; uncode_shortcode_id=&#8220;140121&#8243;][\/vc_column][\/vc_row][vc_row row_height_percent=&#8220;0&#8243; override_padding=&#8220;yes&#8220; h_padding=&#8220;2&#8243; top_padding=&#8220;0&#8243; bottom_padding=&#8220;3&#8243; overlay_alpha=&#8220;50&#8243; gutter_size=&#8220;3&#8243; column_width_percent=&#8220;100&#8243; shift_y=&#8220;0&#8243; z_index=&#8220;0&#8243; content_parallax=&#8220;0&#8243; uncode_shortcode_id=&#8220;115169&#8243;][vc_column column_width_percent=&#8220;100&#8243; align_horizontal=&#8220;align_center&#8220; gutter_size=&#8220;3&#8243; back_color=&#8220;yellow-nhapupwe&#8220; back_image=&#8220;558&#8243; back_position=&#8220;left top&#8220; overlay_alpha=&#8220;50&#8243; radius=&#8220;xl&#8220; shift_x=&#8220;0&#8243; shift_y=&#8220;0&#8243; shift_y_down=&#8220;0&#8243; z_index=&#8220;0&#8243; medium_width=&#8220;0&#8243; mobile_width=&#8220;0&#8243; parallax_intensity=&#8220;2&#8243; width=&#8220;1\/1&#8243; uncode_shortcode_id=&#8220;590527&#8243; back_color_type=&#8220;uncode-palette&#8220; back_size=&#8220;25%&#8220;][vc_custom_heading uncode_shortcode_id=&#8220;822400&#8243;]Die Erzieher[\/vc_custom_heading][uncode_index el_id=&#8220;index-166177&#8243; loop=&#8220;size:10|order_by:menu_order|order:ASC|post_type:teams|tax_query:35|taxonomy_count:10&#8243; screen_lg=&#8220;1000&#8243; screen_md=&#8220;600&#8243; screen_sm=&#8220;480&#8243; gutter_size=&#8220;2&#8243; teams_items=&#8220;media|featured|nolink|original,title,text|full|100&#8243; single_width=&#8220;3&#8243; single_style=&#8220;dark&#8220; single_back_color=&#8220;green-nhapupwe&#8220; single_shape=&#8220;round&#8220; radius=&#8220;xl&#8220; single_overlay_opacity=&#8220;1&#8243; single_image_magnetic=&#8220;yes&#8220; single_h_align=&#8220;center&#8220; single_padding=&#8220;1&#8243; single_text_reduced=&#8220;yes&#8220; single_title_semantic=&#8220;h4&#8243; single_title_dimension=&#8220;h4&#8243; single_border=&#8220;yes&#8220; single_css_animation=&#8220;parallax&#8220; single_parallax_intensity=&#8220;1&#8243; team_items=&#8220;media|featured|onpost|original,title,text|excerpt&#8220; uncode_shortcode_id=&#8220;109740&#8243;][\/vc_column][\/vc_row][vc_row row_height_percent=&#8220;0&#8243; override_padding=&#8220;yes&#8220; h_padding=&#8220;2&#8243; top_padding=&#8220;0&#8243; bottom_padding=&#8220;3&#8243; back_image=&#8220;564&#8243; back_position=&#8220;right top&#8220; overlay_alpha=&#8220;50&#8243; gutter_size=&#8220;3&#8243; column_width_percent=&#8220;100&#8243; shift_y=&#8220;0&#8243; z_index=&#8220;0&#8243; content_parallax=&#8220;0&#8243; uncode_shortcode_id=&#8220;942608&#8243; back_size=&#8220;25%&#8220;][vc_column column_width_percent=&#8220;100&#8243; align_horizontal=&#8220;align_center&#8220; gutter_size=&#8220;3&#8243; style=&#8220;dark&#8220; back_color=&#8220;green3-nhapupwe&#8220; overlay_alpha=&#8220;50&#8243; radius=&#8220;xl&#8220; shift_x=&#8220;0&#8243; shift_y=&#8220;0&#8243; shift_y_down=&#8220;0&#8243; z_index=&#8220;0&#8243; medium_width=&#8220;0&#8243; mobile_width=&#8220;0&#8243; width=&#8220;1\/1&#8243; uncode_shortcode_id=&#8220;144772&#8243; back_color_type=&#8220;uncode-palette&#8220;][vc_custom_heading uncode_shortcode_id=&#8220;210892&#8243;]Die Lehrer[\/vc_custom_heading][uncode_index el_id=&#8220;index-166177&#8243; isotope_mode=&#8220;fitRows&#8220; loop=&#8220;size:100|order_by:menu_order|order:ASC|post_type:teams|tax_query:36|taxonomy_count:10&#8243; screen_lg=&#8220;1000&#8243; screen_md=&#8220;600&#8243; screen_sm=&#8220;480&#8243; gutter_size=&#8220;2&#8243; teams_items=&#8220;media|featured|nolink|original,title,text|full|100&#8243; single_width=&#8220;3&#8243; single_back_color=&#8220;yellow-nhapupwe&#8220; single_shape=&#8220;round&#8220; radius=&#8220;xl&#8220; single_overlay_opacity=&#8220;1&#8243; single_text_visible=&#8220;yes&#8220; single_text_anim=&#8220;no&#8220; single_image_magnetic=&#8220;yes&#8220; single_h_align=&#8220;center&#8220; single_padding=&#8220;1&#8243; single_text_reduced=&#8220;yes&#8220; single_title_semantic=&#8220;h4&#8243; single_title_dimension=&#8220;h4&#8243; single_border=&#8220;yes&#8220; team_items=&#8220;media|featured|onpost|original,title,text|excerpt&#8220; uncode_shortcode_id=&#8220;185915&#8243;][\/vc_column][\/vc_row][vc_row row_height_percent=&#8220;0&#8243; override_padding=&#8220;yes&#8220; h_padding=&#8220;2&#8243; top_padding=&#8220;0&#8243; bottom_padding=&#8220;3&#8243; overlay_alpha=&#8220;50&#8243; gutter_size=&#8220;3&#8243; column_width_percent=&#8220;100&#8243; shift_y=&#8220;0&#8243; z_index=&#8220;0&#8243; content_parallax=&#8220;0&#8243; uncode_shortcode_id=&#8220;841439&#8243;][vc_column column_width_percent=&#8220;100&#8243; align_horizontal=&#8220;align_center&#8220; gutter_size=&#8220;3&#8243; back_color=&#8220;orange-nhapupwe&#8220; overlay_alpha=&#8220;50&#8243; radius=&#8220;xl&#8220; shift_x=&#8220;0&#8243; shift_y=&#8220;0&#8243; shift_y_down=&#8220;0&#8243; z_index=&#8220;0&#8243; medium_width=&#8220;0&#8243; mobile_width=&#8220;0&#8243; width=&#8220;1\/1&#8243; uncode_shortcode_id=&#8220;259635&#8243; back_color_type=&#8220;uncode-palette&#8220;][vc_custom_heading uncode_shortcode_id=&#8220;149965&#8243;]Weitere Mitarbeiter[\/vc_custom_heading][uncode_index el_id=&#8220;index-166177&#8243; isotope_mode=&#8220;fitRows&#8220; loop=&#8220;size:100|order_by:menu_order|order:ASC|post_type:teams|tax_query:37,38,39|taxonomy_count:10&#8243; screen_lg=&#8220;1000&#8243; screen_md=&#8220;600&#8243; screen_sm=&#8220;480&#8243; gutter_size=&#8220;2&#8243; teams_items=&#8220;media|featured|nolink|original,title,text|full&#8220; single_width=&#8220;3&#8243; single_back_color=&#8220;color-lxmt&#8220; single_shape=&#8220;round&#8220; radius=&#8220;xl&#8220; single_overlay_opacity=&#8220;1&#8243; single_text_visible=&#8220;yes&#8220; single_text_anim=&#8220;no&#8220; single_image_magnetic=&#8220;yes&#8220; single_h_align=&#8220;center&#8220; single_padding=&#8220;1&#8243; single_text_reduced=&#8220;yes&#8220; single_title_semantic=&#8220;h4&#8243; single_title_dimension=&#8220;h4&#8243; single_border=&#8220;yes&#8220; team_items=&#8220;media|featured|onpost|original,title,text|excerpt&#8220; uncode_shortcode_id=&#8220;136320&#8243;][\/vc_column][\/vc_row]<\/p>\n<\/div>","protected":false},"excerpt":{"rendered":"<p>[vc_row row_height_percent=&#8220;50&#8243; override_padding=&#8220;yes&#8220; h_padding=&#8220;2&#8243; top_padding=&#8220;5&#8243; bottom_padding=&#8220;5&#8243; back_image=&#8220;728&#8243; back_position=&#8220;center center&#8220; overlay_alpha=&#8220;50&#8243; gutter_size=&#8220;3&#8243; column_width_percent=&#8220;100&#8243; shift_y=&#8220;0&#8243; z_index=&#8220;0&#8243; content_parallax=&#8220;0&#8243; uncode_shortcode_id=&#8220;130640&#8243; row_height_pixel=&#8220;200px&#8220;][vc_column width=&#8220;1\/1&#8243;][\/vc_column][\/vc_row][vc_row row_height_percent=&#8220;0&#8243; override_padding=&#8220;yes&#8220; [&hellip;]<\/p>\n","protected":false},"author":1,"featured_media":0,"parent":0,"menu_order":0,"comment_status":"closed","ping_status":"closed","template":"","meta":{"footnotes":""},"class_list":["post-331","page","type-page","status-publish","hentry"],"_links":{"self":[{"href":"https:\/\/nhapupwe.creativeplusplus.com\/de\/wp-json\/wp\/v2\/pages\/331","targetHints":{"allow":["GET"]}}],"collection":[{"href":"https:\/\/nhapupwe.creativeplusplus.com\/de\/wp-json\/wp\/v2\/pages"}],"about":[{"href":"https:\/\/nhapupwe.creativeplusplus.com\/de\/wp-json\/wp\/v2\/types\/page"}],"author":[{"embeddable":true,"href":"https:\/\/nhapupwe.creativeplusplus.com\/de\/wp-json\/wp\/v2\/users\/1"}],"replies":[{"embeddable":true,"href":"https:\/\/nhapupwe.creativeplusplus.com\/de\/wp-json\/wp\/v2\/comments?post=331"}],"version-history":[{"count":16,"href":"https:\/\/nhapupwe.creativeplusplus.com\/de\/wp-json\/wp\/v2\/pages\/331\/revisions"}],"predecessor-version":[{"id":1182,"href":"https:\/\/nhapupwe.creativeplusplus.com\/de\/wp-json\/wp\/v2\/pages\/331\/revisions\/1182"}],"wp:attachment":[{"href":"https:\/\/nhapupwe.creativeplusplus.com\/de\/wp-json\/wp\/v2\/media?parent=331"}],"curies":[{"name":"wp","href":"https:\/\/api.w.org\/{rel}","templated":true}]}}