{"id":325,"date":"2025-04-28T09:49:13","date_gmt":"2025-04-28T09:49:13","guid":{"rendered":"https:\/\/nhapupwe.creativeplusplus.com\/startseite\/"},"modified":"2025-09-28T03:34:50","modified_gmt":"2025-09-28T03:34:50","slug":"startseite","status":"publish","type":"page","link":"https:\/\/nhapupwe.creativeplusplus.com\/de\/","title":{"rendered":"Startseite"},"content":{"rendered":"<div class=\"wpb-content-wrapper\"><p>[vc_row row_height_percent=&#8220;85&#8243; override_padding=&#8220;yes&#8220; h_padding=&#8220;2&#8243; top_padding=&#8220;2&#8243; bottom_padding=&#8220;2&#8243; back_color=&#8220;gradient-green-yellow-nhapupwe&#8220; back_image=&#8220;68&#8243; parallax=&#8220;yes&#8220; overlay_color=&#8220;gradient-green-yellow-nhapupwe&#8220; overlay_alpha=&#8220;90&#8243; gutter_size=&#8220;3&#8243; column_width_percent=&#8220;100&#8243; shift_y=&#8220;0&#8243; z_index=&#8220;0&#8243; bottom_divider=&#8220;swoosh-opacity&#8220; content_parallax=&#8220;0&#8243; row_name=&#8220;iphone&#8220; el_class=&#8220;gradient&#8220; uncode_shortcode_id=&#8220;662966&#8243; overlay_color_type=&#8220;uncode-palette&#8220; back_color_type=&#8220;uncode-palette&#8220;][vc_column column_width_percent=&#8220;100&#8243; position_vertical=&#8220;middle&#8220; gutter_size=&#8220;3&#8243; style=&#8220;dark&#8220; overlay_alpha=&#8220;50&#8243; shift_x=&#8220;0&#8243; shift_y=&#8220;0&#8243; shift_y_down=&#8220;0&#8243; z_index=&#8220;0&#8243; medium_width=&#8220;7&#8243; align_mobile=&#8220;align_left_mobile&#8220; mobile_width=&#8220;7&#8243; css_animation=&#8220;bottom-t-top&#8220; animation_delay=&#8220;200&#8243; width=&#8220;1\/2&#8243; uncode_shortcode_id=&#8220;801771&#8243;][vc_custom_heading heading_semantic=&#8220;h1&#8243; text_size=&#8220;h1&#8243; css_animation=&#8220;parallax&#8220; parallax_intensity=&#8220;1&#8243; uncode_shortcode_id=&#8220;198196&#8243;]<span style=\"font-weight: 400;\">Nhap\u00fapw\u00e8 ist eine gemeinn\u00fctzige Organisation in Mosambik, die sich f\u00fcr bessere Bildungsqualit\u00e4t in Vor- und Grundschulen einsetzt\u2014f\u00fcr jedes Kind.<\/span>[\/vc_custom_heading][vc_column_text text_lead=&#8220;yes&#8220; uncode_shortcode_id=&#8220;204389&#8243;]<span style=\"font-weight: 400;\">Von unseren inklusiven Klassen bis zu unserem mulitprofessionellen Team: Wir glauben fest daran, dass Vielfalt uns st\u00e4rker macht. Nhap\u00fapw\u00e8 bedeutet Schmetterling in der lokalen Sprache und steht als Symbol daf\u00fcr, dass jede Farbe und jede Form die Welt bereichert.  <\/span>[\/vc_column_text][vc_empty_space empty_h=&#8220;1&#8243; mobile_visibility=&#8220;yes&#8220;][vc_button border_width=&#8220;0&#8243; link=&#8220;url:https%3A%2F%2Fnhapupwe.creativeplusplus.com%2Fde%2Fspenden%2F|title:Spenden|&#8220; uncode_shortcode_id=&#8220;112789&#8243;]Spenden[\/vc_button][\/vc_column][vc_column column_width_percent=&#8220;100&#8243; position_horizontal=&#8220;right&#8220; position_vertical=&#8220;middle&#8220; gutter_size=&#8220;3&#8243; style=&#8220;dark&#8220; back_image=&#8220;797&#8243; back_position=&#8220;right top&#8220; overlay_alpha=&#8220;50&#8243; shift_x=&#8220;0&#8243; shift_y=&#8220;0&#8243; shift_y_down=&#8220;0&#8243; z_index=&#8220;0&#8243; medium_width=&#8220;0&#8243; mobile_width=&#8220;0&#8243; css_animation=&#8220;bottom-t-top&#8220; animation_speed=&#8220;500&#8243; width=&#8220;1\/2&#8243; uncode_shortcode_id=&#8220;154564&#8243; back_size=&#8220;25%&#8220; el_class=&#8220;overflow-hidden&#8220;][vc_row_inner row_inner_height_percent=&#8220;0&#8243; overlay_alpha=&#8220;50&#8243; gutter_size=&#8220;3&#8243; shift_y=&#8220;0&#8243; z_index=&#8220;0&#8243; uncode_shortcode_id=&#8220;213652&#8243; el_class=&#8220;overflow-hidden&#8220;][vc_column_inner width=&#8220;1\/1&#8243;][vc_gallery el_id=&#8220;gallery-582721&#8243; type=&#8220;carousel&#8220; medias=&#8220;70,996,999,1010&#8243; carousel_lg=&#8220;1&#8243; carousel_md=&#8220;1&#8243; carousel_sm=&#8220;1&#8243; thumb_size=&#8220;three-four&#8220; gutter_size=&#8220;1&#8243; media_items=&#8220;media|nolink|original&#8220; carousel_v_align=&#8220;middle&#8220; carousel_interval=&#8220;3000&#8243; carousel_navspeed=&#8220;400&#8243; carousel_loop=&#8220;yes&#8220; carousel_overflow=&#8220;yes&#8220; carousel_dots=&#8220;yes&#8220; carousel_dots_inside=&#8220;yes&#8220; carousel_dot_padding=&#8220;2&#8243; carousel_half_opacity=&#8220;yes&#8220; carousel_scaled=&#8220;yes&#8220; stage_padding=&#8220;40&#8243; single_shape=&#8220;round&#8220; radius=&#8220;xl&#8220; single_overlay_opacity=&#8220;1&#8243; single_overlay_visible=&#8220;yes&#8220; single_overlay_anim=&#8220;no&#8220; single_image_anim=&#8220;no&#8220; single_padding=&#8220;0&#8243; single_border=&#8220;yes&#8220; uncode_shortcode_id=&#8220;122333&#8243;][\/vc_column_inner][\/vc_row_inner][\/vc_column][\/vc_row][vc_row row_height_percent=&#8220;0&#8243; override_padding=&#8220;yes&#8220; h_padding=&#8220;2&#8243; top_padding=&#8220;2&#8243; bottom_padding=&#8220;2&#8243; parallax=&#8220;yes&#8220; overlay_color=&#8220;green-nhapupwe&#8220; overlay_alpha=&#8220;100&#8243; gutter_size=&#8220;100&#8243; column_width_percent=&#8220;100&#8243; shift_y=&#8220;0&#8243; z_index=&#8220;0&#8243; content_parallax=&#8220;0&#8243; style=&#8220;inherited&#8220; uncode_shortcode_id=&#8220;189183&#8243; overlay_color_type=&#8220;uncode-palette&#8220;][vc_column column_width_percent=&#8220;100&#8243; position_vertical=&#8220;middle&#8220; align_horizontal=&#8220;align_center&#8220; gutter_size=&#8220;2&#8243; style=&#8220;dark&#8220; overlay_alpha=&#8220;100&#8243; shift_x=&#8220;0&#8243; shift_y=&#8220;0&#8243; shift_y_down=&#8220;0&#8243; z_index=&#8220;0&#8243; medium_width=&#8220;0&#8243; mobile_width=&#8220;0&#8243; css_animation=&#8220;alpha-anim&#8220; animation_speed=&#8220;1000&#8243; animation_delay=&#8220;600&#8243; zoom_width=&#8220;0&#8243; zoom_height=&#8220;0&#8243; width=&#8220;1\/1&#8243; uncode_shortcode_id=&#8220;895213&#8243;][vc_custom_heading heading_semantic=&#8220;h3&#8243; text_size=&#8220;h4&#8243; text_weight=&#8220;700&#8243; css_animation=&#8220;marquee-scroll&#8220; marquee_clone=&#8220;yes&#8220; marquee_speed=&#8220;0&#8243; uncode_shortcode_id=&#8220;361940&#8243;]- Unser Motto: Vielfalt bereichert<strong>!<\/strong>[\/vc_custom_heading][\/vc_column][\/vc_row][vc_row row_height_percent=&#8220;0&#8243; override_padding=&#8220;yes&#8220; h_padding=&#8220;2&#8243; top_padding=&#8220;5&#8243; bottom_padding=&#8220;2&#8243; overlay_alpha=&#8220;50&#8243; gutter_size=&#8220;3&#8243; column_width_percent=&#8220;100&#8243; shift_y=&#8220;0&#8243; z_index=&#8220;0&#8243; content_parallax=&#8220;0&#8243; uncode_shortcode_id=&#8220;293035&#8243;][vc_column width=&#8220;1\/1&#8243;][vc_custom_heading uncode_shortcode_id=&#8220;121747&#8243;]Werte &amp; Vision[\/vc_custom_heading][\/vc_column][\/vc_row][vc_row row_height_percent=&#8220;0&#8243; override_padding=&#8220;yes&#8220; h_padding=&#8220;2&#8243; top_padding=&#8220;2&#8243; bottom_padding=&#8220;5&#8243; overlay_alpha=&#8220;50&#8243; equal_height=&#8220;yes&#8220; gutter_size=&#8220;3&#8243; column_width_percent=&#8220;100&#8243; shift_y=&#8220;0&#8243; z_index=&#8220;0&#8243; content_parallax=&#8220;0&#8243; uncode_shortcode_id=&#8220;160514&#8243;][vc_column column_width_percent=&#8220;100&#8243; position_vertical=&#8220;middle&#8220; gutter_size=&#8220;3&#8243; override_padding=&#8220;yes&#8220; column_padding=&#8220;2&#8243; style=&#8220;dark&#8220; back_color=&#8220;yellow-nhapupwe&#8220; back_image=&#8220;555&#8243; back_position=&#8220;left top&#8220; overlay_alpha=&#8220;50&#8243; overlay_color_blend=&#8220;exclusion&#8220; radius=&#8220;xl&#8220; shift_x=&#8220;0&#8243; shift_y=&#8220;0&#8243; shift_y_down=&#8220;0&#8243; z_index=&#8220;0&#8243; medium_width=&#8220;0&#8243; mobile_width=&#8220;0&#8243; parallax_intensity=&#8220;1&#8243; width=&#8220;1\/1&#8243; uncode_shortcode_id=&#8220;137266&#8243; back_color_type=&#8220;uncode-palette&#8220; back_size=&#8220;50%&#8220;][vc_row_inner][vc_column_inner width=&#8220;1\/2&#8243;][vc_single_image media=&#8220;1070&#8243; media_width_percent=&#8220;100&#8243; media_ratio=&#8220;four-three&#8220; alignment=&#8220;center&#8220; shape=&#8220;img-round&#8220; radius=&#8220;lg&#8220; uncode_shortcode_id=&#8220;192178&#8243;][\/vc_column_inner][vc_column_inner column_width_percent=&#8220;100&#8243; position_vertical=&#8220;middle&#8220; gutter_size=&#8220;3&#8243; overlay_alpha=&#8220;50&#8243; shift_x=&#8220;0&#8243; shift_y=&#8220;0&#8243; shift_y_down=&#8220;0&#8243; z_index=&#8220;0&#8243; medium_width=&#8220;0&#8243; mobile_width=&#8220;0&#8243; width=&#8220;1\/2&#8243; uncode_shortcode_id=&#8220;521072&#8243;][vc_custom_heading heading_semantic=&#8220;h3&#8243; text_size=&#8220;h3&#8243; subheading=&#8220;Die praktische Arbeit von Nhap\u00fapw\u00e8 konzentriert sich auf die Vorschul- und Grundschulbildung. Unsere Schule ist ein fr\u00f6hlicher, inklusiver Ort, an dem Kinder unterschiedlicher Herkunft\u2014mit und ohne Beeintr\u00e4chtigungen\u2014gemeinsam lernen. Familien, die es sich leisten k\u00f6nnen, zahlen einen Solidarit\u00e4tsbeitrag, der es erm\u00f6glicht, dass ein Drittel der Pl\u00e4tze an Kinder aus einkommensschwachen Familien vergeben wird.  &#8220; uncode_shortcode_id=&#8220;452638&#8243;]Vorschule und Grundschule[\/vc_custom_heading][vc_button size=&#8220;btn-sm&#8220; border_width=&#8220;0&#8243; uncode_shortcode_id=&#8220;714179&#8243; link=&#8220;url:https%3A%2F%2Fnhapupwe.creativeplusplus.com%2Fde%2Fwerte-vision%2F%23preschool|&#8220;]Weiterlesen[\/vc_button][\/vc_column_inner][\/vc_row_inner][\/vc_column][\/vc_row][vc_row row_height_percent=&#8220;0&#8243; override_padding=&#8220;yes&#8220; h_padding=&#8220;2&#8243; top_padding=&#8220;2&#8243; bottom_padding=&#8220;5&#8243; overlay_alpha=&#8220;50&#8243; equal_height=&#8220;yes&#8220; gutter_size=&#8220;3&#8243; column_width_percent=&#8220;100&#8243; shift_y=&#8220;0&#8243; z_index=&#8220;0&#8243; el_class=&#8220;inverted-device-order&#8220;][vc_column column_width_percent=&#8220;100&#8243; position_vertical=&#8220;middle&#8220; gutter_size=&#8220;3&#8243; override_padding=&#8220;yes&#8220; column_padding=&#8220;2&#8243; style=&#8220;dark&#8220; back_color=&#8220;green-nhapupwe&#8220; back_image=&#8220;561&#8243; back_position=&#8220;left top&#8220; overlay_alpha=&#8220;50&#8243; overlay_color_blend=&#8220;exclusion&#8220; radius=&#8220;xl&#8220; shift_x=&#8220;0&#8243; shift_y=&#8220;0&#8243; shift_y_down=&#8220;0&#8243; z_index=&#8220;0&#8243; medium_width=&#8220;0&#8243; mobile_width=&#8220;0&#8243; parallax_intensity=&#8220;1&#8243; width=&#8220;1\/2&#8243; uncode_shortcode_id=&#8220;173548&#8243; back_color_type=&#8220;uncode-palette&#8220; back_size=&#8220;50%&#8220;][vc_single_image media=&#8220;1087&#8243; media_width_percent=&#8220;100&#8243; media_ratio=&#8220;four-three&#8220; alignment=&#8220;center&#8220; shape=&#8220;img-round&#8220; radius=&#8220;lg&#8220; uncode_shortcode_id=&#8220;190873&#8243;][vc_custom_heading heading_semantic=&#8220;h3&#8243; text_size=&#8220;h3&#8243; subheading=&#8220;Um die Qualit\u00e4t der Grundbildung in Mosambik nachhaltig zu verbessern, teilt Nhap\u00fapw\u00e8 sein Know-how mit lokalen Partnern\u2014durch praxisnahe Schulungen und gezielte Beratungsangebote.&#8220; uncode_shortcode_id=&#8220;197077&#8243;]Training und Beratug[\/vc_custom_heading][vc_button size=&#8220;btn-sm&#8220; border_width=&#8220;0&#8243; uncode_shortcode_id=&#8220;956750&#8243; link=&#8220;url:https%3A%2F%2Fnhapupwe.creativeplusplus.com%2Fde%2Fwerte-vision%2F%23consultation|&#8220;]Weiterlesen[\/vc_button][\/vc_column][vc_column column_width_percent=&#8220;100&#8243; gutter_size=&#8220;3&#8243; override_padding=&#8220;yes&#8220; column_padding=&#8220;2&#8243; style=&#8220;dark&#8220; back_color=&#8220;green2-nhapupwe&#8220; back_image=&#8220;564&#8243; back_position=&#8220;center top&#8220; overlay_alpha=&#8220;50&#8243; radius=&#8220;xl&#8220; shift_x=&#8220;0&#8243; shift_y=&#8220;0&#8243; shift_y_down=&#8220;0&#8243; z_index=&#8220;0&#8243; medium_width=&#8220;0&#8243; mobile_width=&#8220;0&#8243; parallax_intensity=&#8220;2&#8243; width=&#8220;1\/2&#8243; uncode_shortcode_id=&#8220;768923&#8243; back_color_type=&#8220;uncode-palette&#8220; back_size=&#8220;50%&#8220;][vc_single_image media=&#8220;1046&#8243; media_width_percent=&#8220;100&#8243; media_ratio=&#8220;four-three&#8220; alignment=&#8220;center&#8220; shape=&#8220;img-round&#8220; radius=&#8220;lg&#8220; uncode_shortcode_id=&#8220;360894&#8243;][vc_custom_heading heading_semantic=&#8220;h3&#8243; text_size=&#8220;h3&#8243; subheading=&#8220;Schon seit seiner Gr\u00fcndung entwickelt Nhap\u00fapw\u00e8 p\u00e4dagogische Innovationen, um eine zentrale Frage zu beantworten: Wie gelingt gute Bildung\u2014auch mit begrenzten finanziellen Mitteln? Diese Herausforderung treibt unsere kreativen, praxisnahen Lernideen an. &#8220; uncode_shortcode_id=&#8220;166253&#8243;]Innovation[\/vc_custom_heading][vc_button size=&#8220;btn-sm&#8220; border_width=&#8220;0&#8243; uncode_shortcode_id=&#8220;600415&#8243; link=&#8220;url:https%3A%2F%2Fnhapupwe.creativeplusplus.com%2Fde%2Fwerte-vision%2F%23innovation|&#8220;]Weiterlesen[\/vc_button][\/vc_column][\/vc_row][vc_row row_height_percent=&#8220;0&#8243; override_padding=&#8220;yes&#8220; h_padding=&#8220;2&#8243; top_padding=&#8220;4&#8243; bottom_padding=&#8220;4&#8243; back_image=&#8220;75&#8243; parallax=&#8220;yes&#8220; kburns=&#8220;yes&#8220; overlay_alpha=&#8220;90&#8243; gutter_size=&#8220;3&#8243; column_width_percent=&#8220;100&#8243; shift_y=&#8220;0&#8243; z_index=&#8220;0&#8243; css_animation=&#8220;scroll-trigger&#8220; animate_el=&#8220;bg&#8220; animation_scale_val=&#8220;90&#8243; animation_opacity=&#8220;100&#8243; animation_x=&#8220;0&#8243; animation_y=&#8220;0&#8243; animation_blur=&#8220;0&#8243; animation_rotate=&#8220;0&#8243; animation_perspective=&#8220;0&#8243; animation_offset_top=&#8220;100&#8243; animation_offset_bottom=&#8220;0&#8243; disable_mobile=&#8220;yes&#8220; content_parallax=&#8220;0&#8243; uncode_shortcode_id=&#8220;863478&#8243; overlay_color_type=&#8220;uncode-gradient&#8220; overlay_color_gradient=&#8220;{&#8222;css&#8222;:&#8222;background: linear-gradient(to left , rgb(0, 107, 89) 6% , rgb(37, 137, 56) 100%);&#8222;,&#8222;sliders&#8222;:`{`{&#8222;color&#8222;:&#8222;rgb(0, 107, 89)&#8222;,&#8222;position&#8222;:6},{&#8222;color&#8222;:&#8222;rgb(37, 137, 56)&#8222;,&#8222;position&#8222;:100}`}`,&#8222;type&#8222;:&#8222;linear&#8222;,&#8222;direction&#8222;:&#8222;right&#8222;}&#8220; animation_radius=&#8220;36px&#8220;][vc_column column_width_percent=&#8220;100&#8243; position_vertical=&#8220;middle&#8220; gutter_size=&#8220;4&#8243; override_padding=&#8220;yes&#8220; column_padding=&#8220;2&#8243; style=&#8220;dark&#8220; overlay_alpha=&#8220;50&#8243; radius=&#8220;xl&#8220; shift_x=&#8220;0&#8243; shift_y=&#8220;0&#8243; shift_y_down=&#8220;0&#8243; z_index=&#8220;0&#8243; medium_width=&#8220;0&#8243; mobile_width=&#8220;0&#8243; width=&#8220;1\/1&#8243; uncode_shortcode_id=&#8220;210607&#8243;][vc_row_inner row_inner_height_percent=&#8220;0&#8243; overlay_alpha=&#8220;50&#8243; gutter_size=&#8220;6&#8243; shift_y=&#8220;0&#8243; z_index=&#8220;0&#8243; uncode_shortcode_id=&#8220;160148&#8243;][vc_column_inner column_width_percent=&#8220;100&#8243; gutter_size=&#8220;3&#8243; style=&#8220;dark&#8220; overlay_alpha=&#8220;50&#8243; shift_x=&#8220;0&#8243; shift_y=&#8220;0&#8243; shift_y_down=&#8220;0&#8243; z_index=&#8220;0&#8243; medium_width=&#8220;0&#8243; mobile_width=&#8220;0&#8243; width=&#8220;1\/2&#8243; uncode_shortcode_id=&#8220;937298&#8243;][vc_custom_heading heading_semantic=&#8220;h3&#8243; text_size=&#8220;h1&#8243; uncode_shortcode_id=&#8220;168339&#8243;]Die Geschichte von Nhap\u00fapw\u00e8[\/vc_custom_heading][vc_custom_heading text_size=&#8220;h3&#8243; uncode_shortcode_id=&#8220;655024&#8243;]2005 &#8211; 2006[\/vc_custom_heading][vc_column_text uncode_shortcode_id=&#8220;256244&#8243;]<span style=\"font-weight: 400;\">2005 gr\u00fcndete eine mosambikanische Lehrkraft und eine deutsche Sonderp\u00e4dagogin gemeinsam mit einer Elterninitiative eine Vorschule. Alles begann mit f\u00fcnf Kindern, die in einem Garten spielten und lernten, w\u00e4hrend ein geeignetes Haus renoviert wurde. Von Anfang an galt das Solidarit\u00e4tsprinzip: Familien, die es sich leisten konnten, unterst\u00fctzten die Teilnahme von Kindern aus einkommensschwachen Familien. Lernmaterialien und Spielzeug wurden aus lokalen Materialien selbst hergestellt. Die Kinder hatten Spa\u00df und lernten gut. So schlossen sich immer mehr Familien an.    <\/span>[\/vc_column_text][\/vc_column_inner][vc_column_inner width=&#8220;1\/2&#8243;][vc_single_image media=&#8220;1019&#8243; media_width_percent=&#8220;100&#8243; media_ratio=&#8220;three-two&#8220; shape=&#8220;img-round&#8220; radius=&#8220;xl&#8220; lbox_transparency=&#8220;opaque&#8220; uncode_shortcode_id=&#8220;122437&#8243;][\/vc_column_inner][\/vc_row_inner][vc_empty_space empty_h=&#8220;2&#8243;][vc_row_inner row_inner_height_percent=&#8220;0&#8243; overlay_alpha=&#8220;50&#8243; equal_height=&#8220;yes&#8220; gutter_size=&#8220;3&#8243; shift_y=&#8220;0&#8243; z_index=&#8220;0&#8243;][vc_column_inner column_width_percent=&#8220;100&#8243; gutter_size=&#8220;2&#8243; style=&#8220;dark&#8220; overlay_alpha=&#8220;50&#8243; shift_x=&#8220;0&#8243; shift_y=&#8220;0&#8243; shift_y_down=&#8220;0&#8243; z_index=&#8220;0&#8243; medium_width=&#8220;0&#8243; mobile_width=&#8220;7&#8243; toggle=&#8220;yes&#8220; max_height=&#8220;600&#8243; closed_txt=&#8220;Read More&#8220; btn_margin=&#8220;std&#8220; fade=&#8220;sm&#8220; btn_align=&#8220;left&#8220; width=&#8220;1\/3&#8243; uncode_shortcode_id=&#8220;153709&#8243;][vc_single_image media=&#8220;524&#8243; media_width_percent=&#8220;100&#8243; media_ratio=&#8220;four-three&#8220; shape=&#8220;img-round&#8220; radius=&#8220;xl&#8220; lbox_transparency=&#8220;opaque&#8220; uncode_shortcode_id=&#8220;256057&#8243;][vc_custom_heading text_size=&#8220;h3&#8243; uncode_shortcode_id=&#8220;347849&#8243;]2007 &#8211; 2010[\/vc_custom_heading][vc_separator sep_color=&#8220;,Default&#8220;][vc_column_text uncode_shortcode_id=&#8220;114908&#8243;]<span style=\"font-weight: 400;\">2007 wurde Nhap\u00fapw\u00e8 zu einem offiziellen gemeinn\u00fctzigen Verein. Mit inzwischen \u00fcber 25 Kindern begann die Suche nach gr\u00f6\u00dferen R\u00e4umlichkeiten. Auch andere Vorschulen interessierten sich f\u00fcr unsere Methoden und Materialien. Im selben Jahr fanden die ersten Fortbildungen f\u00fcr Erzieher statt. Mit dem wachsenden Interesse von Familien und P\u00e4dagog:innen wurde bald der Wunsch laut, das Konzept auch auf die Grundschule auszuweiten.  <\/span>[\/vc_column_text][vc_separator sep_color=&#8220;&#8220; uncode_shortcode_id=&#8220;151197&#8243;][\/vc_column_inner][vc_column_inner column_width_percent=&#8220;100&#8243; gutter_size=&#8220;2&#8243; style=&#8220;dark&#8220; overlay_alpha=&#8220;50&#8243; shift_x=&#8220;0&#8243; shift_y=&#8220;0&#8243; shift_y_down=&#8220;0&#8243; z_index=&#8220;0&#8243; medium_width=&#8220;0&#8243; mobile_width=&#8220;0&#8243; toggle=&#8220;yes&#8220; max_height=&#8220;600&#8243; closed_txt=&#8220;Read More&#8220; btn_margin=&#8220;std&#8220; fade=&#8220;sm&#8220; btn_align=&#8220;left&#8220; width=&#8220;1\/3&#8243; uncode_shortcode_id=&#8220;473418&#8243;][vc_single_image media=&#8220;1061&#8243; media_width_percent=&#8220;100&#8243; media_ratio=&#8220;four-three&#8220; shape=&#8220;img-round&#8220; radius=&#8220;xl&#8220; lbox_transparency=&#8220;opaque&#8220; uncode_shortcode_id=&#8220;500647&#8243;][vc_custom_heading text_size=&#8220;h3&#8243; uncode_shortcode_id=&#8220;908325&#8243;]2011 &#8211; 2013[\/vc_custom_heading][vc_separator sep_color=&#8220;,Default&#8220;][vc_column_text uncode_shortcode_id=&#8220;483261&#8243;]<span style=\"font-weight: 400;\">Mit Unterst\u00fctzung der deutschen Botschaft und privater Spender*innen begann 2011 der Bau eines Schulgeb\u00e4udes, und 2012 konnte die erste Grundschulklasse er\u00f6ffnet werden. In Deutschland wurde ein F\u00f6rderverein gegr\u00fcndet. Die Nachfrage nach Nhap\u00fapw\u00e8s Fortbildungen und Beratungen stieg, ebenso wie die Zusammenarbeit mit lokalen Beh\u00f6rden\u2014sogar bei der Gestaltung des nationalen Curriculums f\u00fcr die Erzieherausbildung. Die Trainings wurden landesweit mit verschiedenen Partnern ausgeweitet. 2012 lernte Nhap\u00fapw\u00e8 mobilezone (damals powwow) kennen \u2013 eine Partnerschaft, die der Arbeit des Vereins neuen Schwung verlieh. Dank regelm\u00e4\u00dfiger Spenden entstanden eigene Geb\u00e4ude f\u00fcr Vorschule und Grundschule, was mehr Kindern den Schulbesuch erm\u00f6glichte, sowie Nhap\u00fapw\u00e8s Nachhaltigkeit sowie Position gegen\u00fcber Regierung und Partnern weiter st\u00e4rkte.     <\/span>[\/vc_column_text][vc_separator sep_color=&#8220;,Default&#8220;][\/vc_column_inner][vc_column_inner column_width_percent=&#8220;100&#8243; gutter_size=&#8220;2&#8243; style=&#8220;dark&#8220; overlay_alpha=&#8220;50&#8243; shift_x=&#8220;0&#8243; shift_y=&#8220;0&#8243; shift_y_down=&#8220;0&#8243; z_index=&#8220;0&#8243; medium_width=&#8220;0&#8243; mobile_width=&#8220;0&#8243; toggle=&#8220;yes&#8220; max_height=&#8220;600&#8243; closed_txt=&#8220;Read More&#8220; btn_margin=&#8220;std&#8220; fade=&#8220;sm&#8220; btn_align=&#8220;left&#8220; width=&#8220;1\/3&#8243; uncode_shortcode_id=&#8220;145387&#8243;][vc_single_image media=&#8220;1120&#8243; media_width_percent=&#8220;100&#8243; media_ratio=&#8220;four-three&#8220; shape=&#8220;img-round&#8220; radius=&#8220;xl&#8220; lbox_transparency=&#8220;opaque&#8220; uncode_shortcode_id=&#8220;182085&#8243;][vc_custom_heading text_size=&#8220;h3&#8243; uncode_shortcode_id=&#8220;803614&#8243;]2014 bis Heute[\/vc_custom_heading][vc_separator sep_color=&#8220;,Default&#8220;][vc_column_text uncode_shortcode_id=&#8220;524594&#8243;]<span style=\"font-weight: 400;\">2014 begann Nhap\u00fapw\u00e8 mit der Fortbildung von Lehrkr\u00e4ften und Ausbilder:innen aus den nationalen Lehrerbildungsinstituten. In den folgenden Jahren entstand eine Partnerschaft mit UNICEF, durch die viele weitere P\u00e4dagog*innen im Norden Mosambiks erreicht wurden. Dank der Unterst\u00fctzung von mobilezone konnten 2018 zus\u00e4tzliche Klassenr\u00e4ume er\u00f6ffnet werden, sodass die Grundschule nun zweiz\u00fcgig gef\u00fchrt wird und noch mehr Kinder aufnehmen kann. Heute besuchen \u00fcber 350 Kinder unsere Vorschule und Grundschule, betreut von mehr als 30 Mitarbeitenden, die sich mit Herzblut f\u00fcr die Kinder und die Verbreitung von Nhap\u00fapw\u00e8s Bildungsansatz engagieren.   <\/span>[\/vc_column_text][vc_separator sep_color=&#8220;,Default&#8220;][\/vc_column_inner][\/vc_row_inner][\/vc_column][\/vc_row][vc_row row_height_percent=&#8220;0&#8243; override_padding=&#8220;yes&#8220; h_padding=&#8220;2&#8243; top_padding=&#8220;3&#8243; bottom_padding=&#8220;3&#8243; overlay_alpha=&#8220;50&#8243; gutter_size=&#8220;3&#8243; column_width_percent=&#8220;100&#8243; shift_y=&#8220;0&#8243; z_index=&#8220;0&#8243; top_divider=&#8220;gradient&#8220; content_parallax=&#8220;0&#8243; uncode_shortcode_id=&#8220;197476&#8243;][vc_column column_width_percent=&#8220;100&#8243; gutter_size=&#8220;4&#8243; overlay_alpha=&#8220;50&#8243; shift_x=&#8220;0&#8243; shift_y=&#8220;0&#8243; shift_y_down=&#8220;0&#8243; z_index=&#8220;0&#8243; medium_width=&#8220;0&#8243; mobile_width=&#8220;0&#8243; width=&#8220;1\/1&#8243;][vc_row_inner row_inner_height_percent=&#8220;0&#8243; overlay_alpha=&#8220;50&#8243; gutter_size=&#8220;4&#8243; shift_y=&#8220;0&#8243; z_index=&#8220;0&#8243;][vc_column_inner column_width_percent=&#8220;100&#8243; position_vertical=&#8220;middle&#8220; gutter_size=&#8220;3&#8243; overlay_alpha=&#8220;50&#8243; shift_x=&#8220;0&#8243; shift_y=&#8220;0&#8243; shift_y_down=&#8220;0&#8243; z_index=&#8220;0&#8243; medium_width=&#8220;0&#8243; mobile_width=&#8220;0&#8243; width=&#8220;1\/4&#8243;][vc_custom_heading heading_semantic=&#8220;h3&#8243; text_size=&#8220;h1&#8243; uncode_shortcode_id=&#8220;676908&#8243;]Partner[\/vc_custom_heading][\/vc_column_inner][vc_column_inner width=&#8220;3\/4&#8243;][vc_gallery el_id=&#8220;gallery-85457123&#8243; type=&#8220;css_grid&#8220; medias=&#8220;645,639,648,651,654,642&#8243; grid_items=&#8220;6&#8243; screen_lg_items=&#8220;3&#8243; screen_lg_breakpoint=&#8220;1000&#8243; screen_md_items=&#8220;3&#8243; screen_md_breakpoint=&#8220;600&#8243; screen_sm_items=&#8220;3&#8243; screen_sm_breakpoint=&#8220;480&#8243; gutter_size=&#8220;2&#8243; media_items=&#8220;media|nolink|original&#8220; single_overlay_opacity=&#8220;1&#8243; single_text_anim=&#8220;no&#8220; single_image_anim=&#8220;no&#8220; single_padding=&#8220;2&#8243; single_border=&#8220;yes&#8220; single_link=&#8220;url:%23|||rel:nofollow&#8220; uncode_shortcode_id=&#8220;250680&#8243;][\/vc_column_inner][\/vc_row_inner][\/vc_column][\/vc_row]<\/p>\n<\/div>","protected":false},"excerpt":{"rendered":"<p>[vc_row row_height_percent=&#8220;85&#8243; override_padding=&#8220;yes&#8220; h_padding=&#8220;2&#8243; top_padding=&#8220;2&#8243; bottom_padding=&#8220;2&#8243; back_color=&#8220;gradient-green-yellow-nhapupwe&#8220; back_image=&#8220;68&#8243; parallax=&#8220;yes&#8220; overlay_color=&#8220;gradient-green-yellow-nhapupwe&#8220; overlay_alpha=&#8220;90&#8243; gutter_size=&#8220;3&#8243; column_width_percent=&#8220;100&#8243; shift_y=&#8220;0&#8243; z_index=&#8220;0&#8243; bottom_divider=&#8220;swoosh-opacity&#8220; content_parallax=&#8220;0&#8243; row_name=&#8220;iphone&#8220; el_class=&#8220;gradient&#8220; uncode_shortcode_id=&#8220;662966&#8243; [&hellip;]<\/p>\n","protected":false},"author":1,"featured_media":0,"parent":0,"menu_order":0,"comment_status":"closed","ping_status":"closed","template":"","meta":{"footnotes":""},"class_list":["post-325","page","type-page","status-publish","hentry"],"_links":{"self":[{"href":"https:\/\/nhapupwe.creativeplusplus.com\/de\/wp-json\/wp\/v2\/pages\/325","targetHints":{"allow":["GET"]}}],"collection":[{"href":"https:\/\/nhapupwe.creativeplusplus.com\/de\/wp-json\/wp\/v2\/pages"}],"about":[{"href":"https:\/\/nhapupwe.creativeplusplus.com\/de\/wp-json\/wp\/v2\/types\/page"}],"author":[{"embeddable":true,"href":"https:\/\/nhapupwe.creativeplusplus.com\/de\/wp-json\/wp\/v2\/users\/1"}],"replies":[{"embeddable":true,"href":"https:\/\/nhapupwe.creativeplusplus.com\/de\/wp-json\/wp\/v2\/comments?post=325"}],"version-history":[{"count":38,"href":"https:\/\/nhapupwe.creativeplusplus.com\/de\/wp-json\/wp\/v2\/pages\/325\/revisions"}],"predecessor-version":[{"id":1411,"href":"https:\/\/nhapupwe.creativeplusplus.com\/de\/wp-json\/wp\/v2\/pages\/325\/revisions\/1411"}],"wp:attachment":[{"href":"https:\/\/nhapupwe.creativeplusplus.com\/de\/wp-json\/wp\/v2\/media?parent=325"}],"curies":[{"name":"wp","href":"https:\/\/api.w.org\/{rel}","templated":true}]}}