{"id":1212,"date":"2025-04-28T09:31:51","date_gmt":"2025-04-28T09:31:51","guid":{"rendered":"https:\/\/nhapupwe.creativeplusplus.com\/privacy-policy\/"},"modified":"2025-07-31T09:52:14","modified_gmt":"2025-07-31T09:52:14","slug":"privacy-policy","status":"publish","type":"page","link":"https:\/\/nhapupwe.creativeplusplus.com\/de\/privacy-policy\/","title":{"rendered":"Privacy Policy"},"content":{"rendered":"\n<p>Verantwortlich f\u00fcr den Inhalt:<\/p>\n<p>Tobias Krause<br>Vorsitzender, Nhap\u00fapw\u00e8\u2028F\u00f6rderverein<br>Telefon: +49 (0)171 3174771<br>E-mail: tobiasmariakrause@icloud.com<\/p>\n<p>Diese Website wird in Deutschland gehostet. Es werden keine Besucherdaten gespeichert oder weitergegeben. Die Seite setzt keine Tracking-Tools wie Google Analytics ein.  <\/p>","protected":false},"excerpt":{"rendered":"<p>Verantwortlich f\u00fcr den Inhalt: Tobias KrauseVorsitzender, Nhap\u00fapw\u00e8\u2028F\u00f6rdervereinTelefon: +49 (0)171 3174771E-mail: tobiasmariakrause@icloud.com Diese Website wird in Deutschland gehostet. Es werden keine [&hellip;]<\/p>\n","protected":false},"author":1,"featured_media":0,"parent":0,"menu_order":0,"comment_status":"closed","ping_status":"open","template":"","meta":{"footnotes":""},"class_list":["post-1212","page","type-page","status-publish","hentry"],"_links":{"self":[{"href":"https:\/\/nhapupwe.creativeplusplus.com\/de\/wp-json\/wp\/v2\/pages\/1212","targetHints":{"allow":["GET"]}}],"collection":[{"href":"https:\/\/nhapupwe.creativeplusplus.com\/de\/wp-json\/wp\/v2\/pages"}],"about":[{"href":"https:\/\/nhapupwe.creativeplusplus.com\/de\/wp-json\/wp\/v2\/types\/page"}],"author":[{"embeddable":true,"href":"https:\/\/nhapupwe.creativeplusplus.com\/de\/wp-json\/wp\/v2\/users\/1"}],"replies":[{"embeddable":true,"href":"https:\/\/nhapupwe.creativeplusplus.com\/de\/wp-json\/wp\/v2\/comments?post=1212"}],"version-history":[{"count":1,"href":"https:\/\/nhapupwe.creativeplusplus.com\/de\/wp-json\/wp\/v2\/pages\/1212\/revisions"}],"predecessor-version":[{"id":1294,"href":"https:\/\/nhapupwe.creativeplusplus.com\/de\/wp-json\/wp\/v2\/pages\/1212\/revisions\/1294"}],"wp:attachment":[{"href":"https:\/\/nhapupwe.creativeplusplus.com\/de\/wp-json\/wp\/v2\/media?parent=1212"}],"curies":[{"name":"wp","href":"https:\/\/api.w.org\/{rel}","templated":true}]}}