{"id":1198,"date":"2025-05-05T07:35:09","date_gmt":"2025-05-05T07:35:09","guid":{"rendered":"https:\/\/nhapupwe.creativeplusplus.com\/spenden\/"},"modified":"2025-10-08T10:37:43","modified_gmt":"2025-10-08T10:37:43","slug":"spenden","status":"publish","type":"page","link":"https:\/\/nhapupwe.creativeplusplus.com\/de\/spenden\/","title":{"rendered":"Spenden"},"content":{"rendered":"<div class=\"wpb-content-wrapper\"><p>[vc_row row_height_percent=&#8220;50&#8243; override_padding=&#8220;yes&#8220; h_padding=&#8220;2&#8243; top_padding=&#8220;5&#8243; bottom_padding=&#8220;5&#8243; back_image=&#8220;74&#8243; parallax=&#8220;yes&#8220; overlay_alpha=&#8220;50&#8243; gutter_size=&#8220;3&#8243; column_width_percent=&#8220;100&#8243; shift_y=&#8220;0&#8243; z_index=&#8220;0&#8243; content_parallax=&#8220;0&#8243; uncode_shortcode_id=&#8220;260187&#8243; row_height_pixel=&#8220;200px&#8220;][vc_column width=&#8220;1\/1&#8243;][\/vc_column][\/vc_row][vc_row row_height_percent=&#8220;0&#8243; override_padding=&#8220;yes&#8220; h_padding=&#8220;2&#8243; top_padding=&#8220;2&#8243; bottom_padding=&#8220;2&#8243; overlay_alpha=&#8220;96&#8243; gutter_size=&#8220;4&#8243; column_width_percent=&#8220;100&#8243; shift_y=&#8220;0&#8243; z_index=&#8220;0&#8243; content_parallax=&#8220;0&#8243; uncode_shortcode_id=&#8220;119849&#8243;][vc_column column_width_percent=&#8220;100&#8243; gutter_size=&#8220;2&#8243; overlay_alpha=&#8220;50&#8243; shift_x=&#8220;0&#8243; shift_y=&#8220;0&#8243; shift_y_down=&#8220;0&#8243; z_index=&#8220;0&#8243; medium_width=&#8220;0&#8243; mobile_width=&#8220;0&#8243; width=&#8220;4\/12&#8243; uncode_shortcode_id=&#8220;968949&#8243;][vc_custom_heading heading_semantic=&#8220;h1&#8243; text_size=&#8220;h1&#8243; uncode_shortcode_id=&#8220;114273&#8243;]Spenden[\/vc_custom_heading][vc_separator sep_color=&#8220;color-red-nhapupwe&#8220; icon=&#8220;fa fa-heart&#8220; icon_position=&#8220;left&#8220; uncode_shortcode_id=&#8220;161758&#8243; sep_color_type=&#8220;uncode-palette&#8220;][\/vc_column][vc_column width=&#8220;8\/12&#8243;][vc_custom_heading heading_semantic=&#8220;div&#8220; text_size=&#8220;h3&#8243; uncode_shortcode_id=&#8220;103499&#8243;]Unterst\u00fctzen Sie Nhap\u00fapw\u00e8s Mission. Ihre Spende hilft, Lehrer*innen zu st\u00e4rken, Innovationen anzusto\u00dfen und hochwertige Bildung f\u00fcr alle Kinder zug\u00e4nglich zu machen.[\/vc_custom_heading][\/vc_column][\/vc_row][vc_row row_height_percent=&#8220;0&#8243; override_padding=&#8220;yes&#8220; h_padding=&#8220;2&#8243; top_padding=&#8220;3&#8243; bottom_padding=&#8220;3&#8243; overlay_alpha=&#8220;50&#8243; equal_height=&#8220;yes&#8220; gutter_size=&#8220;3&#8243; column_width_percent=&#8220;100&#8243; shift_y=&#8220;0&#8243; z_index=&#8220;0&#8243; content_parallax=&#8220;0&#8243; uncode_shortcode_id=&#8220;211931&#8243;][vc_column column_width_percent=&#8220;100&#8243; gutter_size=&#8220;2&#8243; back_color=&#8220;orange-nhapupwe&#8220; back_image=&#8220;544&#8243; back_position=&#8220;right top&#8220; overlay_alpha=&#8220;50&#8243; radius=&#8220;xl&#8220; shift_x=&#8220;0&#8243; shift_y=&#8220;0&#8243; shift_y_down=&#8220;0&#8243; z_index=&#8220;0&#8243; medium_width=&#8220;0&#8243; mobile_width=&#8220;0&#8243; width=&#8220;1\/2&#8243; uncode_shortcode_id=&#8220;151542&#8243; back_color_type=&#8220;uncode-palette&#8220; back_size=&#8220;25%&#8220;][vc_custom_heading heading_semantic=&#8220;h3&#8243; text_size=&#8220;h3&#8243; uncode_shortcode_id=&#8220;229680&#8243;]Bankvebindung in Mosambik[\/vc_custom_heading][vc_column_text uncode_shortcode_id=&#8220;118482&#8243;]Kontoinhaber: Associa\u00e7\u00e3o Nhap\u00fapw\u00e8<br \/>\nBank: Banco Comercial de Investimentos (BCI)<br \/>\nKontonummer: 1564600410001<br \/>\nNIB: 000800001564600410180<br \/>\nSwift Code: CGDIMZMA[\/vc_column_text][vc_empty_space empty_h=&#8220;2&#8243;][vc_custom_heading heading_semantic=&#8220;h3&#8243; text_size=&#8220;h3&#8243; uncode_shortcode_id=&#8220;365734&#8243;]Bankverbindung des Nhap\u00fapw\u00e8 F\u00f6rdervereins in Deutschland[\/vc_custom_heading][vc_column_text uncode_shortcode_id=&#8220;198816&#8243;]Account holder: F\u00f6rderverein Nhap\u00fapw\u00e8<br \/>\nBank: Sparkasse M\u00fcnsterland Ost<br \/>\nIBAN: DE68 4005 0150 0034 3416 85<br \/>\nBIC: WELADED1MS<\/p>\n<p>Spenden an den F\u00f6rderverein werden direkt an Nhap\u00fapw\u00e8 in Mosambik weitergeleitet. Am Jahresende werden steuerlich absetzbare Spendenquittungen ausgestellt. Bitte geben Sie Ihre Postanschrift gleich im Betreff der \u00dcberweisung an, damit wir sie Ihnen zustellen k\u00f6nnen.[\/vc_column_text][\/vc_column][vc_column column_width_percent=&#8220;100&#8243; gutter_size=&#8220;3&#8243; back_color=&#8220;yellow-nhapupwe&#8220; overlay_alpha=&#8220;50&#8243; radius=&#8220;xl&#8220; shift_x=&#8220;0&#8243; shift_y=&#8220;0&#8243; shift_y_down=&#8220;0&#8243; z_index=&#8220;0&#8243; medium_width=&#8220;0&#8243; mobile_width=&#8220;0&#8243; width=&#8220;1\/2&#8243; uncode_shortcode_id=&#8220;495888&#8243; back_color_type=&#8220;uncode-palette&#8220;][vc_single_image media=&#8220;792&#8243; media_width_percent=&#8220;50&#8243; uncode_shortcode_id=&#8220;128472&#8243; media_link=&#8220;url:https%3A%2F%2Fsecure.betterplace.org%2Fde%2Fdonate%2Fplatform%2Fprojects%2F7317|target:_blank&#8220;][vc_column_text uncode_shortcode_id=&#8220;470401&#8243;]Anstelle einer direkten \u00dcberweisung ist es auch m\u00f6glich, Nhap\u00fapw\u00e8s Arbeit in Mosambik \u00fcber betterplace.org zu unterst\u00fctzen. Betterplace ist eine etablierte, globale Crowdfunding-Plattform. Bitte folgen Sie den Anweisungen auf betterplace.org.[\/vc_column_text][vc_button border_width=&#8220;0&#8243; link=&#8220;url:https%3A%2F%2Fsecure.betterplace.org%2Fde%2Fdonate%2Fplatform%2Fprojects%2F7317|target:_blank|&#8220; uncode_shortcode_id=&#8220;181706&#8243;]Spenden Sie jetzt![\/vc_button][\/vc_column][\/vc_row][vc_row row_height_percent=&#8220;0&#8243; override_padding=&#8220;yes&#8220; h_padding=&#8220;2&#8243; top_padding=&#8220;3&#8243; bottom_padding=&#8220;3&#8243; back_image=&#8220;544&#8243; back_position=&#8220;left top&#8220; overlay_alpha=&#8220;50&#8243; gutter_size=&#8220;3&#8243; column_width_percent=&#8220;100&#8243; shift_y=&#8220;0&#8243; z_index=&#8220;0&#8243; content_parallax=&#8220;0&#8243; uncode_shortcode_id=&#8220;208717&#8243; back_size=&#8220;20%&#8220;][vc_column column_width_use_pixel=&#8220;yes&#8220; align_horizontal=&#8220;align_center&#8220; gutter_size=&#8220;3&#8243; overlay_alpha=&#8220;50&#8243; shift_x=&#8220;0&#8243; shift_y=&#8220;0&#8243; shift_y_down=&#8220;0&#8243; z_index=&#8220;0&#8243; medium_width=&#8220;0&#8243; mobile_width=&#8220;0&#8243; width=&#8220;1\/1&#8243; uncode_shortcode_id=&#8220;126191&#8243; column_width_pixel=&#8220;800&#8243;][vc_custom_heading heading_semantic=&#8220;h3&#8243; text_size=&#8220;h1&#8243; uncode_shortcode_id=&#8220;139192&#8243;]Was kann mit Spenden finanziert werden?[\/vc_custom_heading][vc_column_text uncode_shortcode_id=&#8220;603197&#8243;]Die laufenden Kosten der Nhap\u00fapw\u00e8 Vorschule und -Grundschule werden von den Familien im Rahmen eines solidarischen Beitragssystems getragen. Dadurch ist die Nachhaltigkeit und Kontinuit\u00e4t der Schule auch ohne externe Finanzierung gew\u00e4hrleistet.<\/p>\n<p>F\u00fcr den wichtigen Ausbau der Infrastruktur, f\u00fcr Fortbildungen und die Gemeindschaftsarbeit ist Nhap\u00fapw\u00e8 jedoch auf Spenden angewiesen. Dank dieser Unterst\u00fctzung konnte Nhap\u00fapw\u00e8 zu einem landesweit anerkannten Referenzzentrum heranwachsen.<\/p>\n<p><strong>So k\u00f6nnen Ihre Spenden Wirkung entfalten:<\/strong>[\/vc_column_text][\/vc_column][\/vc_row][vc_row row_height_percent=&#8220;0&#8243; override_padding=&#8220;yes&#8220; h_padding=&#8220;2&#8243; top_padding=&#8220;3&#8243; bottom_padding=&#8220;3&#8243; overlay_alpha=&#8220;50&#8243; gutter_size=&#8220;3&#8243; column_width_percent=&#8220;100&#8243; shift_y=&#8220;0&#8243; z_index=&#8220;0&#8243; content_parallax=&#8220;0&#8243; uncode_shortcode_id=&#8220;143220&#8243;][vc_column column_width_percent=&#8220;100&#8243; align_horizontal=&#8220;align_center&#8220; gutter_size=&#8220;3&#8243; overlay_alpha=&#8220;50&#8243; shift_x=&#8220;0&#8243; shift_y=&#8220;0&#8243; shift_y_down=&#8220;0&#8243; z_index=&#8220;0&#8243; medium_width=&#8220;0&#8243; mobile_width=&#8220;0&#8243; width=&#8220;1\/1&#8243; uncode_shortcode_id=&#8220;157591&#8243;][vc_custom_heading heading_semantic=&#8220;h3&#8243; text_size=&#8220;h1&#8243; uncode_shortcode_id=&#8220;190423&#8243;]Was Wir Jetzt Umsetzten Wollen[\/vc_custom_heading][vc_row_inner row_inner_height_percent=&#8220;0&#8243; overlay_alpha=&#8220;0&#8243; equal_height=&#8220;yes&#8220; gutter_size=&#8220;4&#8243; shift_y=&#8220;0&#8243; z_index=&#8220;0&#8243; uncode_shortcode_id=&#8220;316372&#8243;][vc_column_inner column_width_percent=&#8220;100&#8243; align_horizontal=&#8220;align_center&#8220; gutter_size=&#8220;2&#8243; back_color=&#8220;yellow-nhapupwe&#8220; overlay_alpha=&#8220;50&#8243; radius=&#8220;xl&#8220; shift_x=&#8220;0&#8243; shift_y=&#8220;0&#8243; shift_y_down=&#8220;0&#8243; z_index=&#8220;0&#8243; medium_width=&#8220;0&#8243; mobile_width=&#8220;0&#8243; width=&#8220;1\/3&#8243; uncode_shortcode_id=&#8220;191229&#8243; back_color_type=&#8220;uncode-palette&#8220;][vc_icon icon=&#8220;fa fa-futbol-o&#8220; background_style=&#8220;fa-rounded&#8220; size=&#8220;fa-2x&#8220; uncode_shortcode_id=&#8220;211272&#8243;][\/vc_icon][vc_custom_heading heading_semantic=&#8220;h3&#8243; text_size=&#8220;h3&#8243; uncode_shortcode_id=&#8220;198805&#8243;]Sportplatz und Infrastrukturverbesserungen[\/vc_custom_heading][vc_column_text uncode_shortcode_id=&#8220;676921&#8243;]\u00dcberdachung des Sportplatzes, damit der Sportunterricht auch w\u00e4hrend der hei\u00dfen Sommermonate im Freien stattfinden kann. Au\u00dferdem arbeiten wir an allgemeinen Infrastrukturverbesserungen, damit das Schulgel\u00e4nde f\u00fcr vielf\u00e4ltige Nachmittagsaktivit\u00e4ten wie Tanz-, Theater-, Kampfsport- und Schachkurse sowie f\u00fcr Feste und Veranstaltungen genutzt werden kann. Diese Nutzung schafft zus\u00e4tzliche Einnahmequellen f\u00fcr die Schule und tr\u00e4gt zur Finanzierung ihrer Instandhaltung bei.[\/vc_column_text][\/vc_column_inner][vc_column_inner column_width_percent=&#8220;100&#8243; align_horizontal=&#8220;align_center&#8220; gutter_size=&#8220;2&#8243; back_color=&#8220;yellow-nhapupwe&#8220; overlay_alpha=&#8220;50&#8243; radius=&#8220;xl&#8220; shift_x=&#8220;0&#8243; shift_y=&#8220;0&#8243; shift_y_down=&#8220;0&#8243; z_index=&#8220;0&#8243; medium_width=&#8220;0&#8243; mobile_width=&#8220;0&#8243; width=&#8220;1\/3&#8243; uncode_shortcode_id=&#8220;182058&#8243; back_color_type=&#8220;uncode-palette&#8220;][vc_icon icon=&#8220;fa fa-home&#8220; background_style=&#8220;fa-rounded&#8220; size=&#8220;fa-2x&#8220; uncode_shortcode_id=&#8220;203201&#8243;][\/vc_icon][vc_custom_heading heading_semantic=&#8220;h3&#8243; text_size=&#8220;h3&#8243; uncode_shortcode_id=&#8220;795664&#8243;]Finanzierung von Aus- und Weiterbildungen[\/vc_custom_heading][vc_column_text uncode_shortcode_id=&#8220;205178&#8243;]Nhap\u00fapw\u00e8 vermittelt seinen p\u00e4dagogischen Ansatz durch Fortbildungen und Beratungen f\u00fcr Vorschulen, Grundschulen, Ausbildungsinstitute und staatliche Partner. Ihre Spenden helfen, diese wichtige Arbeit auszuweiten. Bisher konnten wir \u00fcber 1.000 Lehrerinnen, Erzieher und Ausbilder in ganz Mosambik schulen\u2014und wir m\u00f6chten noch mehr erreichen.[\/vc_column_text][\/vc_column_inner][vc_column_inner column_width_percent=&#8220;100&#8243; align_horizontal=&#8220;align_center&#8220; gutter_size=&#8220;2&#8243; back_color=&#8220;yellow-nhapupwe&#8220; overlay_alpha=&#8220;50&#8243; radius=&#8220;xl&#8220; shift_x=&#8220;0&#8243; shift_y=&#8220;0&#8243; shift_y_down=&#8220;0&#8243; z_index=&#8220;0&#8243; medium_width=&#8220;0&#8243; mobile_width=&#8220;0&#8243; width=&#8220;1\/3&#8243; uncode_shortcode_id=&#8220;206695&#8243; back_color_type=&#8220;uncode-palette&#8220;][vc_icon icon=&#8220;fa fa-pencil&#8220; background_style=&#8220;fa-rounded&#8220; size=&#8220;fa-2x&#8220; uncode_shortcode_id=&#8220;315188&#8243;][\/vc_icon][vc_custom_heading heading_semantic=&#8220;h3&#8243; text_size=&#8220;h3&#8243; uncode_shortcode_id=&#8220;546359&#8243;]Gemeindschaftsarbeit[\/vc_custom_heading][vc_column_text uncode_shortcode_id=&#8220;190021&#8243;]Wir entwickeln Lehrmaterialien und Handreichungen nicht nur f\u00fcr Sch\u00fcler*innen, P\u00e4dagog*innen und Lehrkr\u00e4fte, sondern auch f\u00fcr deren Umfeld. Dar\u00fcber hinaus organisieren wir Gruppentreffen, Events und Auff\u00fchrungen, um Eltern und die breite Gemeinschaft aktiv einzubeziehen.[\/vc_column_text][\/vc_column_inner][\/vc_row_inner][\/vc_column][\/vc_row]<\/p>\n<\/div>","protected":false},"excerpt":{"rendered":"<p>[vc_row row_height_percent=&#8220;50&#8243; override_padding=&#8220;yes&#8220; h_padding=&#8220;2&#8243; top_padding=&#8220;5&#8243; bottom_padding=&#8220;5&#8243; back_image=&#8220;74&#8243; parallax=&#8220;yes&#8220; overlay_alpha=&#8220;50&#8243; gutter_size=&#8220;3&#8243; column_width_percent=&#8220;100&#8243; shift_y=&#8220;0&#8243; z_index=&#8220;0&#8243; content_parallax=&#8220;0&#8243; uncode_shortcode_id=&#8220;260187&#8243; row_height_pixel=&#8220;200px&#8220;][vc_column width=&#8220;1\/1&#8243;][\/vc_column][\/vc_row][vc_row row_height_percent=&#8220;0&#8243; override_padding=&#8220;yes&#8220; h_padding=&#8220;2&#8243; [&hellip;]<\/p>\n","protected":false},"author":1,"featured_media":0,"parent":0,"menu_order":0,"comment_status":"closed","ping_status":"closed","template":"","meta":{"footnotes":""},"class_list":["post-1198","page","type-page","status-publish","hentry"],"_links":{"self":[{"href":"https:\/\/nhapupwe.creativeplusplus.com\/de\/wp-json\/wp\/v2\/pages\/1198","targetHints":{"allow":["GET"]}}],"collection":[{"href":"https:\/\/nhapupwe.creativeplusplus.com\/de\/wp-json\/wp\/v2\/pages"}],"about":[{"href":"https:\/\/nhapupwe.creativeplusplus.com\/de\/wp-json\/wp\/v2\/types\/page"}],"author":[{"embeddable":true,"href":"https:\/\/nhapupwe.creativeplusplus.com\/de\/wp-json\/wp\/v2\/users\/1"}],"replies":[{"embeddable":true,"href":"https:\/\/nhapupwe.creativeplusplus.com\/de\/wp-json\/wp\/v2\/comments?post=1198"}],"version-history":[{"count":10,"href":"https:\/\/nhapupwe.creativeplusplus.com\/de\/wp-json\/wp\/v2\/pages\/1198\/revisions"}],"predecessor-version":[{"id":1432,"href":"https:\/\/nhapupwe.creativeplusplus.com\/de\/wp-json\/wp\/v2\/pages\/1198\/revisions\/1432"}],"wp:attachment":[{"href":"https:\/\/nhapupwe.creativeplusplus.com\/de\/wp-json\/wp\/v2\/media?parent=1198"}],"curies":[{"name":"wp","href":"https:\/\/api.w.org\/{rel}","templated":true}]}}