{"id":1190,"date":"2025-05-05T07:36:14","date_gmt":"2025-05-05T07:36:14","guid":{"rendered":"https:\/\/nhapupwe.creativeplusplus.com\/contact-us\/"},"modified":"2025-07-31T08:40:11","modified_gmt":"2025-07-31T08:40:11","slug":"contact-us","status":"publish","type":"page","link":"https:\/\/nhapupwe.creativeplusplus.com\/de\/contact-us\/","title":{"rendered":"Kontakt"},"content":{"rendered":"<div class=\"wpb-content-wrapper\"><p>[vc_row row_height_percent=&#8220;50&#8243; override_padding=&#8220;yes&#8220; h_padding=&#8220;2&#8243; top_padding=&#8220;5&#8243; bottom_padding=&#8220;5&#8243; back_image=&#8220;68&#8243; parallax=&#8220;yes&#8220; overlay_alpha=&#8220;50&#8243; gutter_size=&#8220;3&#8243; column_width_percent=&#8220;100&#8243; shift_y=&#8220;0&#8243; z_index=&#8220;0&#8243; content_parallax=&#8220;0&#8243; uncode_shortcode_id=&#8220;938131&#8243; row_height_pixel=&#8220;200px&#8220;][vc_column width=&#8220;1\/1&#8243;][\/vc_column][\/vc_row][vc_row row_height_percent=&#8220;0&#8243; override_padding=&#8220;yes&#8220; h_padding=&#8220;2&#8243; top_padding=&#8220;2&#8243; bottom_padding=&#8220;2&#8243; overlay_alpha=&#8220;96&#8243; gutter_size=&#8220;4&#8243; column_width_percent=&#8220;100&#8243; shift_y=&#8220;0&#8243; z_index=&#8220;0&#8243; content_parallax=&#8220;0&#8243; uncode_shortcode_id=&#8220;158683&#8243;][vc_column column_width_percent=&#8220;100&#8243; gutter_size=&#8220;2&#8243; overlay_alpha=&#8220;50&#8243; shift_x=&#8220;0&#8243; shift_y=&#8220;0&#8243; shift_y_down=&#8220;0&#8243; z_index=&#8220;0&#8243; medium_width=&#8220;0&#8243; mobile_width=&#8220;0&#8243; width=&#8220;4\/12&#8243; uncode_shortcode_id=&#8220;169455&#8243;][vc_custom_heading heading_semantic=&#8220;h1&#8243; text_size=&#8220;h1&#8243; uncode_shortcode_id=&#8220;930195&#8243;]Kontakt[\/vc_custom_heading][vc_separator sep_color=&#8220;yellow-nhapupwe&#8220; icon=&#8220;fa fa-envelope-o&#8220; icon_position=&#8220;left&#8220; full_width=&#8220;yes&#8220; uncode_shortcode_id=&#8220;206241&#8243; sep_color_type=&#8220;uncode-palette&#8220; el_height=&#8220;10px&#8220;][\/vc_column][vc_column width=&#8220;8\/12&#8243;][vc_custom_heading heading_semantic=&#8220;div&#8220; text_size=&#8220;h3&#8243; uncode_shortcode_id=&#8220;169136&#8243;]Treten Sie mit uns in Kontakt um herauszufinden, wie Sie hochwertige Bildung in Mosambik unterst\u00fctzen und Teil unserer Mission f\u00fcr wirkungsvolles Lernen werden k\u00f6nnen.[\/vc_custom_heading][\/vc_column][\/vc_row][vc_row row_height_percent=&#8220;0&#8243; override_padding=&#8220;yes&#8220; h_padding=&#8220;2&#8243; top_padding=&#8220;3&#8243; bottom_padding=&#8220;3&#8243; overlay_alpha=&#8220;50&#8243; gutter_size=&#8220;3&#8243; column_width_percent=&#8220;100&#8243; shift_y=&#8220;0&#8243; z_index=&#8220;0&#8243; content_parallax=&#8220;0&#8243; uncode_shortcode_id=&#8220;650283&#8243;][vc_column column_width_percent=&#8220;100&#8243; gutter_size=&#8220;2&#8243; back_color=&#8220;yellow-nhapupwe&#8220; back_image=&#8220;555&#8243; back_position=&#8220;right top&#8220; overlay_alpha=&#8220;50&#8243; radius=&#8220;xl&#8220; shift_x=&#8220;0&#8243; shift_y=&#8220;0&#8243; shift_y_down=&#8220;0&#8243; z_index=&#8220;0&#8243; medium_width=&#8220;0&#8243; mobile_width=&#8220;0&#8243; width=&#8220;1\/2&#8243; uncode_shortcode_id=&#8220;303688&#8243; back_color_type=&#8220;uncode-palette&#8220; back_size=&#8220;25%&#8220;][vc_custom_heading heading_semantic=&#8220;h3&#8243; text_size=&#8220;h3&#8243; uncode_shortcode_id=&#8220;185844&#8243;]Nhap\u00fapw\u00e8 in Mosambik[\/vc_custom_heading][vc_column_text uncode_shortcode_id=&#8220;121995&#8243;]Bairro Muelo 2<br \/>\nRua 105<br \/>\nCidade de Inhambane<br \/>\nMosambik<\/p>\n<p>Telefon: +258 87 032 8681[\/vc_column_text][vc_empty_space empty_h=&#8220;2&#8243;][vc_custom_heading heading_semantic=&#8220;h3&#8243; text_size=&#8220;h3&#8243; uncode_shortcode_id=&#8220;108112&#8243;]Nhap\u00fapw\u00e8 F\u00f6rderverein in Deutschland[\/vc_custom_heading][vc_column_text uncode_shortcode_id=&#8220;309838&#8243;]Vorsitzender: Tobias Krause<br \/>\nTelefon +49 171 3174771<br \/>\nE-mail: tobiasmariakrause@icloud.com[\/vc_column_text][\/vc_column][vc_column column_width_percent=&#8220;100&#8243; gutter_size=&#8220;0&#8243; override_padding=&#8220;yes&#8220; column_padding=&#8220;0&#8243; overlay_alpha=&#8220;50&#8243; radius=&#8220;xl&#8220; shift_x=&#8220;0&#8243; shift_y=&#8220;0&#8243; shift_y_down=&#8220;0&#8243; z_index=&#8220;0&#8243; medium_width=&#8220;0&#8243; mobile_width=&#8220;0&#8243; width=&#8220;1\/2&#8243; uncode_shortcode_id=&#8220;158973&#8243;][vc_column_text uncode_shortcode_id=&#8220;102115&#8243;]<iframe style=\"border: 0;\" src=\"https:\/\/www.google.com\/maps\/embed?pb=!1m18!1m12!1m3!1d3647.63854975783!2d35.40145444554191!3d-23.902432526989326!2m3!1f0!2f0!3f0!3m2!1i1024!2i768!4f13.1!3m3!1m2!1s0x1f21db96770b343b%3A0x4dd731b057ce56da!2zTmhhcMO6cHfDqA!5e0!3m2!1sid!2sid!4v1747195768585!5m2!1sid!2sid\" width=\"600\" height=\"450\" allowfullscreen=\"allowfullscreen\"><\/iframe>[\/vc_column_text][\/vc_column][\/vc_row]<\/p>\n<\/div>","protected":false},"excerpt":{"rendered":"<p>[vc_row row_height_percent=&#8220;50&#8243; override_padding=&#8220;yes&#8220; h_padding=&#8220;2&#8243; top_padding=&#8220;5&#8243; bottom_padding=&#8220;5&#8243; back_image=&#8220;68&#8243; parallax=&#8220;yes&#8220; overlay_alpha=&#8220;50&#8243; gutter_size=&#8220;3&#8243; column_width_percent=&#8220;100&#8243; shift_y=&#8220;0&#8243; z_index=&#8220;0&#8243; content_parallax=&#8220;0&#8243; uncode_shortcode_id=&#8220;938131&#8243; row_height_pixel=&#8220;200px&#8220;][vc_column width=&#8220;1\/1&#8243;][\/vc_column][\/vc_row][vc_row row_height_percent=&#8220;0&#8243; override_padding=&#8220;yes&#8220; h_padding=&#8220;2&#8243; [&hellip;]<\/p>\n","protected":false},"author":1,"featured_media":0,"parent":0,"menu_order":0,"comment_status":"closed","ping_status":"closed","template":"","meta":{"footnotes":""},"class_list":["post-1190","page","type-page","status-publish","hentry"],"_links":{"self":[{"href":"https:\/\/nhapupwe.creativeplusplus.com\/de\/wp-json\/wp\/v2\/pages\/1190","targetHints":{"allow":["GET"]}}],"collection":[{"href":"https:\/\/nhapupwe.creativeplusplus.com\/de\/wp-json\/wp\/v2\/pages"}],"about":[{"href":"https:\/\/nhapupwe.creativeplusplus.com\/de\/wp-json\/wp\/v2\/types\/page"}],"author":[{"embeddable":true,"href":"https:\/\/nhapupwe.creativeplusplus.com\/de\/wp-json\/wp\/v2\/users\/1"}],"replies":[{"embeddable":true,"href":"https:\/\/nhapupwe.creativeplusplus.com\/de\/wp-json\/wp\/v2\/comments?post=1190"}],"version-history":[{"count":10,"href":"https:\/\/nhapupwe.creativeplusplus.com\/de\/wp-json\/wp\/v2\/pages\/1190\/revisions"}],"predecessor-version":[{"id":1278,"href":"https:\/\/nhapupwe.creativeplusplus.com\/de\/wp-json\/wp\/v2\/pages\/1190\/revisions\/1278"}],"wp:attachment":[{"href":"https:\/\/nhapupwe.creativeplusplus.com\/de\/wp-json\/wp\/v2\/media?parent=1190"}],"curies":[{"name":"wp","href":"https:\/\/api.w.org\/{rel}","templated":true}]}}