{"id":1183,"date":"2025-05-14T05:01:00","date_gmt":"2025-05-14T05:01:00","guid":{"rendered":"https:\/\/nhapupwe.creativeplusplus.com\/partner\/"},"modified":"2025-09-28T03:50:05","modified_gmt":"2025-09-28T03:50:05","slug":"partner","status":"publish","type":"page","link":"https:\/\/nhapupwe.creativeplusplus.com\/de\/partner\/","title":{"rendered":"Partner"},"content":{"rendered":"<div class=\"wpb-content-wrapper\"><p>[vc_row row_height_percent=&#8220;50&#8243; override_padding=&#8220;yes&#8220; h_padding=&#8220;2&#8243; top_padding=&#8220;5&#8243; bottom_padding=&#8220;5&#8243; back_color=&#8220;green-nhapupwe&#8220; back_image=&#8220;64&#8243; back_repeat=&#8220;no-repeat&#8220; parallax=&#8220;yes&#8220; overlay_alpha=&#8220;0&#8243; overlay_animated=&#8220;yes&#8220; overlay_animated_1_color=&#8220;yellow-nhapupwe&#8220; overlay_animated_2_color=&#8220;green-nhapupwe&#8220; overlay_animated_speed=&#8220;1500&#8243; overlay_animated_size=&#8220;1.2&#8243; gutter_size=&#8220;4&#8243; column_width_percent=&#8220;100&#8243; shift_y=&#8220;0&#8243; z_index=&#8220;0&#8243; bottom_divider=&#8220;step_3_4&#8243; content_parallax=&#8220;0&#8243; uncode_shortcode_id=&#8220;681988&#8243; back_color_type=&#8220;uncode-palette&#8220; overlay_animated_1_color_type=&#8220;uncode-palette&#8220; overlay_animated_2_color_type=&#8220;uncode-palette&#8220; row_height_pixel=&#8220;200px&#8220;][vc_column column_width_percent=&#8220;100&#8243; position_vertical=&#8220;middle&#8220; gutter_size=&#8220;2&#8243; style=&#8220;dark&#8220; overlay_alpha=&#8220;50&#8243; shift_x=&#8220;0&#8243; shift_y=&#8220;0&#8243; shift_y_down=&#8220;0&#8243; z_index=&#8220;0&#8243; medium_width=&#8220;0&#8243; mobile_width=&#8220;0&#8243; width=&#8220;1\/1&#8243; uncode_shortcode_id=&#8220;191081&#8243;][\/vc_column][\/vc_row][vc_row row_height_percent=&#8220;0&#8243; override_padding=&#8220;yes&#8220; h_padding=&#8220;2&#8243; top_padding=&#8220;2&#8243; bottom_padding=&#8220;2&#8243; overlay_alpha=&#8220;0&#8243; gutter_size=&#8220;4&#8243; column_width_percent=&#8220;100&#8243; shift_y=&#8220;0&#8243; z_index=&#8220;0&#8243; bottom_divider=&#8220;step_3_4&#8243; content_parallax=&#8220;0&#8243; uncode_shortcode_id=&#8220;513951&#8243;][vc_column column_width_percent=&#8220;100&#8243; gutter_size=&#8220;2&#8243; overlay_alpha=&#8220;50&#8243; shift_x=&#8220;0&#8243; shift_y=&#8220;0&#8243; shift_y_down=&#8220;0&#8243; z_index=&#8220;0&#8243; medium_width=&#8220;0&#8243; mobile_width=&#8220;0&#8243; width=&#8220;4\/12&#8243; uncode_shortcode_id=&#8220;345108&#8243;][vc_custom_heading heading_semantic=&#8220;h1&#8243; text_size=&#8220;h1&#8243; uncode_shortcode_id=&#8220;469006&#8243;]Unsere Partner[\/vc_custom_heading][vc_separator sep_color=&#8220;color-red-nhapupwe&#8220; icon=&#8220;fa fa-handshake-o&#8220; icon_position=&#8220;left&#8220; uncode_shortcode_id=&#8220;116534&#8243; sep_color_type=&#8220;uncode-palette&#8220;][\/vc_column][vc_column width=&#8220;8\/12&#8243;][vc_custom_heading heading_semantic=&#8220;div&#8220; text_size=&#8220;h3&#8243; text_height=&#8220;line-height-1.5&#8243; uncode_shortcode_id=&#8220;114393&#8243;]Nhap\u00fapw\u00e8 arbeitet mit verschiedenen Partnern zusammen, um seine Wirkung zu verst\u00e4rken und Unterst\u00fctzung f\u00fcr seine Mission zu gewinnen.[\/vc_custom_heading][\/vc_column][\/vc_row][vc_row row_height_percent=&#8220;0&#8243; override_padding=&#8220;yes&#8220; h_padding=&#8220;2&#8243; top_padding=&#8220;3&#8243; bottom_padding=&#8220;3&#8243; overlay_alpha=&#8220;96&#8243; gutter_size=&#8220;4&#8243; column_width_percent=&#8220;100&#8243; shift_y=&#8220;0&#8243; z_index=&#8220;0&#8243; content_parallax=&#8220;0&#8243; uncode_shortcode_id=&#8220;169774&#8243;][vc_column column_width_percent=&#8220;100&#8243; gutter_size=&#8220;2&#8243; back_color=&#8220;color-lxmt&#8220; overlay_alpha=&#8220;50&#8243; radius=&#8220;xl&#8220; shift_x=&#8220;0&#8243; shift_y=&#8220;0&#8243; shift_y_down=&#8220;0&#8243; z_index=&#8220;0&#8243; medium_width=&#8220;0&#8243; mobile_width=&#8220;0&#8243; width=&#8220;1\/1&#8243; uncode_shortcode_id=&#8220;210801&#8243; back_color_type=&#8220;uncode-palette&#8220;][vc_row_inner][vc_column_inner width=&#8220;4\/12&#8243;][vc_single_image media=&#8220;129&#8243; media_width_percent=&#8220;80&#8243; uncode_shortcode_id=&#8220;835376&#8243;][\/vc_column_inner][vc_column_inner column_width_use_pixel=&#8220;yes&#8220; position_horizontal=&#8220;left&#8220; gutter_size=&#8220;2&#8243; overlay_alpha=&#8220;50&#8243; shift_x=&#8220;0&#8243; shift_y=&#8220;0&#8243; shift_y_down=&#8220;0&#8243; z_index=&#8220;0&#8243; medium_width=&#8220;0&#8243; mobile_width=&#8220;0&#8243; width=&#8220;8\/12&#8243; uncode_shortcode_id=&#8220;150440&#8243; column_width_pixel=&#8220;750&#8243;][vc_custom_heading heading_semantic=&#8220;h3&#8243; text_size=&#8220;h3&#8243; uncode_shortcode_id=&#8220;103677&#8243;]Regierung von Mosambik[\/vc_custom_heading][vc_separator sep_color=&#8220;color-uydo&#8220; uncode_shortcode_id=&#8220;972944&#8243; sep_color_type=&#8220;uncode-palette&#8220;][vc_column_text text_lead=&#8220;yes&#8220; uncode_shortcode_id=&#8220;601474&#8243;]Ein besonders wichtiger Partner f\u00fcr Nhap\u00fapw\u00e8 sind die mosambikanischen Bildungsbeh\u00f6rden. Dazu geh\u00f6ren das Ministerium f\u00fcr Gender, Kinder und soziale Angelegenheiten (zust\u00e4ndig f\u00fcr fr\u00fchkindliche Bildung) sowie das Bildungsministerium und deren Vertreter:innen auf Provinz- und Distriktebene.[\/vc_column_text][vc_column_text uncode_shortcode_id=&#8220;120822&#8243;]Bei Nhap\u00fapw\u00e8 ist es unser Ziel, die Arbeit der Regierung zu unterst\u00fctzen \u2013 nicht, parallele Strukturen aufzubauen. So schaffen wir Legitimit\u00e4t und b\u00fcndeln Kr\u00e4fte f\u00fcr mehr Bildungsqualit\u00e4t. In Zusammenarbeit mit den nationalen Lehrerbildungsinstituten konnten bereits viele staatliche Lehrkr\u00e4fte von Nhap\u00fapw\u00e8s Erfahrungen profitieren. Gemeinsam mit dem Ministerium f\u00fcr Gender, Kinder und soziale Angelegenheiten wurden Entscheidungstr\u00e4ger:innen des neuen Vorschulprogramms geschult. Anregungen von Nhap\u00fapw\u00e8 flie\u00dfen in Programme und nationale Richtlinien ein, sodass sie landesweit umgesetzt werden k\u00f6nnen. Viele der heute in der nationalen Erzieherausbildung eingesetzten Module wurden urspr\u00fcnglich von Nhap\u00fapw\u00e8 entwickelt.[\/vc_column_text][\/vc_column_inner][\/vc_row_inner][\/vc_column][\/vc_row][vc_row row_height_percent=&#8220;0&#8243; override_padding=&#8220;yes&#8220; h_padding=&#8220;2&#8243; top_padding=&#8220;0&#8243; bottom_padding=&#8220;3&#8243; overlay_alpha=&#8220;96&#8243; equal_height=&#8220;yes&#8220; gutter_size=&#8220;3&#8243; column_width_percent=&#8220;100&#8243; shift_y=&#8220;0&#8243; z_index=&#8220;0&#8243; content_parallax=&#8220;0&#8243; uncode_shortcode_id=&#8220;157551&#8243;][vc_column column_width_percent=&#8220;100&#8243; gutter_size=&#8220;2&#8243; back_color=&#8220;color-lxmt&#8220; overlay_alpha=&#8220;50&#8243; radius=&#8220;xl&#8220; shift_x=&#8220;0&#8243; shift_y=&#8220;0&#8243; shift_y_down=&#8220;0&#8243; z_index=&#8220;0&#8243; medium_width=&#8220;0&#8243; mobile_width=&#8220;0&#8243; toggle=&#8220;yes&#8220; max_height=&#8220;600px&#8220; closed_txt=&#8220;Read More&#8220; btn_margin=&#8220;std&#8220; btn_margin_open=&#8220;std&#8220; fade=&#8220;sm&#8220; btn_align=&#8220;left&#8220; width=&#8220;1\/2&#8243; uncode_shortcode_id=&#8220;505351&#8243; back_color_type=&#8220;uncode-palette&#8220;][vc_custom_heading heading_semantic=&#8220;h3&#8243; text_size=&#8220;h3&#8243; uncode_shortcode_id=&#8220;146509&#8243;]Multilaterale Organisationen (Unicef, GIZ, USAID, etc.)[\/vc_custom_heading][vc_separator sep_color=&#8220;color-uydo&#8220; uncode_shortcode_id=&#8220;972944&#8243; sep_color_type=&#8220;uncode-palette&#8220;][vc_gallery el_id=&#8220;gallery-690218&#8243; type=&#8220;carousel&#8220; medias=&#8220;648,639,651&#8243; carousel_lg=&#8220;3&#8243; carousel_md=&#8220;3&#8243; carousel_sm=&#8220;3&#8243; gutter_size=&#8220;2&#8243; media_items=&#8220;media|lightbox|original&#8220; carousel_interval=&#8220;3000&#8243; carousel_navspeed=&#8220;400&#8243; stage_padding=&#8220;0&#8243; single_text=&#8220;under&#8220; single_shape=&#8220;round&#8220; radius=&#8220;xl&#8220; single_overlay_opacity=&#8220;1&#8243; single_overlay_anim=&#8220;no&#8220; single_padding=&#8220;2&#8243; single_border=&#8220;yes&#8220; uncode_shortcode_id=&#8220;103926&#8243;][vc_row_inner][vc_column_inner width=&#8220;1\/1&#8243;][vc_column_text uncode_shortcode_id=&#8220;119726&#8243;]<span data-ccp-props=\"{\"201341983\":0,\"335551550\":6,\"335551620\":6,\"335559739\":0,\"335559740\":259}\">In Mosambik sind verschiedene bilaterale und multilaterale Organisationen im Bildungsbereich aktiv. Da Nhap\u00fapw\u00e8 mit den Einnahmen nur die laufenden Kosten der eigenen Vorschule und Grundschule decken kann, ist die Organisation auf Spenden oder Kooperationen mit F\u00f6rderinstitutionen angewiesen. Dank der anerkannten Fachkompetenz und Relevanz von Nhap\u00fapw\u00e8 konnten bereits zahlreiche Projekte mit verschiedenen Partnern erfolgreich umgesetzt werden.  <\/span><\/p>\n<p><span data-ccp-props=\"{\"201341983\":0,\"335551550\":6,\"335551620\":6,\"335559739\":0,\"335559740\":259}\">Von 2009 bis 2016 unterst\u00fctzte die GIZ (Deutsche Gesellschaft f\u00fcr Internationale Zusammenarbeit) Nhap\u00fapw\u00e8 \u00fcber das Centrum f\u00fcr internationale Migration und Entwicklung (CIM) mit einer integrierten Fachkraft. Dadurch wurden die Organisationsentwicklung und der fachliche Austausch gezielt gest\u00e4rkt. <\/span>[\/vc_column_text][vc_column_text uncode_shortcode_id=&#8220;237004&#8243;]<span data-ccp-props=\"{\"201341983\":0,\"335551550\":6,\"335551620\":6,\"335559739\":0,\"335559740\":259}\">Auch die Fortbildung von Lehrkr\u00e4ften und Ausbilder:innen staatlicher Lehrerbildungsinstitute fand in Kooperation mit der GIZ statt. Von 2016 bis 2018 f\u00fchrte Nhap\u00fapw\u00e8 gemeinsam mit UNICEF gro\u00df angelegte Lehrkr\u00e4ftefortbildungen in der Provinz Zamb\u00e9zia im Norden Mosambiks durch \u2013 dabei wurden \u00fcber 1000 Lehrkr\u00e4fte in aktiven Unterrichtsmethoden geschult. USAID finanzierte von 2011 bis 2014 die Entwicklung von Modulen f\u00fcr verschiedene Ausbildungsstufen der nationalen Erzieherbildung. Nhap\u00fapw\u00e8 freut sich, dass seine Erfahrungen und p\u00e4dagogischen Innovationen \u2013 auch ohne gro\u00dfe finanzielle Mittel \u2013 bereits viele Vorschulen und Grundschulen im Land erreicht haben.    <\/span>[\/vc_column_text][\/vc_column_inner][\/vc_row_inner][\/vc_column][vc_column column_width_percent=&#8220;100&#8243; gutter_size=&#8220;2&#8243; back_color=&#8220;color-lxmt&#8220; overlay_alpha=&#8220;50&#8243; radius=&#8220;xl&#8220; shift_x=&#8220;0&#8243; shift_y=&#8220;0&#8243; shift_y_down=&#8220;0&#8243; z_index=&#8220;0&#8243; medium_width=&#8220;0&#8243; mobile_width=&#8220;0&#8243; width=&#8220;1\/2&#8243; uncode_shortcode_id=&#8220;109336&#8243; back_color_type=&#8220;uncode-palette&#8220;][vc_custom_heading heading_semantic=&#8220;h3&#8243; text_size=&#8220;h3&#8243; uncode_shortcode_id=&#8220;661260&#8243;]Nationale Organisationen und Netzwerke[\/vc_custom_heading][vc_separator sep_color=&#8220;color-uydo&#8220; uncode_shortcode_id=&#8220;972944&#8243; sep_color_type=&#8220;uncode-palette&#8220;][vc_column_text uncode_shortcode_id=&#8220;209609&#8243;]Nh\u00e1pupw\u00e8 arbeitet au\u00dferdem mit zahlreichen nationalen und lokalen Organisationen, Netzwerken und Verb\u00e4nden zusammen. So ist Nh\u00e1pupw\u00e8 beispielsweise Gr\u00fcndungsmitglied des Netzwerks f\u00fcr fr\u00fchkindliche Entwicklung (RDPI \/ Rede do Desenvolvimento da Primeira Infancia). Kurz nach der Gr\u00fcndung von Nh\u00e1pupw\u00e8 erkl\u00e4rte die Regierung die fr\u00fchkindliche Bildung zur Priorit\u00e4t \u2013 viele der dann folgenden Entwicklungen wurden von Nh\u00e1pupw\u00e8 begleitet. Durch die aktive Teilnahme an nationalen Foren und Netzwerken k\u00f6nnen Ma\u00dfnahmen besser abgestimmt und koordiniert werden. Der Austausch mit anderen relevanten Akteuren wie Wona Sanana, PATH International und Childfund f\u00f6rdert das Teilen von Erfahrungen und Best Practices. Derzeit gr\u00fcndet eine Elterngruppe einen Verein zur F\u00f6rderung der Inklusion von Kindern mit Beeintr\u00e4chtigungen in Inhambane, in engem Austausch mit Nh\u00e1pupw\u00e8. Dies erleichtert die Erkennung von Kindern mit besonderen Bed\u00fcrfnissen und erm\u00f6glicht es Schulen, gezielte Fortbildungen anzubieten.[\/vc_column_text][\/vc_column][\/vc_row][vc_row row_height_percent=&#8220;0&#8243; override_padding=&#8220;yes&#8220; h_padding=&#8220;2&#8243; top_padding=&#8220;0&#8243; bottom_padding=&#8220;3&#8243; overlay_alpha=&#8220;96&#8243; gutter_size=&#8220;4&#8243; column_width_percent=&#8220;100&#8243; shift_y=&#8220;0&#8243; z_index=&#8220;0&#8243; content_parallax=&#8220;0&#8243; uncode_shortcode_id=&#8220;117318&#8243;][vc_column column_width_percent=&#8220;100&#8243; gutter_size=&#8220;2&#8243; back_color=&#8220;color-lxmt&#8220; overlay_alpha=&#8220;50&#8243; radius=&#8220;xl&#8220; shift_x=&#8220;0&#8243; shift_y=&#8220;0&#8243; shift_y_down=&#8220;0&#8243; z_index=&#8220;0&#8243; medium_width=&#8220;0&#8243; mobile_width=&#8220;0&#8243; width=&#8220;1\/1&#8243; uncode_shortcode_id=&#8220;184076&#8243; back_color_type=&#8220;uncode-palette&#8220;][vc_row_inner][vc_column_inner column_width_percent=&#8220;100&#8243; gutter_size=&#8220;2&#8243; overlay_alpha=&#8220;50&#8243; shift_x=&#8220;0&#8243; shift_y=&#8220;0&#8243; shift_y_down=&#8220;0&#8243; z_index=&#8220;0&#8243; medium_width=&#8220;0&#8243; mobile_width=&#8220;0&#8243; width=&#8220;1\/2&#8243; uncode_shortcode_id=&#8220;206554&#8243;][vc_custom_heading heading_semantic=&#8220;h3&#8243; text_size=&#8220;h3&#8243; uncode_shortcode_id=&#8220;143142&#8243;]F\u00f6rderverein Nhap\u00fapw\u00e8[\/vc_custom_heading][vc_separator sep_color=&#8220;color-uydo&#8220; uncode_shortcode_id=&#8220;972944&#8243; sep_color_type=&#8220;uncode-palette&#8220;][vc_column_text uncode_shortcode_id=&#8220;553065&#8243;]Der F\u00f6rderverein Nhap\u00fapw\u00e8 mit Sitz in Deutschland wurde 2011 gegr\u00fcndet, mit dem Ziel, die Arbeit von Nhap\u00fapw\u00e8 zu unterst\u00fctzen und damit die Qualit\u00e4t der Grundbildung in Mosambik zu f\u00f6rdern. Kindzentrierte, inklusive Lehr- und Lernmethoden sollen m\u00f6glichst vielen Kindern, Lehrkr\u00e4ften und P\u00e4dagog:innen zug\u00e4nglich gemacht werden.<br \/>Der Vorsitzende des F\u00f6rdervereins, Tobias Krause, war 2008 der erste Weltw\u00e4rts-Freiwillige und arbeitete ein Jahr lang bei Nhap\u00fapw\u00e8 in Inhambane. Als Sonderp\u00e4dagoge bringt er bis heute wertvolle Impulse in die Bildungsarbeit und Fortbildungen von Nhap\u00fapw\u00e8 ein.<br \/>Auch die weiteren Vorstandsmitglieder, Jenny Echelmeyer und Gudrun Gro\u00dfe Ruse, haben Nhap\u00fapw\u00e8s Arbeit bei privaten Besuchen vor Ort kennengelernt.    <\/p>\n<p>Spenden an den F\u00f6rderverein werden direkt an Nhap\u00fapw\u00e8 in Inhambane weitergeleitet. Am Jahresende erhalten alle Spender:innen eine steuerlich absetzbare Spendenbescheinigung. Halbjahresberichte geben den Mitgliedern des F\u00f6rdervereins Einblick in die Entwicklungen von Nhap\u00fapw\u00e8 und zeigen, welche Projekte mit den Spenden unterst\u00fctzt wurden.[\/vc_column_text][\/vc_column_inner][vc_column_inner column_width_percent=&#8220;100&#8243; gutter_size=&#8220;3&#8243; back_color=&#8220;color-xsdn&#8220; overlay_alpha=&#8220;50&#8243; radius=&#8220;xl&#8220; shift_x=&#8220;0&#8243; shift_y=&#8220;0&#8243; shift_y_down=&#8220;0&#8243; z_index=&#8220;0&#8243; medium_width=&#8220;0&#8243; mobile_width=&#8220;0&#8243; parallax_intensity=&#8220;2&#8243; width=&#8220;1\/2&#8243; uncode_shortcode_id=&#8220;619991&#8243; back_color_type=&#8220;uncode-palette&#8220;][vc_custom_heading heading_semantic=&#8220;h4&#8243; text_size=&#8220;h4&#8243; uncode_shortcode_id=&#8220;130459&#8243;]Vorstand des F\u00f6rdervereins[\/vc_custom_heading][uncode_index el_id=&#8220;index-229650&#8243; index_type=&#8220;carousel&#8220; loop=&#8220;size:10|order_by:menu_order|order:ASC|post_type:teams|tax_query:40|taxonomy_count:10&#8243; carousel_lg=&#8220;3&#8243; carousel_md=&#8220;3&#8243; carousel_sm=&#8220;1&#8243; gutter_size=&#8220;2&#8243; teams_items=&#8220;media|featured|nolink|original,title&#8220; carousel_interval=&#8220;3000&#8243; carousel_navspeed=&#8220;400&#8243; carousel_dots_mobile=&#8220;yes&#8220; stage_padding=&#8220;0&#8243; single_shape=&#8220;round&#8220; radius=&#8220;std&#8220; single_overlay_opacity=&#8220;50&#8243; single_image_coloration=&#8220;desaturated&#8220; single_padding=&#8220;1&#8243; single_title_semantic=&#8220;div&#8220; single_title_family=&#8220;font-555555&#8243; uncode_shortcode_id=&#8220;565762&#8243;][vc_column_text uncode_shortcode_id=&#8220;171310&#8243;]Der gesamte Vorstand des F\u00f6rdervereins arbeitet ehrenamtlich, wodurch keine Verwaltungskosten entstehen. Abgesehen von minimalen Ausgaben f\u00fcr z.\u202fB. die j\u00e4hrliche Weihnachtskarte oder Bankgeb\u00fchren kommen alle Spenden vollst\u00e4ndig der Arbeit von Nhap\u00fapw\u00e8 in Mosambik zugute.[\/vc_column_text][\/vc_column_inner][\/vc_row_inner][\/vc_column][\/vc_row][vc_row row_height_percent=&#8220;0&#8243; override_padding=&#8220;yes&#8220; h_padding=&#8220;2&#8243; top_padding=&#8220;0&#8243; bottom_padding=&#8220;3&#8243; overlay_alpha=&#8220;96&#8243; equal_height=&#8220;yes&#8220; gutter_size=&#8220;3&#8243; column_width_percent=&#8220;100&#8243; shift_y=&#8220;0&#8243; z_index=&#8220;0&#8243; content_parallax=&#8220;0&#8243; uncode_shortcode_id=&#8220;103043&#8243;][vc_column column_width_percent=&#8220;100&#8243; gutter_size=&#8220;2&#8243; back_color=&#8220;color-lxmt&#8220; overlay_alpha=&#8220;50&#8243; radius=&#8220;xl&#8220; shift_x=&#8220;0&#8243; shift_y=&#8220;0&#8243; shift_y_down=&#8220;0&#8243; z_index=&#8220;0&#8243; medium_width=&#8220;0&#8243; mobile_width=&#8220;0&#8243; width=&#8220;1\/2&#8243; uncode_shortcode_id=&#8220;159342&#8243; back_color_type=&#8220;uncode-palette&#8220;][vc_custom_heading heading_semantic=&#8220;h3&#8243; text_size=&#8220;h3&#8243; uncode_shortcode_id=&#8220;139052&#8243;]Programm Weltw\u00e4rts, BMZ Welthaus Bielefeld[\/vc_custom_heading][vc_separator sep_color=&#8220;color-uydo&#8220; uncode_shortcode_id=&#8220;972944&#8243; sep_color_type=&#8220;uncode-palette&#8220;][vc_single_image media=&#8220;654&#8243; media_width_percent=&#8220;50&#8243; media_ratio=&#8220;four-three&#8220; shape=&#8220;img-round&#8220; radius=&#8220;lg&#8220; uncode_shortcode_id=&#8220;977497&#8243;][vc_column_text uncode_shortcode_id=&#8220;795188&#8243;]Seit Beginn des Weltw\u00e4rts-Programms, das seit 2008 vom Bundesministerium f\u00fcr wirtschaftliche Zusammenarbeit und Entwicklung (BMZ) gef\u00f6rdert wird, empf\u00e4ngt Nh\u00e1pupw\u00e8 Freiwillige aus Deutschland. Das Programm soll jungen Menschen nach dem Schulabschluss die M\u00f6glichkeit geben, ein Jahr lang in eine andere Kultur einzutauchen und sich vor Ort zu engagieren. Die Weltw\u00e4rts-Freiwilligen bei Nh\u00e1pupw\u00e8 arbeiten im Vorschul- und Grundschulbereich, unterst\u00fctzen den Englischunterricht sowie die Herstellung von didaktischem Material. Ihre unterschiedlichen Erfahrungen und Perspektiven bereichern das vielf\u00e4ltige Nh\u00e1pupw\u00e8-Team. Nicht selten entstehen dadurch neue Ideen. In Deutschland wird das Programm von verschiedenen Tr\u00e4gern organisiert. Das Welthaus Bielefeld entsendet Freiwillige nach Mosambik und ins s\u00fcdliche Afrika; interessierte Personen k\u00f6nnen sich direkt an diese Organisation wenden.[\/vc_column_text][\/vc_column][vc_column column_width_percent=&#8220;100&#8243; gutter_size=&#8220;2&#8243; back_color=&#8220;color-lxmt&#8220; overlay_alpha=&#8220;50&#8243; radius=&#8220;xl&#8220; shift_x=&#8220;0&#8243; shift_y=&#8220;0&#8243; shift_y_down=&#8220;0&#8243; z_index=&#8220;0&#8243; medium_width=&#8220;0&#8243; mobile_width=&#8220;0&#8243; width=&#8220;1\/2&#8243; uncode_shortcode_id=&#8220;124347&#8243; back_color_type=&#8220;uncode-palette&#8220;][vc_custom_heading heading_semantic=&#8220;h3&#8243; text_size=&#8220;h3&#8243; uncode_shortcode_id=&#8220;978282&#8243;]mobilezone Deutschland[\/vc_custom_heading][vc_separator sep_color=&#8220;color-uydo&#8220; uncode_shortcode_id=&#8220;972944&#8243; sep_color_type=&#8220;uncode-palette&#8220;][vc_single_image media=&#8220;642&#8243; media_width_percent=&#8220;50&#8243; media_ratio=&#8220;four-three&#8220; shape=&#8220;img-round&#8220; radius=&#8220;lg&#8220; uncode_shortcode_id=&#8220;126855&#8243;][vc_column_text uncode_shortcode_id=&#8220;187785&#8243;]Im Jahr 2012 hatte Nhap\u00fapw\u00e8 das Gl\u00fcck, mobilezone (damals noch unter dem Namen sparhandy, dann powwow) kennenzulernen. Seither unterst\u00fctzt mobilezone die Arbeit von Nhap\u00fapw\u00e8 mit regelm\u00e4\u00dfigen Spenden und fachlicher Begleitung. Der Aufbau der eigenen Infrastruktur von Nhap\u00fapw\u00e8 \u2013 bestehend aus einer Vorschule, einer Grundschule, einer Bibliothek, zwei Schulbussen, barrierefreien Wegen und guten sanit\u00e4ren Anlagen \u2013 wurde ma\u00dfgeblich durch mobilezone finanziert. Dadurch konnte die Zahl der betreuten Kinder von 45 auf \u00fcber 350 erh\u00f6ht werden. Die hochwertige Infrastruktur trug au\u00dferdem dazu bei, dass Nhap\u00fapw\u00e8 in Mosambik st\u00e4rker von Regierung und Organisationen wahrgenommen wurde und dadurch gro\u00dfe Kooperationsprojekte realisiert werden konnten. Im Rahmen des Projekts Butterfly unterst\u00fctzt mobilezone Nhap\u00fapw\u00e8 zudem mit fachlichem Know-how in den Bereichen Marketing, Design, Au\u00dfendarstellung und Fundraising. So hat mobilezone beispielsweise das Logo und die neue Website organisiert. Auch besuchen Mitarbeitende von mobilezone Nhap\u00fapw\u00e8 regelm\u00e4\u00dfig, um sich vor Ort ein Bild von der Arbeit zu machen und im Rahmen von Freiwilligeneins\u00e4tzen gezielt und bedarfsorientiert zu unterst\u00fctzen.[\/vc_column_text][\/vc_column][\/vc_row]<\/p>\n<\/div>","protected":false},"excerpt":{"rendered":"<p>[vc_row row_height_percent=&#8220;50&#8243; override_padding=&#8220;yes&#8220; h_padding=&#8220;2&#8243; top_padding=&#8220;5&#8243; bottom_padding=&#8220;5&#8243; back_color=&#8220;green-nhapupwe&#8220; back_image=&#8220;64&#8243; back_repeat=&#8220;no-repeat&#8220; parallax=&#8220;yes&#8220; overlay_alpha=&#8220;0&#8243; overlay_animated=&#8220;yes&#8220; overlay_animated_1_color=&#8220;yellow-nhapupwe&#8220; overlay_animated_2_color=&#8220;green-nhapupwe&#8220; overlay_animated_speed=&#8220;1500&#8243; overlay_animated_size=&#8220;1.2&#8243; gutter_size=&#8220;4&#8243; column_width_percent=&#8220;100&#8243; shift_y=&#8220;0&#8243; z_index=&#8220;0&#8243; [&hellip;]<\/p>\n","protected":false},"author":1,"featured_media":0,"parent":0,"menu_order":0,"comment_status":"closed","ping_status":"closed","template":"","meta":{"footnotes":""},"class_list":["post-1183","page","type-page","status-publish","hentry"],"_links":{"self":[{"href":"https:\/\/nhapupwe.creativeplusplus.com\/de\/wp-json\/wp\/v2\/pages\/1183","targetHints":{"allow":["GET"]}}],"collection":[{"href":"https:\/\/nhapupwe.creativeplusplus.com\/de\/wp-json\/wp\/v2\/pages"}],"about":[{"href":"https:\/\/nhapupwe.creativeplusplus.com\/de\/wp-json\/wp\/v2\/types\/page"}],"author":[{"embeddable":true,"href":"https:\/\/nhapupwe.creativeplusplus.com\/de\/wp-json\/wp\/v2\/users\/1"}],"replies":[{"embeddable":true,"href":"https:\/\/nhapupwe.creativeplusplus.com\/de\/wp-json\/wp\/v2\/comments?post=1183"}],"version-history":[{"count":10,"href":"https:\/\/nhapupwe.creativeplusplus.com\/de\/wp-json\/wp\/v2\/pages\/1183\/revisions"}],"predecessor-version":[{"id":1420,"href":"https:\/\/nhapupwe.creativeplusplus.com\/de\/wp-json\/wp\/v2\/pages\/1183\/revisions\/1420"}],"wp:attachment":[{"href":"https:\/\/nhapupwe.creativeplusplus.com\/de\/wp-json\/wp\/v2\/media?parent=1183"}],"curies":[{"name":"wp","href":"https:\/\/api.w.org\/{rel}","templated":true}]}}